{"id":1151,"date":"2023-08-10T15:28:45","date_gmt":"2023-08-10T18:28:45","guid":{"rendered":"https:\/\/www.cafosa.com\/?page_id=1151"},"modified":"2023-09-18T10:32:43","modified_gmt":"2023-09-18T13:32:43","slug":"confiteria","status":"publish","type":"page","link":"https:\/\/www.cafosa.com\/es\/confiteria\/","title":{"rendered":"Confiter\u00eda"},"content":{"rendered":"\n<div style=\"background-color:#fce6f3\" class=\"wp-block-genesis-blocks-gb-container p-0 container-banner gb-block-container\"><div class=\"gb-container-inside\"><div class=\"gb-container-content\">\n<div class=\"wp-block-columns is-layout-flex wp-container-core-columns-is-layout-9d6595d7 wp-block-columns-is-layout-flex\">\n<div class=\"wp-block-column is-layout-flow wp-block-column-is-layout-flow\">\n<figure class=\"wp-block-image size-large\"><img loading=\"lazy\" decoding=\"async\" width=\"1024\" height=\"407\" src=\"https:\/\/www.cafosa.com\/wp-content\/uploads\/2023\/08\/flujo-2-3-1024x407.webp\" alt=\"Confectionary image\" class=\"wp-image-1006\" style=\"object-fit:cover\" srcset=\"https:\/\/www.cafosa.com\/wp-content\/uploads\/2023\/08\/flujo-2-3-1024x407.webp 1024w, https:\/\/www.cafosa.com\/wp-content\/uploads\/2023\/08\/flujo-2-3-300x119.webp 300w, https:\/\/www.cafosa.com\/wp-content\/uploads\/2023\/08\/flujo-2-3-768x305.webp 768w, https:\/\/www.cafosa.com\/wp-content\/uploads\/2023\/08\/flujo-2-3-1536x611.webp 1536w, https:\/\/www.cafosa.com\/wp-content\/uploads\/2023\/08\/flujo-2-3.webp 1750w\" sizes=\"auto, (max-width: 1024px) 100vw, 1024px\" \/><\/figure>\n<\/div>\n\n\n\n<div class=\"wp-block-column is-vertically-aligned-center is-layout-flow wp-block-column-is-layout-flow\"><style>@media only screen and (max-width: 1200px) {.gb-69d98d680f490{font-size: 40px!important;}}@media only screen and (max-width: 600px) {.gb-69d98d680f490{font-size: 40px!important;}}<\/style>\n<h1 class=\"gb-69d98d680f490 wp-block-heading has-text-align-center\" style=\"font-size:60px\">Confiter\u00eda<\/h1>\n<\/div>\n<\/div>\n<\/div><\/div><\/div>\n\n\n\n<div style=\"padding-left:2%;padding-right:2%;padding-bottom:4%;padding-top:5%\" class=\"wp-block-genesis-blocks-gb-container gb-block-container\"><div class=\"gb-container-inside\"><div class=\"gb-container-content\" style=\"max-width:1200px\"><style>@media only screen and (max-width: 1200px) {.gb-69d98d68136cb{font-size: 30px!important;}}@media only screen and (max-width: 600px) {.gb-69d98d68136cb{font-size: 25px!important;}}<\/style>\n<h2 class=\"gb-69d98d68136cb wp-block-heading has-text-align-center mb-20\" style=\"font-size:40px\">Impulsando juntos el mundo del chicle<\/h2>\n\n\n\n<p class=\"has-text-align-center narrow-light mb-0\" style=\"font-size:18px\">Escoger la goma base m\u00e1s adecuada es cr\u00edtico para el \u00e9xito de tu producto. Es el <strong>ingrediente clave<\/strong> que determina la <strong>textura, la elasticidad, la formaci\u00f3n del globo y la retenci\u00f3n del aroma.<\/strong><\/p>\n\n\n\n<p class=\"has-text-align-center narrow-light mb-0\" style=\"font-size:18px\">Existen muchos tipos diferentes de gomas base. Cafosa tiene alrededor de <strong>100 gomas base diferentes<\/strong> en su portafolio y cada una tiene sus caracter\u00edsticas y particularidades.<\/p>\n\n\n\n<div class=\"wp-block-columns mt-60 is-layout-flex wp-container-core-columns-is-layout-9d6595d7 wp-block-columns-is-layout-flex\">\n<div class=\"wp-block-column rounded-blocks has-background is-layout-flow wp-block-column-is-layout-flow\" style=\"background-color:#e00084\">\n<div class=\"wp-block-columns is-layout-flex wp-container-core-columns-is-layout-9d6595d7 wp-block-columns-is-layout-flex\">\n<div class=\"wp-block-column column-left is-layout-flow wp-block-column-is-layout-flow\">\n<figure class=\"wp-block-image size-full chewing-gum\"><img loading=\"lazy\" decoding=\"async\" width=\"700\" height=\"595\" src=\"https:\/\/www.cafosa.com\/wp-content\/uploads\/2023\/08\/Chica_-chicle_tira-copy.webp\" alt=\"Confectionary image\" class=\"wp-image-884\" srcset=\"https:\/\/www.cafosa.com\/wp-content\/uploads\/2023\/08\/Chica_-chicle_tira-copy.webp 700w, https:\/\/www.cafosa.com\/wp-content\/uploads\/2023\/08\/Chica_-chicle_tira-copy-300x255.webp 300w\" sizes=\"auto, (max-width: 700px) 100vw, 700px\" \/><\/figure>\n<\/div>\n\n\n\n<div class=\"wp-block-column is-layout-flow wp-block-column-is-layout-flow\">\n<h3 class=\"wp-block-heading has-white-color has-text-color\">Chicle tradicional<\/h3>\n\n\n\n<p class=\"rounded mb-0 has-white-color has-text-color\">Existen m\u00faltiples formatos atractivos para complacer adolescentes y adultos en el mundo del chicle.\u00a0 Este segmento representa el 90% del mercado del chicle.<\/p>\n\n\n\n<p class=\"rounded mb-0 has-white-color has-text-color\">Ya sea por una necesidad de frescor, la preocupaci\u00f3n por el cuidado oral o simplemente el disfrute y la diversi\u00f3n, trabajamos con nuestros clientes para ofrecer a los consumidores la mejor experiencia de mascado.<\/p>\n<\/div>\n<\/div>\n<\/div>\n<\/div>\n\n\n\n<div class=\"wp-block-columns mt-40 p-0-80 mt-0-mobile is-layout-flex wp-container-core-columns-is-layout-9d6595d7 wp-block-columns-is-layout-flex\">\n<div class=\"wp-block-column is-layout-flow wp-block-column-is-layout-flow\"><\/div>\n\n\n\n<div class=\"wp-block-column column-with-figcaption-narrow-bold is-layout-flow wp-block-column-is-layout-flow\">\n<div class=\"wp-block-columns is-not-stacked-on-mobile is-layout-flex wp-container-core-columns-is-layout-9d6595d7 wp-block-columns-is-layout-flex\">\n<div class=\"wp-block-column is-layout-flow wp-block-column-is-layout-flow\"><div class=\"wp-block-image\">\n<figure class=\"aligncenter size-full is-resized\"><img loading=\"lazy\" decoding=\"async\" src=\"https:\/\/www.cafosa.com\/wp-content\/uploads\/2023\/08\/Grupo-329-2.webp\" alt=\"Filled dragee\" class=\"wp-image-794\" style=\"object-fit:contain;width:100px;height:100px\" width=\"100\" height=\"100\"\/><figcaption class=\"wp-element-caption\">Grageas rellenas<\/figcaption><\/figure>\n<\/div><\/div>\n\n\n\n<div class=\"wp-block-column is-layout-flow wp-block-column-is-layout-flow\"><div class=\"wp-block-image\">\n<figure class=\"aligncenter size-full is-resized\"><img loading=\"lazy\" decoding=\"async\" src=\"https:\/\/www.cafosa.com\/wp-content\/uploads\/2023\/08\/Grupo-329-3.webp\" alt=\"Dragee\" class=\"wp-image-798\" style=\"object-fit:contain;width:100px;height:100px\" width=\"100\" height=\"100\"\/><figcaption class=\"wp-element-caption\">Grageas<\/figcaption><\/figure>\n<\/div><\/div>\n\n\n\n<div class=\"wp-block-column is-layout-flow wp-block-column-is-layout-flow\"><div class=\"wp-block-image\">\n<figure class=\"aligncenter size-full is-resized\"><img loading=\"lazy\" decoding=\"async\" src=\"https:\/\/www.cafosa.com\/wp-content\/uploads\/2023\/08\/Grupo-329-4.webp\" alt=\"Sticks\" class=\"wp-image-802\" style=\"object-fit:contain;width:100px;height:100px\" width=\"100\" height=\"100\"\/><figcaption class=\"wp-element-caption\">L\u00e1minas<\/figcaption><\/figure>\n<\/div><\/div>\n\n\n\n<div class=\"wp-block-column is-layout-flow wp-block-column-is-layout-flow\"><div class=\"wp-block-image\">\n<figure class=\"aligncenter size-full is-resized\"><img loading=\"lazy\" decoding=\"async\" src=\"https:\/\/www.cafosa.com\/wp-content\/uploads\/2023\/08\/Grupo-329-5.webp\" alt=\"Tabs\" class=\"wp-image-806\" style=\"object-fit:contain;width:100px;height:100px\" width=\"100\" height=\"100\"\/><figcaption class=\"wp-element-caption\">Tabs<\/figcaption><\/figure>\n<\/div><\/div>\n<\/div>\n\n\n\n<div class=\"wp-block-columns is-not-stacked-on-mobile mt-40 is-layout-flex wp-container-core-columns-is-layout-9d6595d7 wp-block-columns-is-layout-flex\">\n<div class=\"wp-block-column is-layout-flow wp-block-column-is-layout-flow\"><div class=\"wp-block-image\">\n<figure class=\"aligncenter size-full is-resized\"><img loading=\"lazy\" decoding=\"async\" src=\"https:\/\/www.cafosa.com\/wp-content\/uploads\/2023\/08\/Grupo-329-7.webp\" alt=\"Compressed Filled dragee Tabs\" class=\"wp-image-809\" style=\"object-fit:contain;width:100px;height:100px\" width=\"100\" height=\"100\"\/><figcaption class=\"wp-element-caption\">Comprimidos<\/figcaption><\/figure>\n<\/div><\/div>\n\n\n\n<div class=\"wp-block-column is-layout-flow wp-block-column-is-layout-flow\"><div class=\"wp-block-image\">\n<figure class=\"aligncenter size-full is-resized\"><img loading=\"lazy\" decoding=\"async\" src=\"https:\/\/www.cafosa.com\/wp-content\/uploads\/2023\/09\/atsapp-image-2023-09-08-at-18-11-57.webp\" alt=\"Stamping\" class=\"wp-image-1098\" style=\"object-fit:contain;width:100px;height:100px\" width=\"100\" height=\"100\"\/><figcaption class=\"wp-element-caption\">Stamping<\/figcaption><\/figure>\n<\/div><\/div>\n\n\n\n<div class=\"wp-block-column is-layout-flow wp-block-column-is-layout-flow\"><div class=\"wp-block-image\">\n<figure class=\"aligncenter size-full is-resized\"><img loading=\"lazy\" decoding=\"async\" src=\"https:\/\/www.cafosa.com\/wp-content\/uploads\/2023\/08\/Grupo-329-8-1.webp\" alt=\"Cubes\" class=\"wp-image-820\" style=\"object-fit:contain;width:100px;height:100px\" width=\"100\" height=\"100\"\/><figcaption class=\"wp-element-caption\">Cubes<\/figcaption><\/figure>\n<\/div><\/div>\n\n\n\n<div class=\"wp-block-column is-layout-flow wp-block-column-is-layout-flow\"><\/div>\n<\/div>\n<\/div>\n<\/div>\n\n\n\n<div class=\"wp-block-columns mt-60 is-layout-flex wp-container-core-columns-is-layout-9d6595d7 wp-block-columns-is-layout-flex\">\n<div class=\"wp-block-column rounded-blocks has-background is-layout-flow wp-block-column-is-layout-flow\" style=\"background-color:#e00484\">\n<div class=\"wp-block-columns is-layout-flex wp-container-core-columns-is-layout-9d6595d7 wp-block-columns-is-layout-flex\">\n<div class=\"wp-block-column is-layout-flow wp-block-column-is-layout-flow\">\n<h3 class=\"wp-block-heading has-white-color has-text-color\">Chicle globo<\/h3>\n\n\n\n<p class=\"rounded mb-0 has-white-color has-text-color\">El caballo ganador del sabor y la diversi\u00f3n y la opci\u00f3n preferida de los ni\u00f1os. En Cafosa creemos que, cada vez que se masca un chicle globo, se est\u00e1 formando un futuro consumidor de chicles.<\/p>\n<\/div>\n\n\n\n<div class=\"wp-block-column column-right is-layout-flow wp-block-column-is-layout-flow\">\n<figure class=\"wp-block-image size-full bubble-gum\"><img loading=\"lazy\" decoding=\"async\" width=\"700\" height=\"595\" src=\"https:\/\/www.cafosa.com\/wp-content\/uploads\/2023\/08\/cartel-chico_globo-copy.webp\" alt=\"\" class=\"wp-image-890\" srcset=\"https:\/\/www.cafosa.com\/wp-content\/uploads\/2023\/08\/cartel-chico_globo-copy.webp 700w, https:\/\/www.cafosa.com\/wp-content\/uploads\/2023\/08\/cartel-chico_globo-copy-300x255.webp 300w\" sizes=\"auto, (max-width: 700px) 100vw, 700px\" \/><\/figure>\n<\/div>\n<\/div>\n<\/div>\n<\/div>\n\n\n\n<div class=\"wp-block-columns mt-40 p-0-80 is-layout-flex wp-container-core-columns-is-layout-9d6595d7 wp-block-columns-is-layout-flex\">\n<div class=\"wp-block-column column-with-figcaption-narrow-bold is-layout-flow wp-block-column-is-layout-flow\">\n<div class=\"wp-block-columns is-not-stacked-on-mobile is-layout-flex wp-container-core-columns-is-layout-9d6595d7 wp-block-columns-is-layout-flex\">\n<div class=\"wp-block-column is-layout-flow wp-block-column-is-layout-flow\"><div class=\"wp-block-image\">\n<figure class=\"aligncenter size-full is-resized\"><img loading=\"lazy\" decoding=\"async\" src=\"https:\/\/www.cafosa.com\/wp-content\/uploads\/2023\/08\/grupo-2184.webp\" alt=\"balls\" class=\"wp-image-896\" style=\"object-fit:contain;width:100px;height:100px\" width=\"100\" height=\"100\"\/><figcaption class=\"wp-element-caption\">Bolas<\/figcaption><\/figure>\n<\/div><\/div>\n\n\n\n<div class=\"wp-block-column is-layout-flow wp-block-column-is-layout-flow\"><div class=\"wp-block-image\">\n<figure class=\"aligncenter size-full is-resized\"><img loading=\"lazy\" decoding=\"async\" src=\"https:\/\/www.cafosa.com\/wp-content\/uploads\/2023\/08\/grupo-329-9.webp\" alt=\"\" class=\"wp-image-900\" style=\"object-fit:contain;width:100px;height:100px\" width=\"100\" height=\"100\"\/><figcaption class=\"wp-element-caption\">Piezas cuadradas<\/figcaption><\/figure>\n<\/div><\/div>\n\n\n\n<div class=\"wp-block-column is-layout-flow wp-block-column-is-layout-flow\"><div class=\"wp-block-image\">\n<figure class=\"aligncenter size-full is-resized\"><img loading=\"lazy\" decoding=\"async\" src=\"https:\/\/www.cafosa.com\/wp-content\/uploads\/2023\/08\/grupo-329-10.webp\" alt=\"\" class=\"wp-image-904\" style=\"object-fit:contain;width:100px;height:100px\" width=\"100\" height=\"100\"\/><figcaption class=\"wp-element-caption\">Rollos<\/figcaption><\/figure>\n<\/div><\/div>\n\n\n\n<div class=\"wp-block-column column-with-figcaption-narrow-bold is-layout-flow wp-block-column-is-layout-flow\"><div class=\"wp-block-image\">\n<figure class=\"aligncenter size-full is-resized\"><img loading=\"lazy\" decoding=\"async\" src=\"https:\/\/www.cafosa.com\/wp-content\/uploads\/2023\/08\/grupo-329-11.webp\" alt=\"\" class=\"wp-image-907\" style=\"object-fit:contain;width:100px;height:100px\" width=\"100\" height=\"100\"\/><figcaption class=\"wp-element-caption\">Espagueti<\/figcaption><\/figure>\n<\/div><\/div>\n<\/div>\n\n\n\n<div class=\"wp-block-columns is-not-stacked-on-mobile mt-40 is-layout-flex wp-container-core-columns-is-layout-9d6595d7 wp-block-columns-is-layout-flex\">\n<div class=\"wp-block-column is-layout-flow wp-block-column-is-layout-flow\"><div class=\"wp-block-image\">\n<figure class=\"aligncenter size-full is-resized\"><img loading=\"lazy\" decoding=\"async\" src=\"https:\/\/www.cafosa.com\/wp-content\/uploads\/2023\/08\/grupo-329-12.webp\" alt=\"\" class=\"wp-image-910\" style=\"object-fit:contain;width:100px;height:100px\" width=\"100\" height=\"100\"\/><figcaption class=\"wp-element-caption\">En polvo<\/figcaption><\/figure>\n<\/div><\/div>\n\n\n\n<div class=\"wp-block-column is-layout-flow wp-block-column-is-layout-flow\"><div class=\"wp-block-image\">\n<figure class=\"aligncenter size-full is-resized\"><img loading=\"lazy\" decoding=\"async\" src=\"https:\/\/www.cafosa.com\/wp-content\/uploads\/2023\/08\/grupo-329-13.webp\" alt=\"\" class=\"wp-image-913\" style=\"object-fit:contain;width:100px;height:100px\" width=\"100\" height=\"100\"\/><figcaption class=\"wp-element-caption\">Piruletas rellenas<\/figcaption><\/figure>\n<\/div><\/div>\n\n\n\n<div class=\"wp-block-column is-layout-flow wp-block-column-is-layout-flow\"><div class=\"wp-block-image\">\n<figure class=\"aligncenter size-full is-resized\"><img loading=\"lazy\" decoding=\"async\" src=\"https:\/\/www.cafosa.com\/wp-content\/uploads\/2023\/08\/grupo-329-14.webp\" alt=\"\" class=\"wp-image-916\" style=\"object-fit:contain;width:100px;height:100px\" width=\"100\" height=\"100\"\/><figcaption class=\"wp-element-caption\">Con relleno<\/figcaption><\/figure>\n<\/div><\/div>\n\n\n\n<div class=\"wp-block-column is-layout-flow wp-block-column-is-layout-flow\"><div class=\"wp-block-image\">\n<figure class=\"aligncenter size-full is-resized\"><img loading=\"lazy\" decoding=\"async\" src=\"https:\/\/www.cafosa.com\/wp-content\/uploads\/2023\/08\/Grupo-329.png\" alt=\"\" class=\"wp-image-919\" style=\"object-fit:contain;width:100px;height:100px\" width=\"100\" height=\"100\"\/><figcaption class=\"wp-element-caption\">Tubitos<\/figcaption><\/figure>\n<\/div><\/div>\n<\/div>\n<\/div>\n\n\n\n<div class=\"wp-block-column is-layout-flow wp-block-column-is-layout-flow\"><\/div>\n<\/div>\n<\/div><\/div><\/div>\n\n\n\n<div style=\"background-color:#f2f9f9;padding-left:2%;padding-right:2%;padding-bottom:4%;padding-top:4%\" class=\"wp-block-genesis-blocks-gb-container gb-block-container\"><div class=\"gb-container-inside\"><div class=\"gb-container-content\"><style>@media only screen and (max-width: 1200px) {.gb-69d98d68196f6{font-size: 30px!important;}}@media only screen and (max-width: 600px) {.gb-69d98d68196f6{font-size: 25px!important;}}<\/style>\n<h2 class=\"gb-69d98d68196f6 wp-block-heading has-text-align-center\" style=\"font-size:40px\">Encuentre la base de goma adecuada para usted<\/h2>\n\n\n\n<div class=\"wp-block-buttons is-content-justification-center is-layout-flex wp-container-core-buttons-is-layout-16018d1d wp-block-buttons-is-layout-flex\">\n<div class=\"wp-block-button has-custom-font-size btn-primary has-small-font-size\"><a class=\"wp-block-button__link has-background wp-element-button\" href=\"\/es\/contacto\" style=\"background-color:#128a3a\">Contacto<\/a><\/div>\n<\/div>\n<\/div><\/div><\/div>\n","protected":false},"excerpt":{"rendered":"","protected":false},"author":1,"featured_media":0,"parent":0,"menu_order":0,"comment_status":"closed","ping_status":"closed","template":"","meta":{"_eb_attr":"","footnotes":""},"class_list":["post-1151","page","type-page","status-publish","hentry"],"featured_image_src":null,"featured_image_src_square":null,"_links":{"self":[{"href":"https:\/\/www.cafosa.com\/es\/wp-json\/wp\/v2\/pages\/1151","targetHints":{"allow":["GET"]}}],"collection":[{"href":"https:\/\/www.cafosa.com\/es\/wp-json\/wp\/v2\/pages"}],"about":[{"href":"https:\/\/www.cafosa.com\/es\/wp-json\/wp\/v2\/types\/page"}],"author":[{"embeddable":true,"href":"https:\/\/www.cafosa.com\/es\/wp-json\/wp\/v2\/users\/1"}],"replies":[{"embeddable":true,"href":"https:\/\/www.cafosa.com\/es\/wp-json\/wp\/v2\/comments?post=1151"}],"version-history":[{"count":1,"href":"https:\/\/www.cafosa.com\/es\/wp-json\/wp\/v2\/pages\/1151\/revisions"}],"predecessor-version":[{"id":1152,"href":"https:\/\/www.cafosa.com\/es\/wp-json\/wp\/v2\/pages\/1151\/revisions\/1152"}],"wp:attachment":[{"href":"https:\/\/www.cafosa.com\/es\/wp-json\/wp\/v2\/media?parent=1151"}],"curies":[{"name":"wp","href":"https:\/\/api.w.org\/{rel}","templated":true}]}}