{"id":1153,"date":"2023-08-10T15:30:15","date_gmt":"2023-08-10T13:30:15","guid":{"rendered":"https:\/\/www.cafosa.com\/?page_id=1153"},"modified":"2023-11-28T10:06:11","modified_gmt":"2023-11-28T09:06:11","slug":"salud","status":"publish","type":"page","link":"https:\/\/www.cafosa.com\/es\/salud\/","title":{"rendered":"Salud"},"content":{"rendered":"\n<div style=\"background-color:#e6f2f3\" class=\"wp-block-genesis-blocks-gb-container p-0 container-banner gb-block-container\"><div class=\"gb-container-inside\"><div class=\"gb-container-content\">\n<div class=\"wp-block-columns is-layout-flex wp-container-core-columns-is-layout-9d6595d7 wp-block-columns-is-layout-flex\">\n<div class=\"wp-block-column is-layout-flow wp-block-column-is-layout-flow\">\n<figure class=\"wp-block-image size-large\"><img loading=\"lazy\" decoding=\"async\" width=\"1024\" height=\"406\" src=\"https:\/\/www.cafosa.com\/wp-content\/uploads\/2023\/08\/banner-health-1024x406.webp\" alt=\"\" class=\"wp-image-271\" srcset=\"https:\/\/www.cafosa.com\/wp-content\/uploads\/2023\/08\/banner-health-1024x406.webp 1024w, https:\/\/www.cafosa.com\/wp-content\/uploads\/2023\/08\/banner-health-300x119.webp 300w, https:\/\/www.cafosa.com\/wp-content\/uploads\/2023\/08\/banner-health-768x305.webp 768w, https:\/\/www.cafosa.com\/wp-content\/uploads\/2023\/08\/banner-health-1536x609.webp 1536w, https:\/\/www.cafosa.com\/wp-content\/uploads\/2023\/08\/banner-health.webp 1754w\" sizes=\"auto, (max-width: 1024px) 100vw, 1024px\" \/><\/figure>\n<\/div>\n\n\n\n<div class=\"wp-block-column is-vertically-aligned-center is-layout-flow wp-block-column-is-layout-flow\"><style>@media only screen and (max-width: 1200px) {.gb-69d9a503b700c{font-size: 40px!important;}}@media only screen and (max-width: 600px) {.gb-69d9a503b700c{font-size: 40px!important;}}<\/style>\n<h1 class=\"gb-69d9a503b700c wp-block-heading has-text-align-center\" style=\"font-size:60px\">Salud<\/h1>\n<\/div>\n<\/div>\n<\/div><\/div><\/div>\n\n\n\n<div style=\"padding-left:2%;padding-right:2%;padding-bottom:4%;padding-top:5%\" class=\"wp-block-genesis-blocks-gb-container gb-block-container\"><div class=\"gb-container-inside\"><div class=\"gb-container-content\" style=\"max-width:1200px\"><style>@media only screen and (max-width: 1200px) {.gb-69d9a503bb1fc{font-size: 30px!important;}}@media only screen and (max-width: 600px) {.gb-69d9a503bb1fc{font-size: 25px!important;}}<\/style>\n<h2 class=\"gb-69d9a503bb1fc wp-block-heading has-text-align-center mb-20\" style=\"font-size:40px\">Desarrollando chicle funcional para la salud y el bienestar<\/h2>\n\n\n\n<p class=\"has-text-align-center light\" style=\"font-size:18px\">Es bien sabido que los chicles sin az\u00facar son beneficiosos para el cuidado oral, ya que aumentan la secreci\u00f3n de saliva, que contribuye a remineralizar el esmalte dental, ayudan a restaurar los niveles \u00f3ptimos del pH de la placa dental y favorecen su neutralizaci\u00f3n. Los \u00e1cidos de la placa son un factor de riesgo en el desarrollo de la caries dental.&nbsp;<strong>Sin embargo, mascar chicle puede ser mucho m\u00e1s que eso.<\/strong><\/p>\n\n\n\n<p class=\"has-text-align-center light mb-4\" style=\"font-size:18px\">Presenta un gran inter\u00e9s como sistema de administraci\u00f3n oral de gran atractivo y por ser una alternativa a los productos farmac\u00e9uticos y nutrac\u00e9uticos.<\/p>\n\n\n<style>@media only screen and (max-width: 1200px) {.gb-69d9a503bec0c{font-size: 30px!important;}}@media only screen and (max-width: 600px) {.gb-69d9a503bec0c{font-size: 25px!important;}}<\/style>\n<h2 class=\"gb-69d9a503bec0c wp-block-heading has-text-align-center mt-60\" style=\"font-size:40px\">\u00bfPor qu\u00e9 el chicle medicado\/funcional?<\/h2>\n\n\n\n<div class=\"wp-block-columns mt-60 is-layout-flex wp-container-core-columns-is-layout-9d6595d7 wp-block-columns-is-layout-flex\">\n<div class=\"wp-block-column rounded-blocks has-background is-layout-flow wp-block-column-is-layout-flow\" style=\"background-color:#098289\">\n<div class=\"wp-block-columns is-layout-flex wp-container-core-columns-is-layout-9d6595d7 wp-block-columns-is-layout-flex\">\n<div class=\"wp-block-column column-left is-layout-flow wp-block-column-is-layout-flow\">\n<figure class=\"wp-block-image size-full benefits\"><img loading=\"lazy\" decoding=\"async\" width=\"687\" height=\"583\" src=\"https:\/\/www.cafosa.com\/wp-content\/uploads\/2023\/08\/Chica_-chicle_tira-1-copy.webp\" alt=\"Benefits image\" class=\"wp-image-923\" srcset=\"https:\/\/www.cafosa.com\/wp-content\/uploads\/2023\/08\/Chica_-chicle_tira-1-copy.webp 687w, https:\/\/www.cafosa.com\/wp-content\/uploads\/2023\/08\/Chica_-chicle_tira-1-copy-300x255.webp 300w\" sizes=\"auto, (max-width: 687px) 100vw, 687px\" \/><\/figure>\n<\/div>\n\n\n\n<div class=\"wp-block-column is-layout-flow wp-block-column-is-layout-flow\">\n<h3 class=\"wp-block-heading has-white-color has-text-color\">Beneficios de mascar<\/h3>\n\n\n\n<ul class=\"narrow-bold ul-without-padding-left has-white-color has-text-color wp-block-list\">\n<li>Eleva el pH<\/li>\n\n\n\n<li>Reduce la incidencia de caries <\/li>\n\n\n\n<li>Reduce la desmineralizaci\u00f3n del esmalte dental <\/li>\n\n\n\n<li>Refresca el aliento <\/li>\n\n\n\n<li>Ayuda a concentrarse<\/li>\n<\/ul>\n<\/div>\n<\/div>\n<\/div>\n<\/div>\n\n\n\n<div class=\"wp-block-columns mt-200 is-layout-flex wp-container-core-columns-is-layout-9d6595d7 wp-block-columns-is-layout-flex\">\n<div class=\"wp-block-column rounded-blocks has-background is-layout-flow wp-block-column-is-layout-flow\" style=\"background-color:#098289\">\n<div class=\"wp-block-columns is-layout-flex wp-container-core-columns-is-layout-9d6595d7 wp-block-columns-is-layout-flex\">\n<div class=\"wp-block-column is-layout-flow wp-block-column-is-layout-flow\">\n<h3 class=\"wp-block-heading has-white-color has-text-color\">Sistema de liberaci\u00f3n eficaz<\/h3>\n\n\n\n<ul class=\"narrow-bold ul-without-padding-left has-white-color has-text-color wp-block-list\">\n<li>Absorci\u00f3n a trav\u00e9s de la mucosa oral <\/li>\n\n\n\n<li>Previene los efectos secundarios gastrointestinales <\/li>\n\n\n\n<li>Liberaci\u00f3n controlada <\/li>\n\n\n\n<li>No requiere agua<\/li>\n<\/ul>\n<\/div>\n\n\n\n<div class=\"wp-block-column column-right is-layout-flow wp-block-column-is-layout-flow\">\n<figure class=\"wp-block-image size-full\"><img loading=\"lazy\" decoding=\"async\" width=\"700\" height=\"594\" src=\"https:\/\/www.cafosa.com\/wp-content\/uploads\/2023\/08\/una-boca-copy.webp\" alt=\"Efficient delivery system\" class=\"wp-image-928\" srcset=\"https:\/\/www.cafosa.com\/wp-content\/uploads\/2023\/08\/una-boca-copy.webp 700w, https:\/\/www.cafosa.com\/wp-content\/uploads\/2023\/08\/una-boca-copy-300x255.webp 300w\" sizes=\"auto, (max-width: 700px) 100vw, 700px\" \/><\/figure>\n<\/div>\n<\/div>\n<\/div>\n<\/div>\n\n\n\n<p class=\"has-text-align-center mt-100 light p-10-porcent\" style=\"font-size:16px\">Durante muchos a\u00f1os, el chicle funcional permaneci\u00f3 limitado a productos destinados a dejar de fumar y combatir las n\u00e1useas cuando se viaja. Esto, sin embargo, ha cambiado en la actualidad. Gracias al innovador excipiente de Cafosa, adecuado para&nbsp; compresi\u00f3n directa, las aplicaciones en chicle se han vuelto interminables.<\/p>\n\n\n\n<div class=\"wp-block-columns mt-60 is-layout-flex wp-container-core-columns-is-layout-9d6595d7 wp-block-columns-is-layout-flex\">\n<div class=\"wp-block-column is-layout-flow wp-block-column-is-layout-flow\"><div class=\"wp-block-image with-slide-btn\">\n<figure class=\"aligncenter size-full is-resized\"><a href=\"\/excipient\/\"><img loading=\"lazy\" decoding=\"async\" width=\"285\" height=\"242\" src=\"https:\/\/www.cafosa.com\/wp-content\/uploads\/2023\/08\/Grupo-34-copy.webp\" alt=\"Excipient\" class=\"wp-image-932\" style=\"object-fit:contain;width:285px;height:242px\"\/><\/a><\/figure>\n<\/div>\n\n\n<div class=\"wp-block-buttons mt-30 is-content-justification-center is-layout-flex wp-container-core-buttons-is-layout-16018d1d wp-block-buttons-is-layout-flex\">\n<div class=\"wp-block-button has-custom-font-size btn-secondary has-small-font-size\"><a class=\"wp-block-button__link has-background wp-element-button\" href=\"\/es\/excipiente\" style=\"background-color:#098289\">Excipiente<\/a><\/div>\n<\/div>\n<\/div>\n\n\n\n<div class=\"wp-block-column is-layout-flow wp-block-column-is-layout-flow\"><div class=\"wp-block-image with-slide-btn\">\n<figure class=\"aligncenter size-full is-resized\"><a href=\"\/cough-and-cold-chewing-gum\/\"><img loading=\"lazy\" decoding=\"async\" width=\"285\" height=\"242\" src=\"https:\/\/www.cafosa.com\/wp-content\/uploads\/2023\/08\/Grupo-35-copy.webp\" alt=\"Cough &amp; Cold chewing gum\" class=\"wp-image-936\" style=\"object-fit:contain;width:285px;height:242px\"\/><\/a><\/figure>\n<\/div>\n\n\n<div class=\"wp-block-buttons mt-30 is-content-justification-center is-layout-flex wp-container-core-buttons-is-layout-16018d1d wp-block-buttons-is-layout-flex\">\n<div class=\"wp-block-button has-custom-font-size btn-secondary has-small-font-size\"><a class=\"wp-block-button__link has-background wp-element-button\" href=\"\/es\/chicle-cough-cold\" style=\"background-color:#098289\">Chicle Cough &amp; Cold<\/a><\/div>\n<\/div>\n<\/div>\n\n\n\n<div class=\"wp-block-column is-layout-flow wp-block-column-is-layout-flow\"><div class=\"wp-block-image with-slide-btn\">\n<figure class=\"aligncenter size-full is-resized\"><a href=\"\/oral-probiotic-chewing-gum\/\"><img loading=\"lazy\" decoding=\"async\" width=\"285\" height=\"242\" src=\"https:\/\/www.cafosa.com\/wp-content\/uploads\/2023\/08\/Cafosa_Home-2-copy.webp\" alt=\"Oral Probiotic Chewing gum\" class=\"wp-image-939\" style=\"object-fit:contain;width:285px;height:auto\"\/><\/a><\/figure>\n<\/div>\n\n\n<div class=\"wp-block-buttons mt-30 is-content-justification-center is-layout-flex wp-container-core-buttons-is-layout-16018d1d wp-block-buttons-is-layout-flex\">\n<div class=\"wp-block-button has-custom-font-size btn-secondary has-small-font-size\"><a class=\"wp-block-button__link has-background wp-element-button\" href=\"\/es\/chicle-probiotico-oral\" style=\"background-color:#098289\">Chicle probi\u00f3tico oral<\/a><\/div>\n<\/div>\n<\/div>\n\n\n\n<div class=\"wp-block-column is-layout-flow wp-block-column-is-layout-flow\"><div class=\"wp-block-image with-slide-btn\">\n<figure class=\"aligncenter size-full is-resized\"><img loading=\"lazy\" decoding=\"async\" width=\"783\" height=\"666\" src=\"https:\/\/www.cafosa.com\/wp-content\/uploads\/2023\/11\/aligner.png\" alt=\"\" class=\"wp-image-15524\" style=\"object-fit:contain;width:285px;height:auto\" srcset=\"https:\/\/www.cafosa.com\/wp-content\/uploads\/2023\/11\/aligner.png 783w, https:\/\/www.cafosa.com\/wp-content\/uploads\/2023\/11\/aligner-300x255.png 300w, https:\/\/www.cafosa.com\/wp-content\/uploads\/2023\/11\/aligner-768x653.png 768w\" sizes=\"auto, (max-width: 783px) 100vw, 783px\" \/><\/figure>\n<\/div>\n\n\n<div class=\"wp-block-buttons mt-30 is-content-justification-center is-layout-flex wp-container-core-buttons-is-layout-16018d1d wp-block-buttons-is-layout-flex\">\n<div class=\"wp-block-button has-custom-font-size btn-secondary has-small-font-size\"><a class=\"wp-block-button__link has-background wp-element-button\" href=\"https:\/\/www.cafosa.com\/es\/chicle-alineador\/\" style=\"background-color:#098289\">Chicle Alineador<\/a><\/div>\n<\/div>\n<\/div>\n<\/div>\n<\/div><\/div><\/div>\n\n\n\n<div style=\"background-color:#f2f9f9;padding-left:2%;padding-right:2%;padding-bottom:4%;padding-top:4%\" class=\"wp-block-genesis-blocks-gb-container gb-block-container\"><div class=\"gb-container-inside\"><div class=\"gb-container-content\"><style>@media only screen and (max-width: 1200px) {.gb-69d9a503c3fc9{font-size: 30px!important;}}@media only screen and (max-width: 600px) {.gb-69d9a503c3fc9{font-size: 25px!important;}}<\/style>\n<h2 class=\"gb-69d9a503c3fc9 wp-block-heading has-text-align-center\" style=\"font-size:40px\">Encuentre la base de goma adecuada para usted<\/h2>\n\n\n\n<div class=\"wp-block-buttons is-content-justification-center is-layout-flex wp-container-core-buttons-is-layout-16018d1d wp-block-buttons-is-layout-flex\">\n<div class=\"wp-block-button has-custom-font-size btn-primary has-small-font-size\"><a class=\"wp-block-button__link has-background wp-element-button\" href=\"\/es\/contacto\" style=\"background-color:#128a3a\">Contacto<\/a><\/div>\n<\/div>\n<\/div><\/div><\/div>\n","protected":false},"excerpt":{"rendered":"","protected":false},"author":1,"featured_media":0,"parent":0,"menu_order":0,"comment_status":"closed","ping_status":"closed","template":"","meta":{"_eb_attr":"","footnotes":""},"class_list":["post-1153","page","type-page","status-publish","hentry"],"featured_image_src":null,"featured_image_src_square":null,"_links":{"self":[{"href":"https:\/\/www.cafosa.com\/es\/wp-json\/wp\/v2\/pages\/1153","targetHints":{"allow":["GET"]}}],"collection":[{"href":"https:\/\/www.cafosa.com\/es\/wp-json\/wp\/v2\/pages"}],"about":[{"href":"https:\/\/www.cafosa.com\/es\/wp-json\/wp\/v2\/types\/page"}],"author":[{"embeddable":true,"href":"https:\/\/www.cafosa.com\/es\/wp-json\/wp\/v2\/users\/1"}],"replies":[{"embeddable":true,"href":"https:\/\/www.cafosa.com\/es\/wp-json\/wp\/v2\/comments?post=1153"}],"version-history":[{"count":3,"href":"https:\/\/www.cafosa.com\/es\/wp-json\/wp\/v2\/pages\/1153\/revisions"}],"predecessor-version":[{"id":15527,"href":"https:\/\/www.cafosa.com\/es\/wp-json\/wp\/v2\/pages\/1153\/revisions\/15527"}],"wp:attachment":[{"href":"https:\/\/www.cafosa.com\/es\/wp-json\/wp\/v2\/media?parent=1153"}],"curies":[{"name":"wp","href":"https:\/\/api.w.org\/{rel}","templated":true}]}}