{"id":1157,"date":"2023-08-14T09:50:24","date_gmt":"2023-08-14T12:50:24","guid":{"rendered":"https:\/\/www.cafosa.com\/?page_id=1157"},"modified":"2023-09-18T10:50:35","modified_gmt":"2023-09-18T13:50:35","slug":"excipiente","status":"publish","type":"page","link":"https:\/\/www.cafosa.com\/es\/excipiente\/","title":{"rendered":"Excipiente"},"content":{"rendered":"\n<div style=\"background-color:#e6f2f3\" class=\"wp-block-genesis-blocks-gb-container p-0 container-banner gb-block-container\"><div class=\"gb-container-inside\"><div class=\"gb-container-content\">\n<div class=\"wp-block-columns is-layout-flex wp-container-core-columns-is-layout-9d6595d7 wp-block-columns-is-layout-flex\">\n<div class=\"wp-block-column is-layout-flow wp-block-column-is-layout-flow\">\n<figure class=\"wp-block-image size-large\"><img loading=\"lazy\" decoding=\"async\" width=\"1024\" height=\"401\" src=\"https:\/\/www.cafosa.com\/wp-content\/uploads\/2023\/08\/banner-exc-1024x401.webp\" alt=\"Banner excipient\" class=\"wp-image-312\" srcset=\"https:\/\/www.cafosa.com\/wp-content\/uploads\/2023\/08\/banner-exc-1024x401.webp 1024w, https:\/\/www.cafosa.com\/wp-content\/uploads\/2023\/08\/banner-exc-300x117.webp 300w, https:\/\/www.cafosa.com\/wp-content\/uploads\/2023\/08\/banner-exc-768x301.webp 768w, https:\/\/www.cafosa.com\/wp-content\/uploads\/2023\/08\/banner-exc-1536x601.webp 1536w, https:\/\/www.cafosa.com\/wp-content\/uploads\/2023\/08\/banner-exc.webp 1758w\" sizes=\"auto, (max-width: 1024px) 100vw, 1024px\" \/><\/figure>\n<\/div>\n\n\n\n<div class=\"wp-block-column is-vertically-aligned-center is-layout-flow wp-block-column-is-layout-flow\"><style>@media only screen and (max-width: 1200px) {.gb-69e1e31d4b84c{font-size: 40px!important;}}@media only screen and (max-width: 600px) {.gb-69e1e31d4b84c{font-size: 40px!important;}}<\/style>\n<h1 class=\"gb-69e1e31d4b84c wp-block-heading has-text-align-center\" style=\"font-size:60px\">Excipiente<\/h1>\n<\/div>\n<\/div>\n<\/div><\/div><\/div>\n\n\n\n<div style=\"padding-left:2%;padding-right:2%;padding-bottom:4%;padding-top:5%\" class=\"wp-block-genesis-blocks-gb-container gb-block-container\"><div class=\"gb-container-inside\"><div class=\"gb-container-content\" style=\"max-width:1200px\">\n<div class=\"wp-block-columns is-layout-flex wp-container-core-columns-is-layout-9d6595d7 wp-block-columns-is-layout-flex\">\n<div class=\"wp-block-column light is-layout-flow wp-block-column-is-layout-flow\"><style>@media only screen and (max-width: 1200px) {.gb-69e1e31d4f7c1{font-size: 30px!important;}}@media only screen and (max-width: 600px) {.gb-69e1e31d4f7c1{font-size: 25px!important;}}<\/style>\n<h2 class=\"gb-69e1e31d4f7c1 wp-block-heading\" style=\"font-size:40px\">Versatilidad para chicle extruido y comprimido<\/h2>\n\n\n\n<p>El chicle nutrace\u00fatico o farmac\u00e9utico se puede obtener utilizando goma base o excipiente en polvo.<\/p>\n\n\n\n<p><\/p>\n\n\n\n<p>La elecci\u00f3n depende del tipo de ingrediente, de la definici\u00f3n del perfil sensorial del producto final y de la maquinaria de producci\u00f3n disponible.<\/p>\n\n\n\n<p>Cafosa ofrece su excipiente\u00a0<strong>Health in Gum\u00ae<\/strong>, un\u00a0<strong>polvo comprimible listo para su uso para aplicaciones farmac\u00e9uticas y nutrac\u00e9uticas<\/strong>.<\/p>\n\n\n\n<p><\/p>\n\n\n\n<p><strong>Health in Gum<sup>\u00ae<\/sup><\/strong>\u00a0es un polvo homog\u00e9neo de flujo libre con todos los ingredientes necesarios para producir chicles, <strong>desde la goma base hasta los edulcorantes o los ablandadores<\/strong>. Esta combinaci\u00f3n admite sin problemas un <strong>principio activo<\/strong> y funciona con compresoras est\u00e1ndares como cualquier otra combinaci\u00f3n de excipientes de compresi\u00f3n directa.<\/p>\n\n\n\n<p><\/p>\n\n\n\n<p><strong>Los chicles con ingredientes activos<\/strong>\u00a0se producen, de forma ideal, con\u00a0<strong>Health in Gum<sup>\u00ae<\/sup><\/strong>, ya que su producci\u00f3n limita los niveles de temperatura y de humedad.<\/p>\n\n\n\n<p><\/p>\n\n\n\n<p>Tenemos a tu disposici\u00f3n varios grados de Health in Gum\u00ae, seg\u00fan las caracter\u00edsticas del producto final deseado.<\/p>\n<\/div>\n\n\n\n<div class=\"wp-block-column is-vertically-aligned-center is-layout-flow wp-block-column-is-layout-flow\"><div class=\"wp-block-image\">\n<figure class=\"aligncenter size-full is-resized\"><img loading=\"lazy\" decoding=\"async\" src=\"https:\/\/www.cafosa.com\/wp-content\/uploads\/2023\/08\/img-excipient.webp\" alt=\"Image excipient\" class=\"wp-image-335\" style=\"object-fit:contain;width:380px;height:342px\" width=\"380\" height=\"342\" srcset=\"https:\/\/www.cafosa.com\/wp-content\/uploads\/2023\/08\/img-excipient.webp 718w, https:\/\/www.cafosa.com\/wp-content\/uploads\/2023\/08\/img-excipient-300x271.webp 300w\" sizes=\"auto, (max-width: 380px) 100vw, 380px\" \/><\/figure>\n<\/div><\/div>\n<\/div>\n\n\n\n<h2 class=\"wp-block-heading has-text-align-center mt-40\">Ventajas de Health in Gum<sup>\u00ae<\/sup><\/h2>\n\n\n\n<div class=\"wp-block-columns mt-30 container-benefits is-layout-flex wp-container-core-columns-is-layout-9d6595d7 wp-block-columns-is-layout-flex\">\n<div class=\"wp-block-column is-layout-flow wp-block-column-is-layout-flow\"><div class=\"wp-block-image\">\n<figure class=\"aligncenter size-full is-resized\"><img loading=\"lazy\" decoding=\"async\" src=\"https:\/\/www.cafosa.com\/wp-content\/uploads\/2023\/08\/img-compresive.webp\" alt=\"\" class=\"wp-image-344\" style=\"object-fit:contain;width:122px;height:111px\" width=\"122\" height=\"111\"\/><figcaption class=\"wp-element-caption\">Puede comprimirse directamente.<\/figcaption><\/figure>\n<\/div><\/div>\n\n\n\n<div class=\"wp-block-column is-layout-flow wp-block-column-is-layout-flow\"><div class=\"wp-block-image\">\n<figure class=\"aligncenter size-full is-resized\"><img loading=\"lazy\" decoding=\"async\" src=\"https:\/\/www.cafosa.com\/wp-content\/uploads\/2023\/08\/img-easy-to-tablet.webp\" alt=\"Excellent flow and easy to tablet\" class=\"wp-image-348\" style=\"object-fit:contain;width:122px;height:111px\" width=\"122\" height=\"111\"\/><figcaption class=\"wp-element-caption\">Flujo excelente y f\u00e1cil de transformar en comprimidos.<\/figcaption><\/figure>\n<\/div><\/div>\n\n\n\n<div class=\"wp-block-column is-layout-flow wp-block-column-is-layout-flow\"><div class=\"wp-block-image\">\n<figure class=\"aligncenter size-full is-resized\"><img loading=\"lazy\" decoding=\"async\" src=\"https:\/\/www.cafosa.com\/wp-content\/uploads\/2023\/08\/img-fast-api.webp\" alt=\"Image Specific API\" class=\"wp-image-351\" style=\"object-fit:contain;width:122px;height:111px\" width=\"122\" height=\"111\"\/><figcaption class=\"wp-element-caption\">Liberaci\u00f3n r\u00e1pida de principios activos en funci\u00f3n del principio activo espec\u00edfico.<\/figcaption><\/figure>\n<\/div><\/div>\n\n\n\n<div class=\"wp-block-column is-layout-flow wp-block-column-is-layout-flow\"><div class=\"wp-block-image\">\n<figure class=\"aligncenter size-full is-resized\"><img loading=\"lazy\" decoding=\"async\" src=\"https:\/\/www.cafosa.com\/wp-content\/uploads\/2023\/08\/img-termosensitive2.webp\" alt=\"Image termosensitive\" class=\"wp-image-360\" style=\"object-fit:contain;width:122px;height:111px\" width=\"122\" height=\"111\"\/><figcaption class=\"wp-element-caption\">Funciona a temperatura ambiente, lo que permite utilizar principios activos termosensibles.<\/figcaption><\/figure>\n<\/div><\/div>\n\n\n\n<div class=\"wp-block-column is-layout-flow wp-block-column-is-layout-flow\"><div class=\"wp-block-image\">\n<figure class=\"aligncenter size-full is-resized\"><img loading=\"lazy\" decoding=\"async\" src=\"https:\/\/www.cafosa.com\/wp-content\/uploads\/2023\/08\/img-ideal-for-water.webp\" alt=\"\" class=\"wp-image-364\" style=\"object-fit:contain;width:122px;height:111px\" width=\"122\" height=\"111\"\/><figcaption class=\"wp-element-caption\">Ideal para principios activos sensibles al agua.<\/figcaption><\/figure>\n<\/div><\/div>\n<\/div>\n<\/div><\/div><\/div>\n","protected":false},"excerpt":{"rendered":"","protected":false},"author":1,"featured_media":0,"parent":0,"menu_order":0,"comment_status":"closed","ping_status":"closed","template":"","meta":{"_eb_attr":"","footnotes":""},"class_list":["post-1157","page","type-page","status-publish","hentry"],"featured_image_src":null,"featured_image_src_square":null,"_links":{"self":[{"href":"https:\/\/www.cafosa.com\/es\/wp-json\/wp\/v2\/pages\/1157","targetHints":{"allow":["GET"]}}],"collection":[{"href":"https:\/\/www.cafosa.com\/es\/wp-json\/wp\/v2\/pages"}],"about":[{"href":"https:\/\/www.cafosa.com\/es\/wp-json\/wp\/v2\/types\/page"}],"author":[{"embeddable":true,"href":"https:\/\/www.cafosa.com\/es\/wp-json\/wp\/v2\/users\/1"}],"replies":[{"embeddable":true,"href":"https:\/\/www.cafosa.com\/es\/wp-json\/wp\/v2\/comments?post=1157"}],"version-history":[{"count":1,"href":"https:\/\/www.cafosa.com\/es\/wp-json\/wp\/v2\/pages\/1157\/revisions"}],"predecessor-version":[{"id":1158,"href":"https:\/\/www.cafosa.com\/es\/wp-json\/wp\/v2\/pages\/1157\/revisions\/1158"}],"wp:attachment":[{"href":"https:\/\/www.cafosa.com\/es\/wp-json\/wp\/v2\/media?parent=1157"}],"curies":[{"name":"wp","href":"https:\/\/api.w.org\/{rel}","templated":true}]}}