{"id":1159,"date":"2023-08-14T12:10:26","date_gmt":"2023-08-14T10:10:26","guid":{"rendered":"https:\/\/www.cafosa.com\/?page_id=1159"},"modified":"2023-09-20T11:51:20","modified_gmt":"2023-09-20T14:51:20","slug":"chicle-cough-cold","status":"publish","type":"page","link":"https:\/\/www.cafosa.com\/es\/chicle-cough-cold\/","title":{"rendered":"Chicle Cough &#038; Cold"},"content":{"rendered":"\n<div style=\"background-color:#e6f2f3\" class=\"wp-block-genesis-blocks-gb-container p-0 container-banner gb-block-container\"><div class=\"gb-container-inside\"><div class=\"gb-container-content\">\n<div class=\"wp-block-columns is-layout-flex wp-container-core-columns-is-layout-9d6595d7 wp-block-columns-is-layout-flex\">\n<div class=\"wp-block-column is-layout-flow wp-block-column-is-layout-flow\">\n<figure class=\"wp-block-image size-large\"><img loading=\"lazy\" decoding=\"async\" width=\"1024\" height=\"407\" src=\"https:\/\/www.cafosa.com\/wp-content\/uploads\/2023\/08\/banner-chewing_1-1024x407.webp\" alt=\"\" class=\"wp-image-387\" srcset=\"https:\/\/www.cafosa.com\/wp-content\/uploads\/2023\/08\/banner-chewing_1-1024x407.webp 1024w, https:\/\/www.cafosa.com\/wp-content\/uploads\/2023\/08\/banner-chewing_1-300x119.webp 300w, https:\/\/www.cafosa.com\/wp-content\/uploads\/2023\/08\/banner-chewing_1-768x305.webp 768w, https:\/\/www.cafosa.com\/wp-content\/uploads\/2023\/08\/banner-chewing_1-1536x610.webp 1536w, https:\/\/www.cafosa.com\/wp-content\/uploads\/2023\/08\/banner-chewing_1.webp 1752w\" sizes=\"auto, (max-width: 1024px) 100vw, 1024px\" \/><\/figure>\n<\/div>\n\n\n\n<div class=\"wp-block-column is-vertically-aligned-center is-layout-flow wp-block-column-is-layout-flow\"><style>@media only screen and (max-width: 1200px) {.gb-69e0affadf83a{font-size: 40px!important;}}@media only screen and (max-width: 600px) {.gb-69e0affadf83a{font-size: 40px!important;}}<\/style>\n<h1 class=\"gb-69e0affadf83a wp-block-heading has-text-align-center\" style=\"font-size:60px\">Chicle Cough &amp; Cold<\/h1>\n<\/div>\n<\/div>\n<\/div><\/div><\/div>\n\n\n\n<div style=\"padding-left:2%;padding-right:2%;padding-bottom:4%;padding-top:5%\" class=\"wp-block-genesis-blocks-gb-container gb-block-container\"><div class=\"gb-container-inside\"><div class=\"gb-container-content\" style=\"max-width:1200px\">\n<div class=\"wp-block-columns is-layout-flex wp-container-core-columns-is-layout-9d6595d7 wp-block-columns-is-layout-flex\">\n<div class=\"wp-block-column light is-layout-flow wp-block-column-is-layout-flow\"><style>@media only screen and (max-width: 1200px) {.gb-69e0affae38e6{font-size: 30px!important;}}@media only screen and (max-width: 600px) {.gb-69e0affae38e6{font-size: 25px!important;}}<\/style>\n<h2 class=\"gb-69e0affae38e6 wp-block-heading\" style=\"font-size:40px\">Ampl\u00eda tu portafolio de productos OTC gracias a una nueva forma farmac\u00e9utica para calmar y aliviar el dolor de garganta<\/h2>\n\n\n\n<p><strong>Informaci\u00f3n de producto:<\/strong> Este producto se utiliza para el alivio local y temporal de los s\u00edntomas de infecciones bucofar\u00edngeas leves asociadas a dolor y sin fiebre como: irritaci\u00f3n de garganta, afon\u00eda, peque\u00f1as llagas orales.<\/p>\n\n\n\n<p> <\/p>\n\n\n\n<p><strong>Ingredientes activos:<\/strong> Clorhexidina 5mg\/Benzocaina 5mg. Los principios activos de este medicamento act\u00faan combinando la funci\u00f3n antis\u00e9ptica de la clorhexidina con la funci\u00f3n anest\u00e9sica local de la benzoca\u00edna.<\/p>\n\n\n\n<p><\/p>\n\n\n\n<p><strong>Administraci\u00f3n:<\/strong> 1 chicle cuando sea necesario, dejando por lo menos dos horas hasta el siguiente. No tomar m\u00e1s de 8 chicles al d\u00eda.<\/p>\n\n\n\n<p><\/p>\n\n\n\n<p><strong>Sabor: <\/strong>Menta<\/p>\n\n\n\n<p><\/p>\n\n\n\n<p><strong>Formato:<\/strong> Bl\u00edster (2 x 6 chicles).<\/p>\n\n\n\n<p><\/p>\n\n\n\n<p><strong>Edad:<\/strong> Adultos y ni\u00f1os mayores de 6 a\u00f1os <\/p>\n\n\n\n<p><\/p>\n\n\n\n<p>Fabricado en ESPA\u00d1A siguiendo normas GMP Registrado en diferentes paises europeos<\/p>\n\n\n\n<p><\/p>\n\n\n\n<div class=\"wp-block-buttons mt-30 is-content-justification-left is-layout-flex wp-container-core-buttons-is-layout-fdcfc74e wp-block-buttons-is-layout-flex\">\n<div class=\"wp-block-button has-custom-font-size btn-secondary has-small-font-size\"><a class=\"wp-block-button__link has-background wp-element-button\" href=\"\/wp-content\/uploads\/2023\/09\/AF_garganta_interactivo_CAST.pdf\" style=\"background-color:#0b8289\" target=\"_blank\" rel=\"noreferrer noopener\"><strong>Descargar folleto<\/strong><\/a><\/div>\n<\/div>\n<\/div>\n\n\n\n<div class=\"wp-block-column is-vertically-aligned-center is-layout-flow wp-block-column-is-layout-flow\"><div class=\"wp-block-image\">\n<figure class=\"aligncenter size-full is-resized\"><img loading=\"lazy\" decoding=\"async\" src=\"https:\/\/www.cafosa.com\/wp-content\/uploads\/2023\/09\/caja-cough-and-cold-y-grajeas-e1694094193720.webp\" alt=\"\" class=\"wp-image-1066\" style=\"object-fit:contain;width:380px;height:342px\" width=\"380\" height=\"342\"\/><\/figure>\n<\/div>\n\n\n<p class=\"has-text-align-center mt-30\"><strong>Product developed together with Geiser Pharma<\/strong><\/p>\n<\/div>\n<\/div>\n<\/div><\/div><\/div>\n\n\n\n<div style=\"background-color:#f2f9f9;padding-left:2%;padding-right:2%;padding-bottom:4%;padding-top:4%\" class=\"wp-block-genesis-blocks-gb-container gb-block-container\"><div class=\"gb-container-inside\"><div class=\"gb-container-content\"><style>@media only screen and (max-width: 1200px) {.gb-69e0affae7626{font-size: 30px!important;}}@media only screen and (max-width: 600px) {.gb-69e0affae7626{font-size: 25px!important;}}<\/style>\n<h2 class=\"gb-69e0affae7626 wp-block-heading has-text-align-center\" style=\"font-size:40px\">Solicita tu muestra<\/h2>\n\n\n\n<div class=\"wp-block-buttons is-content-justification-center is-layout-flex wp-container-core-buttons-is-layout-16018d1d wp-block-buttons-is-layout-flex\">\n<div class=\"wp-block-button has-custom-font-size btn-primary has-small-font-size\"><a class=\"wp-block-button__link has-background wp-element-button\" href=\"\/es\/contacto\" style=\"background-color:#128a3a\">Contacto<\/a><\/div>\n<\/div>\n<\/div><\/div><\/div>\n","protected":false},"excerpt":{"rendered":"","protected":false},"author":1,"featured_media":0,"parent":0,"menu_order":0,"comment_status":"closed","ping_status":"closed","template":"","meta":{"_eb_attr":"","footnotes":""},"class_list":["post-1159","page","type-page","status-publish","hentry"],"featured_image_src":null,"featured_image_src_square":null,"_links":{"self":[{"href":"https:\/\/www.cafosa.com\/es\/wp-json\/wp\/v2\/pages\/1159","targetHints":{"allow":["GET"]}}],"collection":[{"href":"https:\/\/www.cafosa.com\/es\/wp-json\/wp\/v2\/pages"}],"about":[{"href":"https:\/\/www.cafosa.com\/es\/wp-json\/wp\/v2\/types\/page"}],"author":[{"embeddable":true,"href":"https:\/\/www.cafosa.com\/es\/wp-json\/wp\/v2\/users\/1"}],"replies":[{"embeddable":true,"href":"https:\/\/www.cafosa.com\/es\/wp-json\/wp\/v2\/comments?post=1159"}],"version-history":[{"count":3,"href":"https:\/\/www.cafosa.com\/es\/wp-json\/wp\/v2\/pages\/1159\/revisions"}],"predecessor-version":[{"id":1245,"href":"https:\/\/www.cafosa.com\/es\/wp-json\/wp\/v2\/pages\/1159\/revisions\/1245"}],"wp:attachment":[{"href":"https:\/\/www.cafosa.com\/es\/wp-json\/wp\/v2\/media?parent=1159"}],"curies":[{"name":"wp","href":"https:\/\/api.w.org\/{rel}","templated":true}]}}