{"id":1169,"date":"2023-08-10T15:41:05","date_gmt":"2023-08-10T18:41:05","guid":{"rendered":"https:\/\/www.cafosa.com\/?page_id=1169"},"modified":"2023-09-18T11:20:58","modified_gmt":"2023-09-18T14:20:58","slug":"servicios","status":"publish","type":"page","link":"https:\/\/www.cafosa.com\/es\/servicios\/","title":{"rendered":"Servicios"},"content":{"rendered":"\n<div style=\"background-color:#fef4e9\" class=\"wp-block-genesis-blocks-gb-container p-0 container-banner gb-block-container\"><div class=\"gb-container-inside\"><div class=\"gb-container-content\">\n<div class=\"wp-block-columns is-layout-flex wp-container-core-columns-is-layout-9d6595d7 wp-block-columns-is-layout-flex\">\n<div class=\"wp-block-column is-layout-flow wp-block-column-is-layout-flow\">\n<figure class=\"wp-block-image size-large\"><img loading=\"lazy\" decoding=\"async\" width=\"1024\" height=\"405\" src=\"https:\/\/www.cafosa.com\/wp-content\/uploads\/2023\/08\/banner-services-1024x405.webp\" alt=\"\" class=\"wp-image-472\" srcset=\"https:\/\/www.cafosa.com\/wp-content\/uploads\/2023\/08\/banner-services-1024x405.webp 1024w, https:\/\/www.cafosa.com\/wp-content\/uploads\/2023\/08\/banner-services-300x119.webp 300w, https:\/\/www.cafosa.com\/wp-content\/uploads\/2023\/08\/banner-services-768x304.webp 768w, https:\/\/www.cafosa.com\/wp-content\/uploads\/2023\/08\/banner-services-1536x607.webp 1536w, https:\/\/www.cafosa.com\/wp-content\/uploads\/2023\/08\/banner-services.webp 1756w\" sizes=\"auto, (max-width: 1024px) 100vw, 1024px\" \/><\/figure>\n<\/div>\n\n\n\n<div class=\"wp-block-column is-vertically-aligned-center is-layout-flow wp-block-column-is-layout-flow\"><style>@media only screen and (max-width: 1200px) {.gb-69d29805cbdc9{font-size: 40px!important;}}@media only screen and (max-width: 600px) {.gb-69d29805cbdc9{font-size: 40px!important;}}<\/style>\n<h1 class=\"gb-69d29805cbdc9 wp-block-heading has-text-align-center\" style=\"font-size:60px\">Servicios<\/h1>\n<\/div>\n<\/div>\n<\/div><\/div><\/div>\n\n\n\n<div style=\"padding-left:2%;padding-right:2%;padding-bottom:4%;padding-top:4%\" class=\"wp-block-genesis-blocks-gb-container gb-block-container\"><div class=\"gb-container-inside\"><div class=\"gb-container-content\" style=\"max-width:1200px\"><style>@media only screen and (max-width: 1200px) {.gb-69d29805d0210{font-size: 30px!important;}}@media only screen and (max-width: 600px) {.gb-69d29805d0210{font-size: 25px!important;}}<\/style>\n<h2 class=\"gb-69d29805d0210 wp-block-heading has-text-align-center mb-20\" style=\"font-size:40px\">Entregando soluciones m\u00e1s all\u00e1 de los l\u00edmites<\/h2>\n\n\n\n<p class=\"has-text-align-center light\" style=\"font-size:18px\">Gracias a nuestras capacidades y experiencia, ofrecemos a nuestros clientes una amplia oferta de servicios que atienden a necesidades diversas en las diferentes etapas del proceso de lanzar un chicle al mercado.<\/p>\n\n\n\n<p><\/p>\n\n\n\n<p class=\"has-text-align-center light\" style=\"font-size:18px\">Estos servicios pueden contratarse ad-hoc para dar respuesta a necesidades concretas, o mejor a\u00fan, como un proceso completo que va desde el desarrollo hasta la producci\u00f3n final.<\/p>\n\n\n\n<div class=\"wp-block-columns mt-60 is-layout-flex wp-container-core-columns-is-layout-9d6595d7 wp-block-columns-is-layout-flex\">\n<div class=\"wp-block-column rounded-blocks has-background is-layout-flow wp-block-column-is-layout-flow\" style=\"background-color:#f39225\">\n<div class=\"wp-block-columns is-layout-flex wp-container-core-columns-is-layout-9d6595d7 wp-block-columns-is-layout-flex\">\n<div class=\"wp-block-column is-layout-flow wp-block-column-is-layout-flow\">\n<h3 class=\"wp-block-heading has-white-color has-text-color\">Desarrollo de producto<\/h3>\n\n\n\n<ul class=\"rounded ul-without-padding-left has-white-color has-text-color wp-block-list\">\n<li>Dise\u00f1o de f\u00f3rmula<\/li>\n\n\n\n<li>Conocimiento de ingredientes<\/li>\n\n\n\n<li>Ajuste de aromas<\/li>\n\n\n\n<li>Prototipado de laboratorio y semi-industrial<\/li>\n<\/ul>\n<\/div>\n\n\n\n<div class=\"wp-block-column column-right is-layout-flow wp-block-column-is-layout-flow\">\n<figure class=\"wp-block-image size-full product-development\"><img loading=\"lazy\" decoding=\"async\" width=\"700\" height=\"595\" src=\"https:\/\/www.cafosa.com\/wp-content\/uploads\/2023\/08\/Grupo-150-copy.webp\" alt=\"\" class=\"wp-image-956\" srcset=\"https:\/\/www.cafosa.com\/wp-content\/uploads\/2023\/08\/Grupo-150-copy.webp 700w, https:\/\/www.cafosa.com\/wp-content\/uploads\/2023\/08\/Grupo-150-copy-300x255.webp 300w\" sizes=\"auto, (max-width: 700px) 100vw, 700px\" \/><\/figure>\n<\/div>\n<\/div>\n<\/div>\n<\/div>\n\n\n\n<div class=\"wp-block-columns mt-230 is-layout-flex wp-container-core-columns-is-layout-9d6595d7 wp-block-columns-is-layout-flex\">\n<div class=\"wp-block-column rounded-blocks has-background is-layout-flow wp-block-column-is-layout-flow\" style=\"background-color:#f39225\">\n<div class=\"wp-block-columns is-layout-flex wp-container-core-columns-is-layout-9d6595d7 wp-block-columns-is-layout-flex\">\n<div class=\"wp-block-column column-left is-layout-flow wp-block-column-is-layout-flow\">\n<figure class=\"wp-block-image size-full laboratory\"><img loading=\"lazy\" decoding=\"async\" width=\"700\" height=\"595\" src=\"https:\/\/www.cafosa.com\/wp-content\/uploads\/2023\/08\/doctora-5-copy.webp\" alt=\"Laboratory Analysis\" class=\"wp-image-960\" srcset=\"https:\/\/www.cafosa.com\/wp-content\/uploads\/2023\/08\/doctora-5-copy.webp 700w, https:\/\/www.cafosa.com\/wp-content\/uploads\/2023\/08\/doctora-5-copy-300x255.webp 300w\" sizes=\"auto, (max-width: 700px) 100vw, 700px\" \/><\/figure>\n<\/div>\n\n\n\n<div class=\"wp-block-column is-layout-flow wp-block-column-is-layout-flow\">\n<h3 class=\"wp-block-heading has-white-color has-text-color\">An\u00e1lisis de laboratorio<\/h3>\n\n\n\n<ul class=\"rounded ul-without-padding-left has-white-color has-text-color wp-block-list\">\n<li>Estudios de elasticidad y plasticidad<\/li>\n\n\n\n<li>Estudios de curado\/dureza<\/li>\n\n\n\n<li>Evaluaci\u00f3n de riesgo de disgregado<\/li>\n\n\n\n<li>Perfil de liberaci\u00f3n de ingredientes activos<\/li>\n\n\n\n<li>Estudios de estabilidad<\/li>\n\n\n\n<li>Textura del chicle y caracterizaci\u00f3n sensorial<\/li>\n<\/ul>\n<\/div>\n<\/div>\n<\/div>\n<\/div>\n\n\n\n<div class=\"wp-block-columns mt-180 is-layout-flex wp-container-core-columns-is-layout-9d6595d7 wp-block-columns-is-layout-flex\">\n<div class=\"wp-block-column rounded-blocks has-background is-layout-flow wp-block-column-is-layout-flow\" style=\"background-color:#f39225\">\n<div class=\"wp-block-columns is-layout-flex wp-container-core-columns-is-layout-9d6595d7 wp-block-columns-is-layout-flex\">\n<div class=\"wp-block-column is-layout-flow wp-block-column-is-layout-flow\">\n<h3 class=\"wp-block-heading has-white-color has-text-color\">Formaciones &amp; Servicio T\u00e9cnico<\/h3>\n\n\n\n<ul class=\"rounded ul-without-padding-left has-white-color has-text-color wp-block-list\">\n<li>Webinars ad-hoc<\/li>\n\n\n\n<li>Consultor\u00eda de formulaci\u00f3n y procesos<\/li>\n\n\n\n<li>Resoluci\u00f3n de problemas industriales<\/li>\n\n\n\n<li>Optimizaci\u00f3n de procesos<\/li>\n\n\n\n<li>Escalado industrial<\/li>\n<\/ul>\n<\/div>\n\n\n\n<div class=\"wp-block-column column-right is-layout-flow wp-block-column-is-layout-flow\">\n<figure class=\"wp-block-image size-full training\"><img loading=\"lazy\" decoding=\"async\" width=\"700\" height=\"595\" src=\"https:\/\/www.cafosa.com\/wp-content\/uploads\/2023\/08\/Grupo-4-copy.webp\" alt=\"Training &amp; Technical Services\" class=\"wp-image-966\" srcset=\"https:\/\/www.cafosa.com\/wp-content\/uploads\/2023\/08\/Grupo-4-copy.webp 700w, https:\/\/www.cafosa.com\/wp-content\/uploads\/2023\/08\/Grupo-4-copy-300x255.webp 300w\" sizes=\"auto, (max-width: 700px) 100vw, 700px\" \/><\/figure>\n<\/div>\n<\/div>\n<\/div>\n<\/div>\n\n\n\n<div class=\"wp-block-columns mt-230 is-layout-flex wp-container-core-columns-is-layout-9d6595d7 wp-block-columns-is-layout-flex\">\n<div class=\"wp-block-column rounded-blocks has-background is-layout-flow wp-block-column-is-layout-flow\" style=\"background-color:#f39225\">\n<div class=\"wp-block-columns is-layout-flex wp-container-core-columns-is-layout-9d6595d7 wp-block-columns-is-layout-flex\">\n<div class=\"wp-block-column column-left is-layout-flow wp-block-column-is-layout-flow\">\n<figure class=\"wp-block-image size-full marketing\"><img loading=\"lazy\" decoding=\"async\" width=\"700\" height=\"595\" src=\"https:\/\/www.cafosa.com\/wp-content\/uploads\/2023\/08\/doctora-6-copy.webp\" alt=\"Marketing support\" class=\"wp-image-971\" srcset=\"https:\/\/www.cafosa.com\/wp-content\/uploads\/2023\/08\/doctora-6-copy.webp 700w, https:\/\/www.cafosa.com\/wp-content\/uploads\/2023\/08\/doctora-6-copy-300x255.webp 300w\" sizes=\"auto, (max-width: 700px) 100vw, 700px\" \/><\/figure>\n<\/div>\n\n\n\n<div class=\"wp-block-column is-layout-flow wp-block-column-is-layout-flow\">\n<h3 class=\"wp-block-heading has-white-color has-text-color\">Soporte en Marketing<\/h3>\n\n\n\n<ul class=\"rounded ul-without-padding-left has-white-color has-text-color wp-block-list\">\n<li>Ideaci\u00f3n y desarrollo de conceptos<\/li>\n\n\n\n<li>Entorno competitivo<\/li>\n\n\n\n<li>Informaci\u00f3n sobre mercados y consumidores<\/li>\n\n\n\n<li>Estrategia de lanzamiento<\/li>\n<\/ul>\n<\/div>\n<\/div>\n<\/div>\n<\/div>\n<\/div><\/div><\/div>\n\n\n\n<div style=\"background-color:#f2f9f9;padding-left:2%;padding-right:2%;padding-bottom:4%;padding-top:4%\" class=\"wp-block-genesis-blocks-gb-container mt-200 gb-block-container\"><div class=\"gb-container-inside\"><div class=\"gb-container-content\"><style>@media only screen and (max-width: 1200px) {.gb-69d29805d5081{font-size: 30px!important;}}@media only screen and (max-width: 600px) {.gb-69d29805d5081{font-size: 25px!important;}}<\/style>\n<h2 class=\"gb-69d29805d5081 wp-block-heading has-text-align-center\" style=\"font-size:40px\">\u00bfDesea saber m\u00e1s?<\/h2>\n\n\n\n<div class=\"wp-block-buttons is-content-justification-center is-layout-flex wp-container-core-buttons-is-layout-16018d1d wp-block-buttons-is-layout-flex\">\n<div class=\"wp-block-button has-custom-font-size btn-primary has-small-font-size\"><a class=\"wp-block-button__link has-background wp-element-button\" href=\"\/es\/contacto\" style=\"background-color:#128a3a\">Contacto<\/a><\/div>\n<\/div>\n<\/div><\/div><\/div>\n","protected":false},"excerpt":{"rendered":"","protected":false},"author":1,"featured_media":0,"parent":0,"menu_order":0,"comment_status":"closed","ping_status":"closed","template":"","meta":{"_eb_attr":"","footnotes":""},"class_list":["post-1169","page","type-page","status-publish","hentry"],"featured_image_src":null,"featured_image_src_square":null,"_links":{"self":[{"href":"https:\/\/www.cafosa.com\/es\/wp-json\/wp\/v2\/pages\/1169","targetHints":{"allow":["GET"]}}],"collection":[{"href":"https:\/\/www.cafosa.com\/es\/wp-json\/wp\/v2\/pages"}],"about":[{"href":"https:\/\/www.cafosa.com\/es\/wp-json\/wp\/v2\/types\/page"}],"author":[{"embeddable":true,"href":"https:\/\/www.cafosa.com\/es\/wp-json\/wp\/v2\/users\/1"}],"replies":[{"embeddable":true,"href":"https:\/\/www.cafosa.com\/es\/wp-json\/wp\/v2\/comments?post=1169"}],"version-history":[{"count":2,"href":"https:\/\/www.cafosa.com\/es\/wp-json\/wp\/v2\/pages\/1169\/revisions"}],"predecessor-version":[{"id":1172,"href":"https:\/\/www.cafosa.com\/es\/wp-json\/wp\/v2\/pages\/1169\/revisions\/1172"}],"wp:attachment":[{"href":"https:\/\/www.cafosa.com\/es\/wp-json\/wp\/v2\/media?parent=1169"}],"curies":[{"name":"wp","href":"https:\/\/api.w.org\/{rel}","templated":true}]}}