{"id":1177,"date":"2023-08-10T15:47:13","date_gmt":"2023-08-10T13:47:13","guid":{"rendered":"https:\/\/www.cafosa.com\/?page_id=1177"},"modified":"2024-06-03T09:33:25","modified_gmt":"2024-06-03T07:33:25","slug":"grupo-rb","status":"publish","type":"page","link":"https:\/\/www.cafosa.com\/es\/grupo-rb\/","title":{"rendered":"Grupo RB"},"content":{"rendered":"\n<div style=\"background-color:#e6f2f3\" class=\"wp-block-genesis-blocks-gb-container p-0 container-banner gb-block-container\"><div class=\"gb-container-inside\"><div class=\"gb-container-image-wrap\"><img decoding=\"async\" class=\"gb-container-image has-background-dim-100 has-background-dim\" src=\"https:\/\/www.cafosa.com\/wp-content\/uploads\/2023\/09\/rb-gruop-fondo.webp\" alt=\"\"\/><\/div><div class=\"gb-container-content\">\n<div class=\"wp-block-columns is-layout-flex wp-container-core-columns-is-layout-9d6595d7 wp-block-columns-is-layout-flex\">\n<div class=\"wp-block-column is-layout-flow wp-block-column-is-layout-flow\">\n<figure class=\"wp-block-image size-full\"><img loading=\"lazy\" decoding=\"async\" width=\"731\" height=\"286\" src=\"https:\/\/www.cafosa.com\/wp-content\/uploads\/2023\/09\/banner.webp\" alt=\"\" class=\"wp-image-1108\" srcset=\"https:\/\/www.cafosa.com\/wp-content\/uploads\/2023\/09\/banner.webp 731w, https:\/\/www.cafosa.com\/wp-content\/uploads\/2023\/09\/banner-300x117.webp 300w\" sizes=\"auto, (max-width: 731px) 100vw, 731px\" \/><\/figure>\n<\/div>\n\n\n\n<div class=\"wp-block-column is-vertically-aligned-center is-layout-flow wp-block-column-is-layout-flow\"><style>@media only screen and (max-width: 1200px) {.gb-69e1cee94be04{font-size: 40px!important;}}@media only screen and (max-width: 600px) {.gb-69e1cee94be04{font-size: 40px!important;}}<\/style>\n<h1 class=\"gb-69e1cee94be04 wp-block-heading has-text-align-center\" style=\"font-size:60px\">Grupo RB<\/h1>\n<\/div>\n<\/div>\n<\/div><\/div><\/div>\n\n\n\n<div style=\"padding-left:2%;padding-right:2%;padding-bottom:4%;padding-top:5%\" class=\"wp-block-genesis-blocks-gb-container gb-block-container\"><div class=\"gb-container-inside\"><div class=\"gb-container-content\" style=\"max-width:1200px\">\n<div class=\"wp-block-columns is-layout-flex wp-container-core-columns-is-layout-9d6595d7 wp-block-columns-is-layout-flex\">\n<div class=\"wp-block-column light is-layout-flow wp-block-column-is-layout-flow\"><style>@media only screen and (max-width: 1200px) {.gb-69e1cee94fc93{font-size: 30px!important;}}@media only screen and (max-width: 600px) {.gb-69e1cee94fc93{font-size: 25px!important;}}<\/style>\n<h2 class=\"gb-69e1cee94fc93 wp-block-heading mb-20\" style=\"font-size:40px\">Cafosa forma parte del grupo RB<\/h2>\n\n\n\n<p><strong>El Grupo RB<\/strong> es mundialmente reconocido como uno de los <strong>grupos m\u00e1s importantes en el sector de la producci\u00f3n y comercializaci\u00f3n de resinas naturales<\/strong>, colofonia, aguarr\u00e1s y sus derivados.<\/p>\n\n\n\n<p><\/p>\n\n\n\n<p>Las resinas naturales se usan en muchos sectores como el <strong>qu\u00edmico, el alimentario, el cosm\u00e9tico y el farmac\u00e9utico.<\/strong><\/p>\n\n\n\n<p><\/p>\n\n\n\n<p>Podemos citar como ejemplos las <strong>pinturas, los barnices, los adhesivos, las ceras depilatorias, las esencias perfumadas, los ung\u00fcentos<\/strong> para dolores musculares y, por supuesto, la <strong>goma base.<\/strong><\/p>\n\n\n\n<p><\/p>\n\n\n\n<p>Con <strong>f\u00e1bricas<\/strong> bien estructuradas y estrat\u00e9gicamente situadas cerca de los <strong>principales puertos brasile\u00f1os<\/strong> y tambi\u00e9n en <strong>Espa\u00f1a<\/strong>, el Grupo RB est\u00e1 preparado para atender con <strong>m\u00e1xima eficiencia<\/strong> a todos sus clientes, repartidos en los cinco continentes.<\/p>\n<\/div>\n\n\n\n<div class=\"wp-block-column is-vertically-aligned-center is-layout-flow wp-block-column-is-layout-flow\"><div class=\"wp-block-image\">\n<figure class=\"aligncenter size-full is-resized\"><img loading=\"lazy\" decoding=\"async\" width=\"597\" height=\"553\" src=\"https:\/\/www.cafosa.com\/wp-content\/uploads\/2023\/08\/grupo-2065.webp\" alt=\"Grupo RB\" class=\"wp-image-488\" style=\"object-fit:contain;width:380px;height:342px\" srcset=\"https:\/\/www.cafosa.com\/wp-content\/uploads\/2023\/08\/grupo-2065.webp 597w, https:\/\/www.cafosa.com\/wp-content\/uploads\/2023\/08\/grupo-2065-300x278.webp 300w\" sizes=\"auto, (max-width: 597px) 100vw, 597px\" \/><\/figure>\n<\/div><\/div>\n<\/div>\n\n\n\n<h2 class=\"wp-block-heading has-text-align-left mt-40 ta-center-mobile\">Visita&#8230;<\/h2>\n\n\n\n<div class=\"wp-block-columns mt-60 is-layout-flex wp-container-core-columns-is-layout-9d6595d7 wp-block-columns-is-layout-flex\">\n<div class=\"wp-block-column is-layout-flow wp-block-column-is-layout-flow\"><div class=\"wp-block-image\">\n<figure class=\"aligncenter size-full is-resized\"><img loading=\"lazy\" decoding=\"async\" width=\"597\" height=\"553\" src=\"https:\/\/www.cafosa.com\/wp-content\/uploads\/2023\/08\/grupo-2065.webp\" alt=\"Grupo RB\" class=\"wp-image-486\" style=\"object-fit:contain;width:400px;height:370px\" srcset=\"https:\/\/www.cafosa.com\/wp-content\/uploads\/2023\/08\/grupo-2065.webp 597w, https:\/\/www.cafosa.com\/wp-content\/uploads\/2023\/08\/grupo-2065-300x278.webp 300w\" sizes=\"auto, (max-width: 597px) 100vw, 597px\" \/><\/figure>\n<\/div><\/div>\n\n\n\n<div class=\"wp-block-column is-vertically-aligned-center is-layout-flow wp-block-column-is-layout-flow\">\n<h2 class=\"wp-block-heading\">Grupo RB<\/h2>\n\n\n\n<p class=\"rounded pb-4\" style=\"font-size:18px\">L\u00edder en resinas naturales. M\u00e1s de 110 a\u00f1os de tradici\u00f3n y calidad. Conoce nuestro negocio!<\/p>\n\n\n\n<div class=\"wp-block-buttons is-layout-flex wp-block-buttons-is-layout-flex\">\n<div class=\"wp-block-button has-custom-font-size with-shadow has-small-font-size\"><a class=\"wp-block-button__link has-background wp-element-button\" href=\"https:\/\/gruporesinasbrasil.com.br\/es\/\" style=\"background-color:#128a3a\" target=\"_blank\" rel=\"noreferrer noopener\"><strong>Ir al sitio web<\/strong><\/a><\/div>\n<\/div>\n<\/div>\n<\/div>\n\n\n\n<div class=\"wp-block-columns mt-60 is-layout-flex wp-container-core-columns-is-layout-9d6595d7 wp-block-columns-is-layout-flex\">\n<div class=\"wp-block-column is-vertically-aligned-center is-layout-flow wp-block-column-is-layout-flow\">\n<h2 class=\"wp-block-heading\">Luresa<\/h2>\n\n\n\n<p class=\"rounded pb-4\" style=\"font-size:18px\">Resina de colofonia y sus derivados desde nuestra f\u00e1brica situada en el centro de Espa\u00f1a (Segovia)<\/p>\n\n\n\n<div class=\"wp-block-buttons is-layout-flex wp-block-buttons-is-layout-flex\">\n<div class=\"wp-block-button has-custom-font-size with-shadow has-small-font-size\"><a class=\"wp-block-button__link has-background wp-element-button\" href=\"http:\/\/www.luresaresinas.com\/esp\/quim\/index.html\" style=\"background-color:#128a3a\" target=\"_blank\" rel=\"noreferrer noopener\"><strong><strong>Ir al sitio web<\/strong><\/strong><\/a><\/div>\n<\/div>\n<\/div>\n\n\n\n<div class=\"wp-block-column is-layout-flow wp-block-column-is-layout-flow\"><div class=\"wp-block-image\">\n<figure class=\"aligncenter size-full is-resized\"><img loading=\"lazy\" decoding=\"async\" width=\"726\" height=\"564\" src=\"https:\/\/www.cafosa.com\/wp-content\/uploads\/2023\/08\/luresa.webp\" alt=\"Luresa Resina SL\" class=\"wp-image-495\" style=\"object-fit:contain;width:400px;height:370px\" srcset=\"https:\/\/www.cafosa.com\/wp-content\/uploads\/2023\/08\/luresa.webp 726w, https:\/\/www.cafosa.com\/wp-content\/uploads\/2023\/08\/luresa-300x233.webp 300w\" sizes=\"auto, (max-width: 726px) 100vw, 726px\" \/><\/figure>\n<\/div><\/div>\n<\/div>\n\n\n\n<div class=\"wp-block-columns mt-60 is-layout-flex wp-container-core-columns-is-layout-9d6595d7 wp-block-columns-is-layout-flex\">\n<div class=\"wp-block-column is-layout-flow wp-block-column-is-layout-flow\"><div class=\"wp-block-image\">\n<figure class=\"aligncenter size-full is-resized\"><img loading=\"lazy\" decoding=\"async\" width=\"726\" height=\"570\" src=\"https:\/\/www.cafosa.com\/wp-content\/uploads\/2023\/08\/sweet-gum.webp\" alt=\"Sweet gum\" class=\"wp-image-503\" style=\"object-fit:contain;width:400px;height:370px\" srcset=\"https:\/\/www.cafosa.com\/wp-content\/uploads\/2023\/08\/sweet-gum.webp 726w, https:\/\/www.cafosa.com\/wp-content\/uploads\/2023\/08\/sweet-gum-300x236.webp 300w\" sizes=\"auto, (max-width: 726px) 100vw, 726px\" \/><\/figure>\n<\/div><\/div>\n\n\n\n<div class=\"wp-block-column is-vertically-aligned-center is-layout-flow wp-block-column-is-layout-flow\">\n<h2 class=\"wp-block-heading\">Sweet Gum<\/h2>\n\n\n\n<p class=\"rounded pb-4\" style=\"font-size:18px\">Fundada en 2011, Sweet Gum es otra unidad de goma base ubicada en Brasil<\/p>\n\n\n\n<div class=\"wp-block-buttons mt-20 is-layout-flex wp-block-buttons-is-layout-flex\">\n<div class=\"wp-block-button has-custom-font-size with-shadow has-small-font-size\"><a class=\"wp-block-button__link has-background wp-element-button\" href=\"https:\/\/sweetgum.com.br\/\" style=\"background-color:#e00084\" target=\"_blank\" rel=\"noreferrer noopener\"><strong><strong>Ir al sitio web<\/strong><\/strong><\/a><\/div>\n<\/div>\n<\/div>\n<\/div>\n<\/div><\/div><\/div>\n","protected":false},"excerpt":{"rendered":"","protected":false},"author":1,"featured_media":0,"parent":0,"menu_order":0,"comment_status":"closed","ping_status":"closed","template":"","meta":{"_eb_attr":"","footnotes":""},"class_list":["post-1177","page","type-page","status-publish","hentry"],"featured_image_src":null,"featured_image_src_square":null,"_links":{"self":[{"href":"https:\/\/www.cafosa.com\/es\/wp-json\/wp\/v2\/pages\/1177","targetHints":{"allow":["GET"]}}],"collection":[{"href":"https:\/\/www.cafosa.com\/es\/wp-json\/wp\/v2\/pages"}],"about":[{"href":"https:\/\/www.cafosa.com\/es\/wp-json\/wp\/v2\/types\/page"}],"author":[{"embeddable":true,"href":"https:\/\/www.cafosa.com\/es\/wp-json\/wp\/v2\/users\/1"}],"replies":[{"embeddable":true,"href":"https:\/\/www.cafosa.com\/es\/wp-json\/wp\/v2\/comments?post=1177"}],"version-history":[{"count":5,"href":"https:\/\/www.cafosa.com\/es\/wp-json\/wp\/v2\/pages\/1177\/revisions"}],"predecessor-version":[{"id":17550,"href":"https:\/\/www.cafosa.com\/es\/wp-json\/wp\/v2\/pages\/1177\/revisions\/17550"}],"wp:attachment":[{"href":"https:\/\/www.cafosa.com\/es\/wp-json\/wp\/v2\/media?parent=1177"}],"curies":[{"name":"wp","href":"https:\/\/api.w.org\/{rel}","templated":true}]}}