{"id":1179,"date":"2023-08-10T15:48:02","date_gmt":"2023-08-10T13:48:02","guid":{"rendered":"https:\/\/www.cafosa.com\/?page_id=1179"},"modified":"2024-04-23T13:16:37","modified_gmt":"2024-04-23T11:16:37","slug":"sobre-nosotros","status":"publish","type":"page","link":"https:\/\/www.cafosa.com\/es\/sobre-nosotros\/","title":{"rendered":"Sobre nosotros"},"content":{"rendered":"\n<div style=\"background-color:#e7f3ec\" class=\"wp-block-genesis-blocks-gb-container p-0 container-banner gb-block-container\"><div class=\"gb-container-inside\"><div class=\"gb-container-content\">\n<div class=\"wp-block-columns is-layout-flex wp-container-core-columns-is-layout-9d6595d7 wp-block-columns-is-layout-flex\">\n<div class=\"wp-block-column is-layout-flow wp-block-column-is-layout-flow\">\n<figure class=\"wp-block-image size-large\"><img loading=\"lazy\" decoding=\"async\" width=\"1024\" height=\"403\" src=\"https:\/\/www.cafosa.com\/wp-content\/uploads\/2023\/08\/banner-about-us-1024x403.webp\" alt=\"\" class=\"wp-image-515\" srcset=\"https:\/\/www.cafosa.com\/wp-content\/uploads\/2023\/08\/banner-about-us-1024x403.webp 1024w, https:\/\/www.cafosa.com\/wp-content\/uploads\/2023\/08\/banner-about-us-300x118.webp 300w, https:\/\/www.cafosa.com\/wp-content\/uploads\/2023\/08\/banner-about-us-768x302.webp 768w, https:\/\/www.cafosa.com\/wp-content\/uploads\/2023\/08\/banner-about-us-1536x604.webp 1536w, https:\/\/www.cafosa.com\/wp-content\/uploads\/2023\/08\/banner-about-us.webp 1754w\" sizes=\"auto, (max-width: 1024px) 100vw, 1024px\" \/><\/figure>\n<\/div>\n\n\n\n<div class=\"wp-block-column is-vertically-aligned-center is-layout-flow wp-block-column-is-layout-flow\"><style>@media only screen and (max-width: 1200px) {.gb-69e1d0debeab5{font-size: 40px!important;}}@media only screen and (max-width: 600px) {.gb-69e1d0debeab5{font-size: 40px!important;}}<\/style>\n<h1 class=\"gb-69e1d0debeab5 wp-block-heading has-text-align-center\" style=\"font-size:60px\">Sobre nosotros<\/h1>\n<\/div>\n<\/div>\n<\/div><\/div><\/div>\n\n\n\n<div style=\"padding-left:2%;padding-right:2%;padding-bottom:4%;padding-top:4%\" class=\"wp-block-genesis-blocks-gb-container gb-block-container\"><div class=\"gb-container-inside\"><div class=\"gb-container-content\" style=\"max-width:1200px\"><style>@media only screen and (max-width: 1200px) {.gb-69e1d0dec2b96{font-size: 30px!important;}}@media only screen and (max-width: 600px) {.gb-69e1d0dec2b96{font-size: 25px!important;}}<\/style>\n<h2 class=\"gb-69e1d0dec2b96 wp-block-heading has-text-align-center mb-20\" style=\"font-size:40px\">Cafosa: l\u00edder mundial en suministro de goma base<\/h2>\n\n\n\n<p class=\"has-text-align-center light\">Hace 40 a\u00f1os, Cafosa fue fundada para v<strong>ender goma base a fabricantes de goma en el mundo y brindarles asistencia t\u00e9cnica<\/strong>. El objetivo era crear diferentes experiencias para los consumidores y crear una categor\u00eda inspiradora junto con nuestros clientes. Este objetivo todav\u00eda nos impulsa hoy.<\/p>\n\n\n\n<p><\/p>\n\n\n\n<p class=\"has-text-align-center light\">Siguiendo un plan de expansi\u00f3n geogr\u00e1fica a finales de los 90, Cafosa fue adquirida por Wrigley en 2004, y cuatro a\u00f1os despu\u00e9s por Mars Inc.<\/p>\n\n\n\n<p><\/p>\n\n\n\n<p class=\"has-text-align-center light\">En 2014, Cafosa diversific\u00f3 su negocio principal y cre\u00f3&nbsp;<strong>Cafosa Health<\/strong>, una unidad de negocio dedicada a ser pioneros en el mercado del&nbsp;<strong>chicle medicinal y funcional<\/strong>.<\/p>\n\n\n\n<p class=\"has-text-align-center light\">En octubre del 2022 fue adquirida por <strong>Grupo Resinas Brasil<\/strong>, l\u00edder mundial en resinas naturales.<\/p>\n\n\n\n<p><\/p>\n\n\n\n<p class=\"has-text-align-center light\">Todos nuestros productos son fabricados seg\u00fan las buenas pr\u00e1cticas de fabricaci\u00f3n de alimentos y todos nuestros ingredientes cumplen las normas de calidad m\u00e1s exigentes.<\/p>\n<\/div><\/div><\/div>\n\n\n\n<div style=\"background-color:#f3f8f5;padding-left:2%;padding-right:2%;padding-bottom:4%;padding-top:4%\" class=\"wp-block-genesis-blocks-gb-container gb-block-container\"><div class=\"gb-container-inside\"><div class=\"gb-container-content\" style=\"max-width:1200px\"><style>@media only screen and (max-width: 1200px) {.gb-69e1d0dec6498{font-size: 30px!important;}}@media only screen and (max-width: 600px) {.gb-69e1d0dec6498{font-size: 24px!important;}}<\/style>\n<h2 class=\"gb-69e1d0dec6498 wp-block-heading has-text-align-center\" style=\"font-size:40px\">Nuestros valores<\/h2>\n\n\n\n<div class=\"wp-block-columns mt-40 is-layout-flex wp-container-core-columns-is-layout-9d6595d7 wp-block-columns-is-layout-flex\">\n<div class=\"wp-block-column is-layout-flow wp-block-column-is-layout-flow\"><div class=\"wp-block-image\">\n<figure class=\"aligncenter size-full is-resized\"><img loading=\"lazy\" decoding=\"async\" width=\"472\" height=\"430\" src=\"https:\/\/www.cafosa.com\/wp-content\/uploads\/2023\/08\/img-boldness.webp\" alt=\"Image boldness\" class=\"wp-image-518\" style=\"object-fit:contain;width:247px;height:225px\" srcset=\"https:\/\/www.cafosa.com\/wp-content\/uploads\/2023\/08\/img-boldness.webp 472w, https:\/\/www.cafosa.com\/wp-content\/uploads\/2023\/08\/img-boldness-300x273.webp 300w\" sizes=\"auto, (max-width: 472px) 100vw, 472px\" \/><\/figure>\n<\/div>\n\n\n<h3 class=\"wp-block-heading has-text-align-center mt-20\">Audacia<\/h3>\n\n\n\n<p class=\"has-text-align-center light pt-3\">Tener el valor y la determinaci\u00f3n para superar retos y buscar nuevos l\u00edmites.<\/p>\n<\/div>\n\n\n\n<div class=\"wp-block-column is-layout-flow wp-block-column-is-layout-flow\"><div class=\"wp-block-image\">\n<figure class=\"aligncenter size-full is-resized\"><img loading=\"lazy\" decoding=\"async\" width=\"474\" height=\"432\" src=\"https:\/\/www.cafosa.com\/wp-content\/uploads\/2023\/08\/img-organization.webp\" alt=\"\" class=\"wp-image-521\" style=\"object-fit:contain;width:247px;height:225px\" srcset=\"https:\/\/www.cafosa.com\/wp-content\/uploads\/2023\/08\/img-organization.webp 474w, https:\/\/www.cafosa.com\/wp-content\/uploads\/2023\/08\/img-organization-300x273.webp 300w\" sizes=\"auto, (max-width: 474px) 100vw, 474px\" \/><\/figure>\n<\/div>\n\n\n<h3 class=\"wp-block-heading has-text-align-center mt-20\">Organizaci\u00f3n<\/h3>\n\n\n\n<p class=\"has-text-align-center light pt-3\">Mantener una estructura \u00e1gil y coordinada que maximice los resultados.<\/p>\n<\/div>\n\n\n\n<div class=\"wp-block-column is-layout-flow wp-block-column-is-layout-flow\"><div class=\"wp-block-image\">\n<figure class=\"aligncenter size-full is-resized\"><img loading=\"lazy\" decoding=\"async\" width=\"468\" height=\"434\" src=\"https:\/\/www.cafosa.com\/wp-content\/uploads\/2023\/08\/img-ethics.webp\" alt=\"Image ethics\" class=\"wp-image-524\" style=\"object-fit:contain;width:247px;height:225px\" srcset=\"https:\/\/www.cafosa.com\/wp-content\/uploads\/2023\/08\/img-ethics.webp 468w, https:\/\/www.cafosa.com\/wp-content\/uploads\/2023\/08\/img-ethics-300x278.webp 300w\" sizes=\"auto, (max-width: 468px) 100vw, 468px\" \/><\/figure>\n<\/div>\n\n\n<h3 class=\"wp-block-heading has-text-align-center mt-20\">\u00c9tica<\/h3>\n\n\n\n<p class=\"has-text-align-center light pt-3\">Actuar de forma responsable con todos los que interact\u00faan con nuestra empresa.<\/p>\n<\/div>\n<\/div>\n\n\n\n<div class=\"wp-block-columns mt-4 is-layout-flex wp-container-core-columns-is-layout-9d6595d7 wp-block-columns-is-layout-flex\">\n<div class=\"wp-block-column is-layout-flow wp-block-column-is-layout-flow\">\n<div class=\"wp-block-columns is-layout-flex wp-container-core-columns-is-layout-9d6595d7 wp-block-columns-is-layout-flex\">\n<div class=\"wp-block-column is-layout-flow wp-block-column-is-layout-flow\" style=\"flex-basis:33.33%\"><\/div>\n\n\n\n<div class=\"wp-block-column is-layout-flow wp-block-column-is-layout-flow\" style=\"flex-basis:66.66%\"><div class=\"wp-block-image\">\n<figure class=\"aligncenter size-full is-resized\"><img loading=\"lazy\" decoding=\"async\" width=\"474\" height=\"436\" src=\"https:\/\/www.cafosa.com\/wp-content\/uploads\/2023\/08\/img-commitment-1.webp\" alt=\"Image commitment\" class=\"wp-image-535\" style=\"object-fit:contain;width:247px;height:255px\" srcset=\"https:\/\/www.cafosa.com\/wp-content\/uploads\/2023\/08\/img-commitment-1.webp 474w, https:\/\/www.cafosa.com\/wp-content\/uploads\/2023\/08\/img-commitment-1-300x276.webp 300w\" sizes=\"auto, (max-width: 474px) 100vw, 474px\" \/><\/figure>\n<\/div>\n\n\n<h3 class=\"wp-block-heading has-text-align-center mt-20\">Compromiso<\/h3>\n\n\n\n<p class=\"has-text-align-center light pt-3\">Promover y motivar el compromiso de las personas, con una visi\u00f3n clara de sus responsabilidades y compromisos dentro de la empresa, centr\u00e1ndose en la planificaci\u00f3n, los objetivos y la b\u00fasqueda de la superaci\u00f3n de los resultados.<\/p>\n<\/div>\n<\/div>\n<\/div>\n\n\n\n<div class=\"wp-block-column is-layout-flow wp-block-column-is-layout-flow\">\n<div class=\"wp-block-columns is-layout-flex wp-container-core-columns-is-layout-9d6595d7 wp-block-columns-is-layout-flex\">\n<div class=\"wp-block-column is-layout-flow wp-block-column-is-layout-flow\" style=\"flex-basis:66.66%\"><div class=\"wp-block-image\">\n<figure class=\"aligncenter size-full is-resized\"><img loading=\"lazy\" decoding=\"async\" width=\"474\" height=\"438\" src=\"https:\/\/www.cafosa.com\/wp-content\/uploads\/2023\/08\/AnyConv.com__img-team.webp\" alt=\"Image team\" class=\"wp-image-542\" style=\"object-fit:contain;width:247px;height:255px\" srcset=\"https:\/\/www.cafosa.com\/wp-content\/uploads\/2023\/08\/AnyConv.com__img-team.webp 474w, https:\/\/www.cafosa.com\/wp-content\/uploads\/2023\/08\/AnyConv.com__img-team-300x277.webp 300w\" sizes=\"auto, (max-width: 474px) 100vw, 474px\" \/><\/figure>\n<\/div>\n\n\n<h3 class=\"wp-block-heading has-text-align-center mt-20\">Equipo<\/h3>\n\n\n\n<p class=\"has-text-align-center light pt-3\">Dar prioridad a la valoraci\u00f3n humana y trabajar de forma integrada, buscando la innovaci\u00f3n y la mejora continua.<\/p>\n<\/div>\n\n\n\n<div class=\"wp-block-column is-layout-flow wp-block-column-is-layout-flow\" style=\"flex-basis:33.33%\"><\/div>\n<\/div>\n<\/div>\n<\/div>\n<\/div><\/div><\/div>\n\n\n\n<div style=\"padding-left:2%;padding-right:1.5%;padding-bottom:4%;padding-top:4%\" class=\"wp-block-genesis-blocks-gb-container mt-40 gb-block-container\"><div class=\"gb-container-inside\"><div class=\"gb-container-content\" style=\"max-width:1200px\"><style>@media only screen and (max-width: 1200px) {.gb-69e1d0decabb8{font-size: 20px!important;}}@media only screen and (max-width: 600px) {.gb-69e1d0decabb8{font-size: 25px!important;}}<\/style>\n<h2 class=\"gb-69e1d0decabb8 wp-block-heading has-text-align-center\" style=\"font-size:40px\">Nuestro compromiso<\/h2>\n\n\n\n<p class=\"has-text-align-center light\">En Cafosa estamos comprometidos en conservar los recursos mediante la reutilizaci\u00f3n, el reciclaje y la adopci\u00f3n de procesos que reducen el consumo de materias primas, energ\u00eda.<\/p>\n\n\n\n<p class=\"has-text-align-center light\">Creemos firmemente que m\u00e1s all\u00e1 de lograr beneficios, nuestra empresa tiene el deber de cuidar la seguridad de nuestros&nbsp;<em>empleados <\/em>y minimizar el impacto de nuestra actividad en el medio ambiente.<\/p>\n\n\n\n<p class=\"has-text-align-center light\">Al mismo tiempo, la calidad es nuestro foco y trabajamos con los est\u00e1ndares m\u00e1s altos de la industria.<\/p>\n\n\n\n<p><\/p>\n\n\n\n<p class=\"has-text-align-center light mt-40\">Certificados por <strong>Lloyd Register Qualiy Assurance (LRQA):<\/strong><\/p>\n\n\n\n<div class=\"wp-block-columns mt-60 is-layout-flex wp-container-core-columns-is-layout-9d6595d7 wp-block-columns-is-layout-flex\">\n<div class=\"wp-block-column is-layout-flow wp-block-column-is-layout-flow\"><div class=\"wp-block-image\">\n<figure class=\"aligncenter size-full is-resized\"><img loading=\"lazy\" decoding=\"async\" width=\"539\" height=\"533\" src=\"https:\/\/www.cafosa.com\/wp-content\/uploads\/2024\/04\/Logo-ISO-9001_2015.jpg\" alt=\"\" class=\"wp-image-17127\" style=\"aspect-ratio:1;object-fit:contain;width:140px;height:auto\" srcset=\"https:\/\/www.cafosa.com\/wp-content\/uploads\/2024\/04\/Logo-ISO-9001_2015.jpg 539w, https:\/\/www.cafosa.com\/wp-content\/uploads\/2024\/04\/Logo-ISO-9001_2015-300x297.jpg 300w\" sizes=\"auto, (max-width: 539px) 100vw, 539px\" \/><\/figure>\n<\/div><\/div>\n\n\n\n<div class=\"wp-block-column is-layout-flow wp-block-column-is-layout-flow\"><div class=\"wp-block-image\">\n<figure class=\"aligncenter size-full is-resized\"><img loading=\"lazy\" decoding=\"async\" width=\"1100\" height=\"1181\" src=\"https:\/\/www.cafosa.com\/wp-content\/uploads\/2024\/04\/ISO-9001_-ISO-14001-CMYK.jpg\" alt=\"\" class=\"wp-image-17151\" style=\"aspect-ratio:1;object-fit:contain;width:158px;height:auto\" srcset=\"https:\/\/www.cafosa.com\/wp-content\/uploads\/2024\/04\/ISO-9001_-ISO-14001-CMYK.jpg 1100w, https:\/\/www.cafosa.com\/wp-content\/uploads\/2024\/04\/ISO-9001_-ISO-14001-CMYK-279x300.jpg 279w, https:\/\/www.cafosa.com\/wp-content\/uploads\/2024\/04\/ISO-9001_-ISO-14001-CMYK-954x1024.jpg 954w, https:\/\/www.cafosa.com\/wp-content\/uploads\/2024\/04\/ISO-9001_-ISO-14001-CMYK-768x825.jpg 768w\" sizes=\"auto, (max-width: 1100px) 100vw, 1100px\" \/><\/figure>\n<\/div><\/div>\n\n\n\n<div class=\"wp-block-column is-layout-flow wp-block-column-is-layout-flow\"><div class=\"wp-block-image\">\n<figure class=\"aligncenter size-full is-resized\"><img loading=\"lazy\" decoding=\"async\" width=\"485\" height=\"506\" src=\"https:\/\/www.cafosa.com\/wp-content\/uploads\/2024\/04\/Logo-ISO-14001_2015.jpg\" alt=\"\" class=\"wp-image-17130\" style=\"aspect-ratio:1;object-fit:contain;width:150px;height:auto\" srcset=\"https:\/\/www.cafosa.com\/wp-content\/uploads\/2024\/04\/Logo-ISO-14001_2015.jpg 485w, https:\/\/www.cafosa.com\/wp-content\/uploads\/2024\/04\/Logo-ISO-14001_2015-288x300.jpg 288w\" sizes=\"auto, (max-width: 485px) 100vw, 485px\" \/><\/figure>\n<\/div><\/div>\n\n\n\n<div class=\"wp-block-column is-layout-flow wp-block-column-is-layout-flow\"><div class=\"wp-block-image\">\n<figure class=\"aligncenter size-full is-resized\"><img loading=\"lazy\" decoding=\"async\" width=\"1100\" height=\"1181\" src=\"https:\/\/www.cafosa.com\/wp-content\/uploads\/2024\/04\/FSSC-22000-Food-Safety-CMYK.jpg\" alt=\"\" class=\"wp-image-17154\" style=\"aspect-ratio:1;object-fit:contain;width:154px;height:auto\" srcset=\"https:\/\/www.cafosa.com\/wp-content\/uploads\/2024\/04\/FSSC-22000-Food-Safety-CMYK.jpg 1100w, https:\/\/www.cafosa.com\/wp-content\/uploads\/2024\/04\/FSSC-22000-Food-Safety-CMYK-279x300.jpg 279w, https:\/\/www.cafosa.com\/wp-content\/uploads\/2024\/04\/FSSC-22000-Food-Safety-CMYK-954x1024.jpg 954w, https:\/\/www.cafosa.com\/wp-content\/uploads\/2024\/04\/FSSC-22000-Food-Safety-CMYK-768x825.jpg 768w\" sizes=\"auto, (max-width: 1100px) 100vw, 1100px\" \/><\/figure>\n<\/div><\/div>\n\n\n\n<div class=\"wp-block-column is-layout-flow wp-block-column-is-layout-flow\"><div class=\"wp-block-image\">\n<figure class=\"aligncenter size-full is-resized\"><img loading=\"lazy\" decoding=\"async\" width=\"653\" height=\"237\" src=\"https:\/\/www.cafosa.com\/wp-content\/uploads\/2024\/04\/logo-FSSC-22000.png\" alt=\"\" class=\"wp-image-17133\" style=\"aspect-ratio:1.8645833333333333;object-fit:contain;width:246px;height:auto\" srcset=\"https:\/\/www.cafosa.com\/wp-content\/uploads\/2024\/04\/logo-FSSC-22000.png 653w, https:\/\/www.cafosa.com\/wp-content\/uploads\/2024\/04\/logo-FSSC-22000-300x109.png 300w\" sizes=\"auto, (max-width: 653px) 100vw, 653px\" \/><\/figure>\n<\/div><\/div>\n<\/div>\n\n\n\n<p class=\"has-text-align-center mt-60 light\">Otros<\/p>\n\n\n\n<div class=\"wp-block-columns mt-60 is-layout-flex wp-container-core-columns-is-layout-9d6595d7 wp-block-columns-is-layout-flex\">\n<div class=\"wp-block-column is-layout-flow wp-block-column-is-layout-flow\" style=\"flex-basis:25%\"><\/div>\n\n\n\n<div class=\"wp-block-column is-layout-flow wp-block-column-is-layout-flow\" style=\"flex-basis:50%\">\n<div class=\"wp-block-columns is-layout-flex wp-container-core-columns-is-layout-9d6595d7 wp-block-columns-is-layout-flex\">\n<div class=\"wp-block-column is-layout-flow wp-block-column-is-layout-flow\"><div class=\"wp-block-image\">\n<figure class=\"aligncenter size-full is-resized\"><img loading=\"lazy\" decoding=\"async\" width=\"341\" height=\"355\" src=\"https:\/\/www.cafosa.com\/wp-content\/uploads\/2024\/04\/Seckbach-Kosher-logo-1.jpg\" alt=\"\" class=\"wp-image-17142\" style=\"aspect-ratio:1;object-fit:contain;width:172px;height:auto\" srcset=\"https:\/\/www.cafosa.com\/wp-content\/uploads\/2024\/04\/Seckbach-Kosher-logo-1.jpg 341w, https:\/\/www.cafosa.com\/wp-content\/uploads\/2024\/04\/Seckbach-Kosher-logo-1-288x300.jpg 288w\" sizes=\"auto, (max-width: 341px) 100vw, 341px\" \/><\/figure>\n<\/div><\/div>\n\n\n\n<div class=\"wp-block-column is-layout-flow wp-block-column-is-layout-flow\"><div class=\"wp-block-image\">\n<figure class=\"aligncenter size-full is-resized\"><img loading=\"lazy\" decoding=\"async\" width=\"300\" height=\"321\" src=\"https:\/\/www.cafosa.com\/wp-content\/uploads\/2024\/04\/Marca-de-garantia-Halal-con-R-copia.bmp\" alt=\"\" class=\"wp-image-17139\" style=\"aspect-ratio:1;object-fit:cover;width:168px;height:auto\" srcset=\"https:\/\/www.cafosa.com\/wp-content\/uploads\/2024\/04\/Marca-de-garantia-Halal-con-R-copia.bmp 300w, https:\/\/www.cafosa.com\/wp-content\/uploads\/2024\/04\/Marca-de-garantia-Halal-con-R-copia-280x300.jpg 280w\" sizes=\"auto, (max-width: 300px) 100vw, 300px\" \/><\/figure>\n<\/div><\/div>\n<\/div>\n<\/div>\n\n\n\n<div class=\"wp-block-column is-layout-flow wp-block-column-is-layout-flow\" style=\"flex-basis:25%\">\n<figure class=\"wp-block-image size-full is-resized\"><img loading=\"lazy\" decoding=\"async\" width=\"313\" height=\"232\" src=\"https:\/\/www.cafosa.com\/wp-content\/uploads\/2024\/04\/RSPO-logo-with-TradeMark-Licence-number.png\" alt=\"\" class=\"wp-image-17134\" style=\"width:273px;height:auto\" srcset=\"https:\/\/www.cafosa.com\/wp-content\/uploads\/2024\/04\/RSPO-logo-with-TradeMark-Licence-number.png 313w, https:\/\/www.cafosa.com\/wp-content\/uploads\/2024\/04\/RSPO-logo-with-TradeMark-Licence-number-300x222.png 300w\" sizes=\"auto, (max-width: 313px) 100vw, 313px\" \/><\/figure>\n<\/div>\n\n\n\n<div class=\"wp-block-column is-layout-flow wp-block-column-is-layout-flow\" style=\"flex-basis:25%\"><\/div>\n<\/div>\n<\/div><\/div><\/div>\n","protected":false},"excerpt":{"rendered":"","protected":false},"author":1,"featured_media":0,"parent":0,"menu_order":0,"comment_status":"closed","ping_status":"closed","template":"","meta":{"_eb_attr":"","footnotes":""},"class_list":["post-1179","page","type-page","status-publish","hentry"],"featured_image_src":null,"featured_image_src_square":null,"_links":{"self":[{"href":"https:\/\/www.cafosa.com\/es\/wp-json\/wp\/v2\/pages\/1179","targetHints":{"allow":["GET"]}}],"collection":[{"href":"https:\/\/www.cafosa.com\/es\/wp-json\/wp\/v2\/pages"}],"about":[{"href":"https:\/\/www.cafosa.com\/es\/wp-json\/wp\/v2\/types\/page"}],"author":[{"embeddable":true,"href":"https:\/\/www.cafosa.com\/es\/wp-json\/wp\/v2\/users\/1"}],"replies":[{"embeddable":true,"href":"https:\/\/www.cafosa.com\/es\/wp-json\/wp\/v2\/comments?post=1179"}],"version-history":[{"count":5,"href":"https:\/\/www.cafosa.com\/es\/wp-json\/wp\/v2\/pages\/1179\/revisions"}],"predecessor-version":[{"id":17162,"href":"https:\/\/www.cafosa.com\/es\/wp-json\/wp\/v2\/pages\/1179\/revisions\/17162"}],"wp:attachment":[{"href":"https:\/\/www.cafosa.com\/es\/wp-json\/wp\/v2\/media?parent=1179"}],"curies":[{"name":"wp","href":"https:\/\/api.w.org\/{rel}","templated":true}]}}