{"id":1231,"date":"2023-09-13T10:16:06","date_gmt":"2023-09-13T13:16:06","guid":{"rendered":"https:\/\/www.cafosa.com\/?page_id=1231"},"modified":"2023-10-10T11:24:13","modified_gmt":"2023-10-10T14:24:13","slug":"politica-de-privacidad","status":"publish","type":"page","link":"https:\/\/www.cafosa.com\/es\/politica-de-privacidad\/","title":{"rendered":"Pol\u00edtica de privacidad"},"content":{"rendered":"\n<div style=\"padding-left:4%;padding-right:4%;padding-bottom:2%;padding-top:2%\" class=\"wp-block-genesis-blocks-gb-container gb-block-container\"><div class=\"gb-container-inside\"><div class=\"gb-container-content\">\n<h1 class=\"wp-block-heading\">Pol\u00edtica de privacidad<\/h1>\n\n\n\n<ol class=\"wp-block-list\">\n<li><strong>TEXTO 1 \u2013 FORMULARIO DE CONTACTO EN EL SITIO WEB<\/strong><\/li>\n<\/ol>\n\n\n\n<p><strong>CAFOSA GUM S.A<\/strong>., (en adelante, \u201c<strong>Cafosa<\/strong>\u201d) tratar\u00e1 sus datos personales con el fin de gestionar la solicitud, consulta o reclamaci\u00f3n que nos remite a trav\u00e9s del presente formulario y para el cumplimiento de obligaciones legales, as\u00ed como, para enviarle comunicaciones comerciales, incluso por v\u00eda electr\u00f3nica, en el caso de que nos de su consentimiento. Para obtener m\u00e1s informaci\u00f3n sobre c\u00f3mo tratamos sus datos y c\u00f3mo ejercer sus derechos, consulte nuestra&nbsp; <a href=\"https:\/\/laceroralhealth.com\/politica-privacidad\/\">Pol\u00edtica de Privacidad<\/a>.<\/p>\n\n\n\n<p>\u2610 He le\u00eddo y acepto la&nbsp;<a href=\"https:\/\/laceroralhealth.com\/politica-privacidad\/\">Pol\u00edtica de Privacidad<\/a>.<\/p>\n\n\n\n<p>\u2610 Consiento recibir comunicaciones comerciales sobre promociones y novedades de Cafosa.<\/p>\n\n\n\n<ol class=\"wp-block-list\" start=\"2\">\n<li><strong>TEXTO 2 \u2013 FORMULARIO CV<\/strong><\/li>\n<\/ol>\n\n\n\n<p><strong>CAFOSA GUM S.A<\/strong>., (en adelante, \u201c<strong>Cafosa<\/strong>\u201d) es el responsable del tratamiento de sus datos personales con la finalidad de gestionar su candidatura y procesos de selecci\u00f3n para valorar su candidatura en vacantes presentes o futuras.&nbsp; Para obtener m\u00e1s informaci\u00f3n sobre c\u00f3mo tratamos sus datos y c\u00f3mo ejercer sus derechos, consulte <a href=\"https:\/\/laceroralhealth.com\/politica-privacidad\/\">Pol\u00edtica de Privacidad<\/a>.<\/p>\n\n\n\n<p>\u2610 He le\u00eddo y acepto la&nbsp;<a href=\"https:\/\/laceroralhealth.com\/politica-privacidad\/\">Pol\u00edtica de Privacidad<\/a>.<\/p>\n\n\n\n<p>\u2610 Consiento el tratamiento de mis datos personales para que mis datos sean conservados para futuras ofertas de empleo de Cafosa una vez transcurrido un a\u00f1o desde la recepci\u00f3n de la candidatura<\/p>\n\n\n\n<p>Se deben realizar las siguientes configuraciones y comprobaciones:&nbsp;<\/p>\n\n\n\n<ul class=\"wp-block-list\">\n<li>Los checkbox no deben estar pre-marcados.<\/li>\n<\/ul>\n\n\n\n<ul class=\"wp-block-list\">\n<li>Se debe comprobar que el enlace incluido en la primera capa funciona correctamente, y que remite al texto correcto.<\/li>\n<\/ul>\n\n\n\n<ol class=\"wp-block-list\" start=\"2\">\n<li><strong>TEXTO DE SEGUNDA CAPA<\/strong><\/li>\n<\/ol>\n\n\n\n<p><strong><em>\u00daltima actualizaci\u00f3n: 18\/04\/2023<\/em><\/strong><\/p>\n\n\n\n<ol class=\"wp-block-list\">\n<li><strong>TEXTO 3 \u2013 POL\u00cdTICA DE PRIVACIDAD<\/strong><\/li>\n<\/ol>\n\n\n\n<p>De conformidad con la normativa aplicable de protecci\u00f3n de datos, esta Pol\u00edtica de Privacidad est\u00e1 destinada a ayudarle a entender qu\u00e9 datos personales recopila <strong>CAFOSA GUM S.A<\/strong>., (en adelante, \u201c<strong>Cafosa<\/strong>\u201d) y c\u00f3mo los trata.<\/p>\n\n\n\n<ol class=\"wp-block-list\">\n<li><strong>Responsable de tratamiento<\/strong><\/li>\n<\/ol>\n\n\n\n<p><strong>CAFOSA GUM S.A<\/strong>., (en adelante, \u201c<strong>Cafosa<\/strong>\u201d) con NIF A08503278, n\u00famero de tel\u00e9fono 937291729 y sede en C\/ Altimira, 7 A 17.&nbsp;08210,&nbsp;Barbera del Vall\u00e8s,&nbsp;Barcelona, Espa\u00f1a, es Responsable del tratamiento de sus datos personales para los fines descritos aqu\u00ed.&nbsp;<\/p>\n\n\n\n<p>Cafosa tratar\u00e1 los datos personales que se recaben en este sitio web, as\u00ed como en las plataformas que Cafosa pueda poner a su disposici\u00f3n, los perfiles de Cafosa en redes sociales y otros dominios de nuestra titularidad (en lo sucesivo, \u201cSitio\u201d o \u201cSitio web\u201d).<\/p>\n\n\n\n<p>Puede usted contactar con nuestro Responsable de Protecci\u00f3n de Datos a trav\u00e9s de la direcci\u00f3n postal indicada, o en la direcci\u00f3n de correo electr\u00f3nico <a href=\"mailto:dpo@cafosa.com\">dpo@cafosa.com<\/a><\/p>\n\n\n\n<p><strong>C\u00f3mo obtenemos sus datos personales<\/strong><\/p>\n\n\n\n<p>Los datos personales que se traten ser\u00e1n aquellos que usted nos facilite a trav\u00e9s de los distintos canales que Cafosa pone a su disposici\u00f3n, por ejemplo, a trav\u00e9s de los formularios disponibles.<\/p>\n\n\n\n<p>Asimismo, cuando visita el Sitio de Cafosa se utilizan diversas tecnolog\u00edas para recopilar y almacenar informaci\u00f3n y esto puede incluir el uso de cookies o tecnolog\u00edas similares para identificar su navegador o dispositivo. Cafosa tambi\u00e9n utiliza estas tecnolog\u00edas para recopilar y almacenar informaci\u00f3n cuando el usuario interacciona con servicios ofrecidos por Cafosa u otras funciones. Puede obtener m\u00e1s informaci\u00f3n sobre el tratamiento que Cafosa realiza de los datos personales obtenidos a trav\u00e9s de cookies o a ra\u00edz de su navegaci\u00f3n en el caso de que acepte la instalaci\u00f3n de cookies (para m\u00e1s informaci\u00f3n sobre las cookies del Sitio Web, visita nuestra Pol\u00edtica de Cookies).<\/p>\n\n\n\n<ol class=\"wp-block-list\" start=\"2\">\n<li><strong>Qu\u00e9 datos personales tratamos, para qu\u00e9 y por qu\u00e9 motivo<\/strong><\/li>\n<\/ol>\n\n\n\n<p>A continuaci\u00f3n, se enumeran estas finalidades, indicando qu\u00e9 datos se tratar\u00e1n (tipolog\u00eda de datos) y por qu\u00e9 motivo o en qu\u00e9 nos amparamos para ello (base legal). Los tratamientos que se listan a continuaci\u00f3n son aplicables a toda categor\u00eda de interesado que se vea afectado por ellos, salvo que se especifique lo contrario. Asimismo, tambi\u00e9n podremos tratar aquellos datos adicionales que usted, nos facilite o que se generen en el transcurso de su relaci\u00f3n con Cafosa para las finalidades expuestas anteriormente.&nbsp;<\/p>\n\n\n\n<figure class=\"wp-block-table\"><table><tbody><tr><td><strong>PETICIONES, CONSULTAS, RECLAMACIONES<\/strong><\/td><\/tr><tr><td><strong>FINALIDAD<\/strong><\/td><\/tr><tr><td>Atender las peticiones, consultas o reclamaciones a trav\u00e9s de los apartados y formularios de contacto del Sitio Web o a trav\u00e9s de otros canales como puede ser el correo electr\u00f3nico de informaci\u00f3n general sobre el Sitio Web.<\/td><\/tr><tr><td><strong>TIPOLOG\u00cdA DE DATOS<\/strong><\/td><\/tr><tr><td>Aquellos que se soliciten en cada formulario de recogida de datos personales y como m\u00ednimo los siguientes:&nbsp;Datos identificativos: nombre, apellidos, usuario.Datos de contacto: e-mail.Datos relacionados con la petici\u00f3n o solicitud facilitados por el usuario.<\/td><\/tr><tr><td><strong>BASE LEGAL<\/strong><\/td><\/tr><tr><td>Cuando se utilicen hojas de reclamaci\u00f3n, se basar\u00e1 en la obligaci\u00f3n legal de acuerdo con la normativa de defensa de los consumidores y usuarios.&nbsp;<br>En el caso de las restantes peticiones o reclamaciones, se basa en la relaci\u00f3n contractual o precontractual existente con el usuario y Cafosa al ofrecerle el servicio de atenci\u00f3n de consultas.<\/td><\/tr><tr><td><strong>OBLIGACIONES LEGALES<\/strong><\/td><\/tr><tr><td><strong>FINALIDAD<\/strong><\/td><\/tr><tr><td>Cumplimiento de nuestras obligaciones legales civiles, mercantiles, fiscales, contables y relativas al cumplimiento de la normativa de protecci\u00f3n de datos personales, entre otras que puedan ser de aplicaci\u00f3n.<\/td><\/tr><tr><td><strong>TIPOLOG\u00cdA DE DATOS<\/strong><\/td><\/tr><tr><td>Aquellos datos personales que nos facilite y que se generen en el transcurso de la relaci\u00f3n.<\/td><\/tr><tr><td><strong>BASE LEGAL<\/strong><\/td><\/tr><tr><td>Cumplimiento de una obligaci\u00f3n legal.<\/td><\/tr><tr><td><strong>CONTACTOS CORPORATIVOS DE CAFOSA&nbsp;<\/strong><\/td><\/tr><tr><td><strong>FINALIDAD<\/strong><\/td><\/tr><tr><td>Mantenimiento de relaciones de cualquier \u00edndole de la empresa, entidad u organizaci\u00f3n para la cual Ud. trabaja o colabora, o con Ud. en caso de ser un profesional independiente, que contacte a trav\u00e9s del Sitio Web o de cualquier formulario, canal de comunicaci\u00f3n o buz\u00f3n de correo electr\u00f3nico. Incluso a trav\u00e9s de la entrega de tarjetas de visita a personal de Cafosa.&nbsp;&nbsp;<\/td><\/tr><tr><td><strong>TIPOLOG\u00cdA DE DATOS<\/strong><\/td><\/tr><tr><td>Datos identificativos: nombre, apellidos.Datos de contacto: email, n\u00famero de tel\u00e9fono.Datos relacionados con la relaci\u00f3n establecida con Cafosa.<\/td><\/tr><tr><td><strong>BASE LEGAL<\/strong><\/td><\/tr><tr><td>El inter\u00e9s leg\u00edtimo de Cafosa derivado del contacto por motivos corporativos con los interesados, el cual, est\u00e1 expresamente reconocido por la normativa sobre privacidad. En particular, por la Ley Org\u00e1nica de Protecci\u00f3n de Datos Personales y Garant\u00eda de los Derechos Digitales.&nbsp;<\/td><\/tr><tr><td><strong>GESTI\u00d3N DE CANDIDATURAS<\/strong><\/td><\/tr><tr><td><strong>FINALIDAD<\/strong><\/td><\/tr><tr><td>Atender la entrada de solicitudes de empleo a trav\u00e9s del Sitio Web y llevar a cabo las acciones pertinentes para gestionar la solicitud como candidato de una presente o futura vacante de Cafosa, con la finalidad de poder valorar su perfil y su posible incorporaci\u00f3n respecto de las candidaturas ofertadas por Cafosa.<\/td><\/tr><tr><td><strong>TIPOLOG\u00cdA DE DATOS<\/strong><\/td><\/tr><tr><td>Los que sean depositados por el interesado en el canal de entrada del Sitio Web, as\u00ed como otros que se pongan a su disposici\u00f3n. y como m\u00ednimo:<br>Datos identificativos: nombre. apellidos, DNI, domicilio.Datos de contacto: e-mail, tel\u00e9fono.Informaci\u00f3n resultante de las entrevistas: informes de aptitud, resultados sobre el proceso de selecci\u00f3n, test de personalidad en algunos casos.Datos profesionales: CV, referencias de otros trabajos, experiencia profesional, motivaci\u00f3n para cambiar de empleo.<br>Tambi\u00e9n ser\u00e1n objeto de tratamiento los datos que se generen durante los procesos de selecci\u00f3n en los cuales participe, lo que implica la posibilidad de realizar un an\u00e1lisis de su perfil personal para evaluar su idoneidad con respecto al puesto vacante que corresponda. Entre dichos datos adicionales, se podr\u00e1n tratar datos publicados en redes sociales cuya configuraci\u00f3n de privacidad no est\u00e9 restringida a terceros y\/o aquellos datos publicados en internet.<\/td><\/tr><tr><td><strong>BASE LEGAL<\/strong><\/td><\/tr><tr><td>El tratamiento de sus datos personales est\u00e1 legitimado al resultar necesario para la aplicaci\u00f3n a petici\u00f3n de la persona candidata de medidas precontractuales o la intenci\u00f3n de concluir un contrato.&nbsp;<\/td><\/tr><tr><td><strong>SEGMENTACI\u00d3N Y PERSONALIZACI\u00d3N DEL SITIO WEB A TRAV\u00c9S DE COOKIES<\/strong><\/td><\/tr><tr><td><strong>FINALIDAD<\/strong><\/td><\/tr><tr><td>Personalizar y segmentar el contenido del Sitio Web a trav\u00e9s del empleo de cookies o tecnolog\u00edas similares cuando estas sean consentidas por el usuario a trav\u00e9s del banner correspondiente.<\/td><\/tr><tr><td><strong>TIPOLOG\u00cdA DE DATOS<\/strong><\/td><\/tr><tr><td>Datos de navegaci\u00f3nDatos t\u00e9cnicosDirecci\u00f3n IP<\/td><\/tr><tr><td><strong>BASE LEGAL<\/strong><\/td><\/tr><tr><td>El tratamiento de sus datos personales est\u00e1 legitimado por el consentimiento expreso que nos presta mediante el banner de cookies puesto a su disposici\u00f3n por Cafosa.<br>Podr\u00e1 retirar su consentimiento en cualquier momento de conformidad con la informaci\u00f3n facilitada en nuestra Pol\u00edtica de Cookies.<br>No obstante, Cafosa podr\u00e1 tratar informaci\u00f3n obtenida a trav\u00e9s de cookies o tecnolog\u00edas similares sin su consentimiento siempre y cuando se trata de informaci\u00f3n anonimizada o agregada que no contengan ning\u00fan ato que pueda llegar a identificar de forma directa o indirecta.<\/td><\/tr><tr><td><strong>ESTUDIOS ESTAD\u00cdSTICOS<\/strong><\/td><\/tr><tr><td><strong>FINALIDAD<\/strong><\/td><\/tr><tr><td>Realizaci\u00f3n de estudios estad\u00edsticos sobre el uso del Sitio Web, y la acogida de los productos y servicios de Cafosa.<\/td><\/tr><tr><td><strong>TIPOLOG\u00cdA DE DATOS<\/strong><\/td><\/tr><tr><td>Datos de navegaci\u00f3n.Datos t\u00e9cnicos.Direcci\u00f3n IP.<\/td><\/tr><tr><td><strong>BASE LEGAL<\/strong><\/td><\/tr><tr><td>El inter\u00e9s leg\u00edtimo de Cafosa de mejorar sus funcionalidades y el servicio prestado.<br>Cafosa ha realizado los an\u00e1lisis exigidos por la normativa de privacidad, por los que se confirma que prevalece el inter\u00e9s de Cafosa sobre los derechos de privacidad de sus clientes y usuarios. Si quiere acceder a dichos informes, puede solicitarlo en las direcciones de correo indicadas en el apartado Ejercicio de Derechos que encontrar\u00e1 en esta Pol\u00edtica de Privacidad.<\/td><\/tr><\/tbody><\/table><\/figure>\n\n\n\n<ol class=\"wp-block-list\" start=\"3\">\n<li><strong>Destinatarios<\/strong><\/li>\n<\/ol>\n\n\n\n<p>Los datos personales podr\u00e1n ser comunicados a los siguientes destinatarios, por los motivos que a continuaci\u00f3n se explican:<\/p>\n\n\n\n<figure class=\"wp-block-table\"><table><tbody><tr><td><strong>DESTINTATARIO<\/strong><\/td><td><strong>FINALIDAD<\/strong><\/td><td><strong>BASE LEGAL<\/strong><\/td><\/tr><tr><td><strong>Administraciones P\u00fablicas;<\/strong><strong>Juzgados y tribunales;<\/strong><strong>Fuerzas y cuerpos de seguridad<\/strong><\/td><td>Para el cumplimiento de las obligaciones legales a las que Cafosa est\u00e1 sujeta por el desarrollo de su actividad, y en los casos previstos en la Ley incluida la obtenci\u00f3n de subvenciones y ayudas p\u00fablicas.<\/td><td>Cumplir una obligaci\u00f3n legal.<\/td><\/tr><tr><td><strong>Empresas de auditor\u00eda contable<\/strong><\/td><td>Para el cumplimiento de las obligaciones legales de auditor\u00eda de cuentas a las que Cafosa est\u00e1 sujeto por su actividad.<\/td><td>Cumplir una obligaci\u00f3n legal.<\/td><\/tr><tr><td><strong>Otras sociedades a las que pertenezca Cafosa (Grupo RB)<\/strong><\/td><td>Podremos comunicar los datos al GrupoRB, al cual pertenece Cafosa, con fines organizativos internos.<\/td><td>Cumplimiento del inter\u00e9s leg\u00edtimo de Cafosa reconocido por la normativa aplicable en materia de protecci\u00f3n de datos.&nbsp;<\/td><\/tr><tr><td><strong>Proveedores con acceso a datos personales<\/strong><\/td><td>Terceros que actuar\u00e1n como prestadores de servicios, dichos proveedores podr\u00e1n tener acceso a sus datos personales al objeto de que puedan prestar los servicios y\/o cumplir con las obligaciones que se deriven de las relaciones jur\u00eddicas mantenidas entre los referidos terceros y Cafosa, en el marco de la prestaci\u00f3n de servicios contratados. En cualquier caso, Cafosa tiene suscritos con dichos proveedores los correspondientes contratos de confidencialidad y de protecci\u00f3n de sus datos, en pleno cumplimiento de lo establecido por la normativa vigente en materia de protecci\u00f3n de datos.<\/td><td>Ejecuci\u00f3n de la relaci\u00f3n contractual mantenida entre los proveedores y Cafosa.<\/td><\/tr><\/tbody><\/table><\/figure>\n\n\n\n<p>Desde Cafosa no compartiremos sus datos con otros terceros sin obtener previamente su consentimiento, con la salvedad de aquellos casos en que sea necesario para el cumplimiento de las obligaciones legales o contractuales a las que Cafosa est\u00e9 sujeto en cada momento por su naturaleza y actividad.<\/p>\n\n\n\n<p>Si en el futuro Cafosa realizar\u00e1 otras comunicaciones de datos personales, le informar\u00e1 oportunamente.<\/p>\n\n\n\n<ol class=\"wp-block-list\" start=\"4\">\n<li><strong>Transferencias Internacionales de datos&nbsp;<\/strong><\/li>\n<\/ol>\n\n\n\n<p><strong>Intragrupo&nbsp;<\/strong><\/p>\n\n\n\n<p>Debido a la naturaleza internacional de Cafosa, es posible que sus datos personales se transfieran y compartan con el Grupo RB, sociedad a la cual pertenece Cafosa, y cuyas oficinas se encuentran fuera de la Uni\u00f3n Europea. Cafosa protege dichas transferencias con arreglo a lo establecido en los acuerdos de transferencia de datos internacionales adoptados, que incorporan las Cl\u00e1usulas tipo de protecci\u00f3n de datos (Cl\u00e1usulas Contractuales Tipo) adoptadas por la Comisi\u00f3n Europea. Para obtener una copia de las Cl\u00e1usulas Contractuales Tipo aplicables en la UE adoptadas Cafosa puede dirigirse al Responsable de Protecci\u00f3n de Datos indicado al inicio de este documento.<\/p>\n\n\n\n<p><strong>Con terceros<\/strong><\/p>\n\n\n\n<p>CAFOSA puede contratar los servicios de proveedores ubicados en pa\u00edses fuera del Espacio Econ\u00f3mico Europeo, con base en decisiones de adecuaci\u00f3n de la Comisi\u00f3n Europea. En este caso, se considera que el pa\u00eds dispone de normativa equivalente a la europea. En el caso de que CAFOSA precise contratar servicios de proveedores ubicados en pa\u00edses que no disponen de normativa equivalente a la europea, su contrataci\u00f3n incluir\u00e1 todas las garant\u00edas y salvaguardas exigidas por la normativa para preservar su privacidad, previa verificaci\u00f3n de la legislaci\u00f3n del pa\u00eds de destino.&nbsp;<\/p>\n\n\n\n<p>Dichas salvaguardas pueden consistir en la aplicaci\u00f3n de cl\u00e1usulas contractuales y de garant\u00edas adicionales a las mismas, conforme a la normativa de cada pa\u00eds de destino, o de normas corporativas vinculantes aprobadas por las autoridades de protecci\u00f3n de datos. Tambi\u00e9n le informamos que la normativa nos permite enviar sus datos a dichos pa\u00edses, si resulta necesario para dar cumplimiento a nuestras obligaciones derivadas del servicio que usted nos solicita.<\/p>\n\n\n\n<p>Para m\u00e1s informaci\u00f3n sobre las garant\u00edas a su privacidad, o de los pa\u00edses de destino a los cuales necesitamos transferir sus datos para cumplir con nuestras obligaciones contractuales con Ud., puede dirigirse a CAFOSA, a trav\u00e9s de las direcciones indicadas en el apartado \u201cEjercicio de derechos\u201d de la presente Pol\u00edtica de Privacidad.<\/p>\n\n\n\n<ol class=\"wp-block-list\" start=\"5\">\n<li><strong>Decisiones automatizadas y elaboraci\u00f3n de perfiles<\/strong><\/li>\n<\/ol>\n\n\n\n<p>Cafosa no lleva a cabo ning\u00fan tratamiento de datos que implique la toma de decisiones de manera automatizada.<\/p>\n\n\n\n<p>En relaci\u00f3n con nuestros procesos de selecci\u00f3n, Cafosa lleva a cabo tratamientos de sus datos identificativos b\u00e1sicos, su evaluaci\u00f3n por competencias, con el fin de evaluar su idoneidad para las ofertas de trabajo que se publiquen. Para poder llevar a cabo este fin de tratamiento es necesaria la elaboraci\u00f3n de un perfil relacionado con los datos personales anteriormente identificados. El perfil elaborado es de un nivel de detalle bajo y \u00fanicamente se realiza para analizar aspectos relativos a su idoneidad para el puesto de trabajo de que se trate al resultar necesario para la ejecuci\u00f3n del contrato laboral que se le ofrezca con Cafosa.<\/p>\n\n\n\n<ol class=\"wp-block-list\" start=\"6\">\n<li><strong>Plazo de conservaci\u00f3n de sus datos.<\/strong><\/li>\n<\/ol>\n\n\n\n<p>Solo guardaremos sus datos personales mientras los necesitemos, con los fines para los que los recopilamos y para cumplir con requisitos legales, financieros, empresariales o de informaci\u00f3n. En algunas circunstancias, podremos anonimizar los datos personales para que no sean identificables y podamos seguir us\u00e1ndolos. Cuando ya no necesitemos los datos personales, los eliminaremos o destruiremos con seguridad.<\/p>\n\n\n\n<p>Cafosa conservar\u00e1 los datos recabados para llevar a cabo las mencionadas finalidades durante la vigencia de su vinculaci\u00f3n con Cafosa y, a\u00fan despu\u00e9s, hasta que prescriban las eventuales responsabilidades legales derivadas de las mismas.<\/p>\n\n\n\n<p>En el caso de que presente su candidatura, sus datos ser\u00e1n conservados en el plazo de un a\u00f1o desde que los mismos fueron recabados. Finalizado dicho, sus datos ser\u00e1n eliminados o, alternativamente, anonimizados, a excepci\u00f3n de que nos preste su consentimiento expreso, para lo cual, los datos personales ser\u00e1n conservados en tanto que no retire el mismo<\/p>\n\n\n\n<ol class=\"wp-block-list\" start=\"7\">\n<li><strong>Ejercicio de derechos.<\/strong><\/li>\n<\/ol>\n\n\n\n<p>Ud. puede ejercitar sus derechos de acceso, rectificaci\u00f3n, supresi\u00f3n y portabilidad, limitaci\u00f3n y\/u oposici\u00f3n al tratamiento, a trav\u00e9s de las direcciones postal y electr\u00f3nicas indicadas al inicio del documento.<\/p>\n\n\n\n<p>Asimismo, si considera que el tratamiento de sus datos personales vulnera la normativa o sus derechos de privacidad, puede presentar una reclamaci\u00f3n:<\/p>\n\n\n\n<ul class=\"wp-block-list\">\n<li>A trav\u00e9s de las direcciones postal y electr\u00f3nicas indicadas anteriormente, o bien<\/li>\n\n\n\n<li>Ante la Agencia Espa\u00f1ola de Protecci\u00f3n de Datos, a trav\u00e9s de su sede electr\u00f3nica, o de su direcci\u00f3n postal.<\/li>\n<\/ul>\n\n\n\n<ol class=\"wp-block-list\" start=\"8\">\n<li><strong>Actualizaci\u00f3n de la pol\u00edtica de privacidad<\/strong><\/li>\n<\/ol>\n\n\n\n<p>Cafosa se reserva el derecho de revisar esta Pol\u00edtica de Privacidad en el momento en que considere oportuno, con el fin de reflejar los cambios normativos, buenas pr\u00e1cticas o actualizar las actividades de tratamiento de datos de car\u00e1cter personal. Se le informar\u00e1 sobre dichas actualizaciones conforme a las exigencias de la normativa, en caso de que sus derechos se vean apreciablemente afectados como consecuencia de dicha modificaci\u00f3n o actualizaci\u00f3n.&nbsp;<\/p>\n<\/div><\/div><\/div>\n","protected":false},"excerpt":{"rendered":"","protected":false},"author":1,"featured_media":0,"parent":0,"menu_order":0,"comment_status":"closed","ping_status":"closed","template":"","meta":{"_eb_attr":"","footnotes":""},"class_list":["post-1231","page","type-page","status-publish","hentry"],"featured_image_src":null,"featured_image_src_square":null,"_links":{"self":[{"href":"https:\/\/www.cafosa.com\/es\/wp-json\/wp\/v2\/pages\/1231","targetHints":{"allow":["GET"]}}],"collection":[{"href":"https:\/\/www.cafosa.com\/es\/wp-json\/wp\/v2\/pages"}],"about":[{"href":"https:\/\/www.cafosa.com\/es\/wp-json\/wp\/v2\/types\/page"}],"author":[{"embeddable":true,"href":"https:\/\/www.cafosa.com\/es\/wp-json\/wp\/v2\/users\/1"}],"replies":[{"embeddable":true,"href":"https:\/\/www.cafosa.com\/es\/wp-json\/wp\/v2\/comments?post=1231"}],"version-history":[{"count":4,"href":"https:\/\/www.cafosa.com\/es\/wp-json\/wp\/v2\/pages\/1231\/revisions"}],"predecessor-version":[{"id":1363,"href":"https:\/\/www.cafosa.com\/es\/wp-json\/wp\/v2\/pages\/1231\/revisions\/1363"}],"wp:attachment":[{"href":"https:\/\/www.cafosa.com\/es\/wp-json\/wp\/v2\/media?parent=1231"}],"curies":[{"name":"wp","href":"https:\/\/api.w.org\/{rel}","templated":true}]}}