{"id":1233,"date":"2023-09-13T10:21:46","date_gmt":"2023-09-13T13:21:46","guid":{"rendered":"https:\/\/www.cafosa.com\/?page_id=1233"},"modified":"2023-09-20T11:24:46","modified_gmt":"2023-09-20T14:24:46","slug":"politica-de-cookies","status":"publish","type":"page","link":"https:\/\/www.cafosa.com\/es\/politica-de-cookies\/","title":{"rendered":"Pol\u00edtica de cookies"},"content":{"rendered":"\n<div style=\"padding-left:4%;padding-right:4%;padding-bottom:2%;padding-top:2%\" class=\"wp-block-genesis-blocks-gb-container gb-block-container\"><div class=\"gb-container-inside\"><div class=\"gb-container-content\">\n<h1 class=\"wp-block-heading\">Pol\u00edtica de cookies<\/h1>\n\n\n\n<h3 class=\"wp-block-heading\">En este aviso encontrar\u00e1 informaci\u00f3n sobre las cookies, qu\u00e9 hacemos con las cookies, qu\u00e9 cookies se pueden configurar cuando visita el sitio web de Cafosa y c\u00f3mo rechazar o eliminar esas cookies.<\/h3>\n\n\n\n<p><strong>\u00bfQu\u00e9 son las cookies?<\/strong><\/p>\n\n\n\n<p>Las \u00abcookies\u00bb son archivos de datos que un sitio web env\u00eda a su computadora mientras est\u00e1 viendo el sitio. Estos archivos de datos incluyen informaci\u00f3n que permite a nuestro sitio recordar informaci\u00f3n importante que har\u00e1 que su uso del sitio sea m\u00e1s eficiente y \u00fatil para usted. Nuestros sitios usan cookies para una variedad de prop\u00f3sitos. Utilizamos tecnolog\u00eda de cookies y direcciones IP para obtener informaci\u00f3n no personal de los visitantes de la web, y tambi\u00e9n para proporcionar a los visitantes registrados la mejor experiencia en l\u00ednea personalizada posible.<\/p>\n\n\n\n<h2 class=\"wp-block-heading\"><strong>\u00bfC\u00f3mo usamos las cookies?<\/strong><\/h2>\n\n\n\n<p>Los visitantes de nuestros sitios utilizan diferentes navegadores web y diferentes computadoras. Para que sus visitas sean lo m\u00e1s f\u00e1ciles posible con la tecnolog\u00eda que utiliza, hacemos un seguimiento autom\u00e1tico del tipo de navegador (p. Ej., Internet Explorer) y del sistema operativo (p. Ej., Windows, Apple) utilizado por un visitante, y el nombre de dominio del proveedor de servicios de Internet del visitante. Tambi\u00e9n rastreamos el n\u00famero total de visitantes a nuestro sitio en forma agregada para permitirnos actualizar y mejorar nuestro sitio. La informaci\u00f3n de identificaci\u00f3n personal no se extrae en este proceso. Estos datos nos dicen si m\u00e1s visitantes prefieren ciertas caracter\u00edsticas o secciones a otras, lo que nos ayuda a mantener nuestro sitio actualizado e interesante para la mayor\u00eda de nuestros visitantes.<\/p>\n\n\n\n<h2 class=\"wp-block-heading\"><strong>\u00bfC\u00f3mo utilizamos las cookies para personalizar su experiencia en nuestros sitios?<\/strong><\/h2>\n\n\n\n<p>La tecnolog\u00eda de cookies nos ayuda a entregar contenido adaptado a los intereses de un visitante, y nos permite hacer pedidos de productos, y participar en sorteos y concursos, y ofrecer otras funciones en nuestro sitio m\u00e1s f\u00e1ciles para nuestros visitantes. Cuando est\u00e9 permitido, podemos asociar informaci\u00f3n personal con un archivo de cookies en tales casos.<\/p>\n\n\n\n<h2 class=\"wp-block-heading\"><strong>Diferentes tipos de cookies que utilizamos<\/strong><\/h2>\n\n\n\n<p>Las cookies que utilizamos est\u00e1n basadas en la gu\u00eda de la C\u00e1mara de Comercio Internacional para las categor\u00edas de cookies: estrictamente necesarias, rendimiento, funcionalidad y orientaci\u00f3n.<\/p>\n\n\n\n<p>Las cookies&nbsp;<strong>\u00abestrictamente necesarias\u00bb<\/strong>&nbsp;le permiten moverse por el sitio web y utilizar funciones esenciales como \u00e1reas seguras, cestas de compras y facturaci\u00f3n en l\u00ednea. Estas cookies no recopilan ninguna informaci\u00f3n sobre usted que pueda usarse para marketing o para recordar d\u00f3nde ha estado en Internet. Utilizamos estas cookies estrictamente necesarias para que:<\/p>\n\n\n\n<ol class=\"wp-block-list\">\n<li>Recuerde la informaci\u00f3n que ingres\u00f3 en los formularios de pedido cuando navega a diferentes p\u00e1ginas en una sola sesi\u00f3n de navegador web.<\/li>\n\n\n\n<li>Recuerde los productos y servicios que solicit\u00f3 cuando llegue a la p\u00e1gina de pago.<\/li>\n\n\n\n<li>Identificarte como iniciado sesi\u00f3n en un sitio web de Cafosa.<\/li>\n\n\n\n<li>Asegurarse de conectarse al servicio correcto en nuestro sitio web cuando realicemos cualquier cambio en el funcionamiento del sitio web.<\/li>\n<\/ol>\n\n\n\n<p>Las cookies que hemos definido como \u00abestrictamente necesarias\u00bb NO se utilizar\u00e1n para recopilar informaci\u00f3n que podr\u00eda usarse para publicitarle productos o servicios.<\/p>\n\n\n\n<p>Recuerde sus preferencias o nombre de usuario m\u00e1s all\u00e1 de su visita actual.<\/p>\n\n\n\n<p>Las cookies de&nbsp;<strong>\u00abrendimiento\u00bb<\/strong>&nbsp;recopilan informaci\u00f3n sobre c\u00f3mo utiliza nuestro sitio web, p. qu\u00e9 p\u00e1ginas visita y si experimenta alg\u00fan error. Estas cookies no recopilan ninguna informaci\u00f3n que pueda identificarlo: toda la informaci\u00f3n recopilada es an\u00f3nima y solo se utiliza para ayudarnos a mejorar el funcionamiento de nuestro sitio web, comprender lo que interesa a nuestros usuarios y medir la eficacia de nuestra publicidad.<\/p>\n\n\n\n<ol class=\"wp-block-list\">\n<li>Utilizamos cookies de rendimiento para proporcionar estad\u00edsticas sobre c\u00f3mo se utiliza nuestro sitio web.<\/li>\n\n\n\n<li>Vea cu\u00e1n efectivos son nuestros anuncios (no utilizamos esta informaci\u00f3n para dirigirle anuncios cuando visita otros sitios web)<\/li>\n\n\n\n<li>Ayuda a mejorar el sitio web midiendo los errores que ocurran.<\/li>\n\n\n\n<li>Probar diferentes dise\u00f1os de nuestro sitio web.<\/li>\n<\/ol>\n\n\n\n<p>Las cookies que hemos definido como cookies de \u00abrendimiento\u00bb&nbsp;<strong>NO<\/strong>&nbsp;se utilizar\u00e1n para:<\/p>\n\n\n\n<ol class=\"wp-block-list\">\n<li>Recopilar informaci\u00f3n que podr\u00eda usarse para publicitarle productos o servicios en otros sitios web.<\/li>\n\n\n\n<li>Recuerde sus preferencias o nombre de usuario m\u00e1s all\u00e1 de su visita actual.<\/li>\n\n\n\n<li>Dirigirle anuncios en cualquier otro sitio web.<\/li>\n<\/ol>\n\n\n\n<p>Las cookies de&nbsp;<strong>\u00abfuncionalidad\u00bb<\/strong>&nbsp;se utilizan para proporcionar servicios o para recordar configuraciones para mejorar su visita. Utilizamos cookies de \u00abfuncionalidad\u00bb para:<\/p>\n\n\n\n<ol class=\"wp-block-list\">\n<li>Recuerde la configuraci\u00f3n que ha aplicado, como el dise\u00f1o, el tama\u00f1o del texto, las preferencias y los colores.<\/li>\n\n\n\n<li>Recuerde si ya le preguntamos si desea completar una encuesta.<\/li>\n\n\n\n<li>Mostrarle cuando inicie sesi\u00f3n en el sitio web.<\/li>\n\n\n\n<li>Comparta informaci\u00f3n con socios para proporcionar un servicio en nuestro sitio web. La informaci\u00f3n compartida solo se utilizar\u00e1 para proporcionar el servicio, producto o funci\u00f3n y no para ning\u00fan otro prop\u00f3sito.<\/li>\n<\/ol>\n\n\n\n<p>Las cookies definidas como \u00abFuncionalidad\u00bb&nbsp;<strong>NO<\/strong>&nbsp;se utilizar\u00e1n para:<\/p>\n\n\n\n<ol class=\"wp-block-list\">\n<li>Dirigirse a usted con anuncios en otros sitios web<\/li>\n<\/ol>\n\n\n\n<p>Las cookies de&nbsp;<strong>\u00aborientaci\u00f3n\u00bb<\/strong>&nbsp;est\u00e1n vinculadas a servicios proporcionados por terceros, como los botones \u00abMe gusta\u00bb y \u00abCompartir\u00bb. El tercero proporciona estos servicios a cambio de reconocer que ha visitado nuestro sitio web. Utilizamos cookies de \u00aborientaci\u00f3n\u00bb para:<\/p>\n\n\n\n<ol class=\"wp-block-list\">\n<li>Enlace a redes sociales como Facebook, que posteriormente puede usar informaci\u00f3n sobre su visita para dirigirle publicidad en otros sitios web.<\/li>\n\n\n\n<li>Proporcione a las agencias de publicidad informaci\u00f3n sobre su visita para que puedan presentarle anuncios que puedan interesarle.<\/li>\n<\/ol>\n\n\n\n<h2 class=\"wp-block-heading\">\u00bfQu\u00e9 son las balizas web y c\u00f3mo las usamos?<\/h2>\n\n\n\n<p>Algunas de nuestras p\u00e1ginas web y actualizaciones por correo electr\u00f3nico pueden contener im\u00e1genes electr\u00f3nicas llamadas balizas web, a veces conocidas como GIF de un p\u00edxel, GIF transparentes o etiquetas de p\u00edxel. En los sitios web, estos nos permiten contar los visitantes que han visto nuestras p\u00e1ginas. En mensajes de correo electr\u00f3nico promocionales \/ boletines informativos, nos permiten contar cu\u00e1ntos suscriptores los han le\u00eddo. Las balizas web nos permiten desarrollar informaci\u00f3n estad\u00edstica sobre las actividades y caracter\u00edsticas que m\u00e1s interesan a nuestros consumidores con el fin de proporcionar contenido m\u00e1s personalizado. No se utilizan para acceder a informaci\u00f3n de identificaci\u00f3n personal sin su consentimiento.<\/p>\n\n\n\n<h2 class=\"wp-block-heading\">\u00bfQu\u00e9 pasa si no quieres galletas?<\/h2>\n\n\n\n<p>Si no desea cookies, puede configurar su computadora para que le avise cada vez que se env\u00eda una cookie o desactivar todas las cookies a trav\u00e9s de su navegador (por ejemplo, Internet Explorer o Firefox). Consulte el men\u00fa AYUDA de su navegador para conocer la forma correcta de cambiar o actualizar sus cookies.<\/p>\n\n\n\n<p>Alternativamente, puede visitar&nbsp;<a href=\"http:\/\/www.aboutcookies.org\/\">www.aboutcookies.org<\/a>&nbsp;que contiene informaci\u00f3n completa sobre c\u00f3mo hacer esto en una amplia variedad de navegadores. Tambi\u00e9n encontrar\u00e1 detalles sobre c\u00f3mo eliminar las cookies de su computadora, as\u00ed como informaci\u00f3n m\u00e1s general sobre las cookies. Para obtener informaci\u00f3n sobre c\u00f3mo hacer esto en el navegador de su tel\u00e9fono m\u00f3vil, deber\u00e1 consultar el manual de su tel\u00e9fono.<\/p>\n\n\n\n<p>Tenga en cuenta que restringir las cookies puede afectar la funcionalidad del sitio web de Cafosa.<\/p>\n\n\n\n<p>Aqu\u00ed encontrar\u00e1 una lista de cookies espec\u00edficas utilizadas por el sitio web&nbsp;<a href=\"https:\/\/www.cafosa.com\/\">www.cafosa.com<\/a>. Todos ellos son para an\u00e1lisis:<\/p>\n\n\n\n<figure class=\"wp-block-table\"><table><tbody><tr><td>_utma<\/td><td>Esta cookie mantiene un registro de la cantidad de veces que un usuario ha estado en un sitio, cuando el usuario accedi\u00f3 por primera vez al sitio y cu\u00e1ndo tuvo lugar su \u00faltima sesi\u00f3n.<\/td><\/tr><tr><td>_utmb<\/td><td>Esta cookie registra el momento en que el usuario accede a la web.<\/td><\/tr><tr><td>_utmc<\/td><td>Esta cookie ayuda a calcular cu\u00e1nto dura la visita de cada usuario y se almacena cuando el usuario abandona la p\u00e1gina.<\/td><\/tr><tr><td>_utmz<\/td><td>Esta cookie realiza un seguimiento de d\u00f3nde proviene el visitante, qu\u00e9 motor de b\u00fasqueda se utiliz\u00f3, en qu\u00e9 enlace se hizo clic, qu\u00e9 palabras clave se utilizaron y la regi\u00f3n del mundo desde donde se accedi\u00f3 a la p\u00e1gina.<\/td><\/tr><tr><td>_utmv<\/td><td>Esta cookie solo se usa cuando se usan variables personalizadas, por ejemplo, para segmentar datos demogr\u00e1ficos como el sexo o la edad del usuario obtenida de los datos de registro.<\/td><\/tr><\/tbody><\/table><\/figure>\n<\/div><\/div><\/div>\n","protected":false},"excerpt":{"rendered":"","protected":false},"author":1,"featured_media":0,"parent":0,"menu_order":0,"comment_status":"closed","ping_status":"closed","template":"","meta":{"_eb_attr":"","footnotes":""},"class_list":["post-1233","page","type-page","status-publish","hentry"],"featured_image_src":null,"featured_image_src_square":null,"_links":{"self":[{"href":"https:\/\/www.cafosa.com\/es\/wp-json\/wp\/v2\/pages\/1233","targetHints":{"allow":["GET"]}}],"collection":[{"href":"https:\/\/www.cafosa.com\/es\/wp-json\/wp\/v2\/pages"}],"about":[{"href":"https:\/\/www.cafosa.com\/es\/wp-json\/wp\/v2\/types\/page"}],"author":[{"embeddable":true,"href":"https:\/\/www.cafosa.com\/es\/wp-json\/wp\/v2\/users\/1"}],"replies":[{"embeddable":true,"href":"https:\/\/www.cafosa.com\/es\/wp-json\/wp\/v2\/comments?post=1233"}],"version-history":[{"count":2,"href":"https:\/\/www.cafosa.com\/es\/wp-json\/wp\/v2\/pages\/1233\/revisions"}],"predecessor-version":[{"id":1238,"href":"https:\/\/www.cafosa.com\/es\/wp-json\/wp\/v2\/pages\/1233\/revisions\/1238"}],"wp:attachment":[{"href":"https:\/\/www.cafosa.com\/es\/wp-json\/wp\/v2\/media?parent=1233"}],"curies":[{"name":"wp","href":"https:\/\/api.w.org\/{rel}","templated":true}]}}