{"id":1235,"date":"2023-09-13T10:22:25","date_gmt":"2023-09-13T08:22:25","guid":{"rendered":"https:\/\/www.cafosa.com\/?page_id=1235"},"modified":"2026-02-05T12:39:45","modified_gmt":"2026-02-05T11:39:45","slug":"terminos-de-uso","status":"publish","type":"page","link":"https:\/\/www.cafosa.com\/es\/terminos-de-uso\/","title":{"rendered":"T\u00e9rminos de uso"},"content":{"rendered":"\n<p>T\u00e9rminos y condiciones de uso Cafosa Gum, S.A. Unipersonal. (en adelante, \u00abCafosa\u00bb) informa a los visitantes de sus sitios web y p\u00e1ginas (en adelante, el \u00abUsuario (s)\u00bb y los \u00abSitios web\u00bb, respectivamente) sobre las condiciones de uso aplicables al acceso y uso de dichos Sitios web por parte de los Usuarios (en adelante , las \u00abCondiciones de uso\u00bb) que acceden a los Sitios web y utilizan las aplicaciones, herramientas, software, informaci\u00f3n, contenidos y servicios incluidos en los Sitios web (en adelante, los \u00abContenidos y \/ o Servicios\u00bb). Al acceder y \/ o utilizar los Sitios web, los Usuarios aceptan estos T\u00e9rminos y condiciones de uso.<\/p>\n\n\n\n<p><strong>1. Calidad<\/strong><\/p>\n\n\n\n<p>Cafosa informa a los usuarios que har\u00e1 su mayor esfuerzo para lograr la mejor calidad posible, en la medida en que lo permita el estado del arte. No obstante, Cafosa renuncia a toda responsabilidad por cualquier interrupci\u00f3n o mal funcionamiento de los Contenidos y \/ o Servicios ofrecidos en los Sitios web, cualquiera sea su causa. Tampoco se responsabilizar\u00e1 a Cafosa por fallas o fallas en la red, fallas temporales de energ\u00eda o da\u00f1os derivados de las mismas, ni ning\u00fan otro da\u00f1o al Usuario que pueda surgir por causas ajenas a Cafosa. Cafosa puede suspender temporal o permanentemente los Contenidos y \/ o Servicios para actualizaci\u00f3n, mantenimiento, reparaci\u00f3n de sistemas o por cualquier otro motivo de naturaleza comercial. Cafosa se exime de toda responsabilidad por cualquier falla o da\u00f1o causado por la incompatibilidad de los Contenidos y \/ o Servicios con otros contenidos o servicios o cualquier software de computadora con el cual no sea espec\u00edficamente compatible. En cualquier caso, la configuraci\u00f3n y la capacidad del equipo utilizado por los usuarios para acceder al sitio web y para utilizar los contenidos y \/ o servicios, ser\u00e1 suficiente para permitir el uso adecuado de este \u00faltimo, y el usuario ser\u00e1 responsable de la instalaci\u00f3n completa y adecuada de los Contenidos y \/ o Servicios que pueden descargarse de los Sitios web.<\/p>\n\n\n\n<p><strong>2. Responsabilidad de los usuarios por el acceso y uso<\/strong><\/p>\n\n\n\n<p>Tanto el acceso a los Sitios web como el uso que se pueda hacer de los Contenidos y \/ o los Servicios ser\u00e1n responsabilidad exclusiva de los Usuarios. El uso que se pueda hacer de los Contenidos y \/ o Servicios estar\u00e1 sujeto a las leyes locales, estatales, de la Uni\u00f3n Europea e internacionales vigentes, seg\u00fan corresponda, as\u00ed como a los principios de buena fe y uso l\u00edcito por parte de los Usuarios, quienes ser\u00e1n completamente responsables para dicho acceso y uso, y en particular, para cualquier acci\u00f3n u omisi\u00f3n relacionada con su cuenta, registro o contrase\u00f1a, incluido el contenido de sus transmisiones a trav\u00e9s de los Contenidos y \/ o Servicios. Los Usuarios deber\u00e1n hacer un uso razonable y adecuado de los Contenidos y \/ o Servicios de acuerdo con los principios de buena fe y el estado de derecho, ya sea local, estatal, de la Uni\u00f3n Europea o internacional, seg\u00fan corresponda a la moral, el orden p\u00fablico, la conducta adecuada, el derecho de terceros y de Cafosa, dentro de los l\u00edmites de las posibilidades y prop\u00f3sitos para los cuales se conciben los Contenidos y Servicios. Si los usuarios son menores de edad o legalmente incompetentes, el uso se har\u00e1 bajo la total y total responsabilidad de sus padres, representantes o tutores, quienes deber\u00e1n acompa\u00f1ar, supervisar o tomar las precauciones apropiadas mientras se haga dicho acceso y \/ o uso de los sitios web. Asimismo, los usuarios pueden usar los Contenidos y \/ o Servicios para fines personales y uso comercial relacionados con Cafosa. En t\u00e9rminos generales, est\u00e1 prohibida cualquier forma o tipo de actividad que pueda causar da\u00f1os a Cafosa o a terceros. Cualquier uso de los sitios web para fines ilegales o no autorizados est\u00e1 expresamente prohibido, y particularmente, pero no exclusivamente: (a) calumnias, injurias, insultos, hostigamiento, acoso, amenaza o cualquier infracci\u00f3n de los derechos de terceros, como aquellos en relaci\u00f3n con la privacidad, el honor, la imagen p\u00fablica, la confidencialidad de las comunicaciones, la propiedad intelectual e industrial y la protecci\u00f3n de datos personales; (b) reproducci\u00f3n, distribuci\u00f3n, publicaci\u00f3n, divulgaci\u00f3n o referencia a cuestiones o informaci\u00f3n de naturaleza ilegal, sacr\u00edlega, obscena, pornogr\u00e1fica, abusiva, calumniosa, difamatoria, enga\u00f1osa o racista, o que puede inducir un comportamiento violento o inmoral, o que puede inducir cualquier infracci\u00f3n del orden p\u00fablico; (c) publicidad u oferta de venta o compra de cualquier producto o servicio; (d) la introducci\u00f3n de cualquier forma de virus inform\u00e1tico, archivo defectuoso o cualquier otro software o programa inform\u00e1tico que pueda causar da\u00f1os o modificaciones no autorizadas a los Contenidos y \/ o Servicios disponibles a trav\u00e9s de los Sitios web; (e) alteraci\u00f3n o interferencia con, a trav\u00e9s de medios fraudulentos, sitios web personales o correos electr\u00f3nicos de otros Usuarios sin la autorizaci\u00f3n correspondiente; (f) recopilaci\u00f3n u obtenci\u00f3n de informaci\u00f3n sobre terceros, incluidas sus direcciones de correo electr\u00f3nico, sin su consentimiento apropiado, y el suministro de dicha informaci\u00f3n a otras partes; (g) reenv\u00edo masivo y \/ o repetitivo de correos electr\u00f3nicos (spam); (h) transmisi\u00f3n de cualquier programa da\u00f1ino o peligroso, o simplemente no solicitado; (i) bajar o cargar, copiar o suministrar, de forma gratuita o no, a cualquier persona o entidad que no sea un Usuario, de cualquier directorio, aplicaci\u00f3n, herramienta, software o informaci\u00f3n relacionada con los Contenidos y \/ o Servicios; (j) interferencia en o con el acceso y \/ o uso de los Contenidos y \/ o Servicios, o cualquier otro servicio y \/ o contenidos, por parte de los Usuarios u otra persona o entidad; (k) intentar obtener acceso no autorizado a los Contenidos y \/ o Servicios, a otras cuentas, a sistemas inform\u00e1ticos o redes conectadas a los mismos, mediante el escaneo autom\u00e1tico de contrase\u00f1as o de otro modo; y (l) violar las leyes locales, estatales, de la Uni\u00f3n Europea o internacionales. En caso de incumplimiento de las disposiciones anteriores, Cafosa puede, sin causa de indemnizaci\u00f3n, bloquear, cancelar o retirar los contenidos ilegales, si es t\u00e9cnicamente posible, sin perjuicio de cualquier indemnizaci\u00f3n que pueda exigirse a dicho infractor, y dicho delincuente mantendr\u00e1 a Cafosa y \/ o cualquier tercero involucrado indemne de cualquier da\u00f1o y responsabilidad incurridos por tal incumplimiento. Cafosa puede proceder con respecto a dicha infracci\u00f3n, ya sea a su exclusiva voluntad o a solicitud de cualquier tercero perjudicado por dicha infracci\u00f3n, y de acuerdo con la ley aplicable. Cafosa se reserva el derecho de acceder, supervisar, verificar, registrar y \/ o divulgar en cualquier momento cualquier informaci\u00f3n que sea necesaria para cumplir con las leyes locales, estatales, de la Uni\u00f3n Europea o internacionales. Cafosa se exime de cualquier responsabilidad, ya sea directa o indirecta, por da\u00f1os derivados o p\u00e9rdida de ganancias derivadas del mal uso por parte de los Usuarios o terceros de los Servicios y \/ o Contenidos.<\/p>\n\n\n\n<p><strong>3. Propiedad intelectual e industrial<\/strong><\/p>\n\n\n\n<p>Los Contenidos y \/ o Servicios (el software requerido para el funcionamiento y la visualizaci\u00f3n de los Contenidos y \/ o Servicios incluidos en los Sitios web) constituyen trabajos en el sentido de la ley de propiedad intelectual y, por lo tanto, est\u00e1n protegidos por dichos locales, estados, la Uni\u00f3n Europea y derecho internacional seg\u00fan corresponda. Los Contenidos y \/ o Servicios, y en particular, todo lo que pueda mostrarse en los Sitios web, como dise\u00f1os, textos, gr\u00e1ficos, logotipos, iconos, botones, software, nombres comerciales, marcas comerciales, dise\u00f1os industriales o cualquier otro s\u00edmbolo que pueda utilizarse en la industria o el comercio, est\u00e1n sujetos a los derechos derivados de la propiedad intelectual o industrial de Cafosa, o de terceros propietarios de la propiedad que haya autorizado debidamente su uso en los Sitios web. Se proh\u00edbe cualquier forma de almacenamiento, reproducci\u00f3n, distribuci\u00f3n, publicaci\u00f3n, transmisi\u00f3n, retransmisi\u00f3n, difusi\u00f3n, derivaci\u00f3n, traducci\u00f3n y, en general, poner a disposici\u00f3n o utilizar los sitios web y sus contenidos y \/ o servicios sin el previo consentimiento expreso de Cafosa. interpretado como infracciones de la ley y ser\u00e1 castigado seg\u00fan las leyes locales, estatales, de la Uni\u00f3n Europea e internacionales. Dicho infractor indemnizar\u00e1 y eximir\u00e1 a Cafosa y \/ o cualquier otro tercero de cualquier da\u00f1o o responsabilidad que surja de dicho incumplimiento de la ley. Asimismo, el uso de cualquier m\u00e9todo t\u00e9cnico, l\u00f3gico o tecnol\u00f3gico por el cual un tercero pueda beneficiarse, ya sea directa o indirectamente, ya sea con o sin ganancia monetaria, de todos y cualquiera de los Contenidos y \/ o Servicios de los Sitios web, incluido el El trabajo realizado por Cafosa para mantener estos en buen estado de funcionamiento est\u00e1 prohibido. En particular, se proh\u00edbe cualquier enlace, hiperv\u00ednculo, encuadre o enlace similar que se pueda hacer hacia o desde los sitios web sin el consentimiento previo por escrito de Cafosa. Cualquier infracci\u00f3n de las disposiciones anteriores se interpretar\u00e1 como da\u00f1os a los derechos leg\u00edtimos de propiedad intelectual e industrial de Cafosa. Cafosa se exime de cualquier responsabilidad por las consecuencias de las infracciones mencionadas anteriormente y, asimismo, se exime de cualquier responsabilidad por los contenidos, servicios, productos, etc. de terceros a los que se pueda acceder directamente a trav\u00e9s de banners, enlaces, hiperv\u00ednculos, marcos o enlaces similares desde los sitios web de Cafosa. Cafosa puede restringir el acceso a los Sitios web y los Contenidos y \/ o Servicios ofrecidos all\u00ed, as\u00ed como limitar la publicaci\u00f3n posterior de opiniones, comentarios, im\u00e1genes o comentarios que los Usuarios pueden enviar por correo electr\u00f3nico, salas de chat, grupos de noticias, etc. Cafosa puede establecer, sin descargar a los Usuarios de sus responsabilidades \u00fanicas como se describe en las disposiciones anteriores, los filtros que Cafosa considere necesarios para restringir la publicaci\u00f3n a trav\u00e9s de los Sitios web de contenidos u opiniones que puedan interpretarse como racistas, xen\u00f3fobos, discriminatorios, pornogr\u00e1ficos, difamatorios o difamatorio, o que en cualquier caso puede fomentar o alentar la violencia o la distribuci\u00f3n de contenidos claramente il\u00edcitos o perjudiciales. Dado el considerable n\u00famero de correos electr\u00f3nicos recibidos, y dependiendo de la ley aplicable en cualquier momento, Cafosa har\u00e1 este esfuerzo de acuerdo con los criterios de la raz\u00f3n, ya que es pr\u00e1cticamente imposible controlar dichos contenidos y \/ u opiniones en todo momento. Los usuarios pueden enviar comentarios u opiniones a los sitios web (por ejemplo, a trav\u00e9s de salas de chat o grupos de noticias). Al hacerlo, los Usuarios autorizan a Cafosa a almacenar, distribuir, publicar, adaptar, transformar, traducir, digitalizar y poner a disposici\u00f3n en todo el mundo y en cualquier forma y en cualquier momento durante el cual los derechos de autor aplicables puedan estar vigentes, a menos que El usuario se opone expl\u00edcita e inequ\u00edvocamente a dicha autorizaci\u00f3n. Del mismo modo, simplemente remitiendo dichos comentarios u opiniones a los sitios web, dicha autorizaci\u00f3n ser\u00e1 gratuita o gratuita. Los Usuarios tambi\u00e9n renunciar\u00e1n a cualquier reclamo monetario contra Cafosa.<\/p>\n\n\n\n<p><strong>4. Responsabilidad limitada<\/strong><\/p>\n\n\n\n<p>Los Contenidos y \/ o Servicios incluidos o disponibles en los Sitios web se proporcionan \u00abasis\u00bb. Pueden incluir imprecisiones de errores tipogr\u00e1ficos. Se realizan cambios y \/ o mejoras regularmente en los Contenidos y \/ o Servicios. Cafosa niega y no ofrece ninguna garant\u00eda en cuanto a la continuidad o interrupci\u00f3n de los Contenidos y \/ o Servicios, ni que estos est\u00e9n libres de errores, que los defectos se rectifiquen, ni que el servicio o los servidores por los que est\u00e9n alojados sean libres de virus o cualquier otro componente da\u00f1ino, aunque Cafosa har\u00e1 todo lo posible para evitar los incidentes causados \u200b\u200bpor el mismo. Cafosa niega y no ofrece ninguna garant\u00eda en cuanto al uso o el resultado del uso de los Contenidos y \/ o Servicios, ni de que sean precisos, precisos, oportunos o de ninguna otra manera confiables. Cafosa renuncia y no ofrece ninguna garant\u00eda en cuanto a la idoneidad, confiabilidad, disponibilidad, oportunidad o precisi\u00f3n de los Contenidos y \/ o Servicios para ning\u00fan prop\u00f3sito. Si el Usuario toma alguna decisi\u00f3n o toma alguna acci\u00f3n basada en los Contenidos y \/ o Servicios, el Usuario debe verificar la informaci\u00f3n recopilada con otras fuentes. Los Usuarios aceptan expresamente que Cafosa no ser\u00e1 responsable de: (a) el acceso no autorizado o las alteraciones a las transmisiones o datos, cualquier material o datos, ya sea enviado o recibido, o no enviado o recibido, ni ninguna transacci\u00f3n realizada a trav\u00e9s de los Sitios web; (b) informaci\u00f3n enviada, utilizada y \/ o incluida en los Contenidos y \/ o Servicios por parte de un tercero; y (c) contenidos y \/ o servicios que no pertenecen a Cafosa, ni comentarios u opiniones de otros Usuarios. Cafosa no se hace responsable de los da\u00f1os y perjuicios, ni de ninguna otra responsabilidad, como, entre otros, da\u00f1os debidos a la p\u00e9rdida de uso, datos o ingresos, que puedan derivarse del uso de los Contenidos y \/ o Servicios o los Sitios web, si dichas responsabilidades surgen de responsabilidades contractuales u otros deberes no contractuales, negligencia, mens rea, responsabilidad absoluta, ni de ning\u00fan otro tipo, ya sea que Cafosa haya sido advertida o no de la posibilidad de da\u00f1os a terceros.<\/p>\n\n\n\n<p><strong>5. Da\u00f1os y responsabilidades<\/strong><\/p>\n\n\n\n<p>El Usuario deber\u00e1 indemnizar y eximir de responsabilidad a Cafosa y sus funcionarios, directores y empleados de cualquier reclamo, demanda o responsabilidad, incluidos los honorarios razonables de abogados, en defensa de cualquier reclamo de un tercero que surja del uso o conducta del Usuario. mientras accede y \/ o usa los sitios web.<\/p>\n\n\n\n<p><strong>6. Modificaciones a las condiciones de uso<\/strong><\/p>\n\n\n\n<p>Cafosa se reserva el derecho de revisar estos T\u00e9rminos y condiciones de uso en cualquier momento.<\/p>\n\n\n\n<p><strong>7. General<\/strong><\/p>\n\n\n\n<p>Estos T\u00e9rminos y Condiciones se interpretar\u00e1n e interpretar\u00e1n de acuerdo con las leyes del Reino de Espa\u00f1a y se regir\u00e1n por ellas. El uso de los Contenidos y \/ o Servicios est\u00e1 prohibido en aquellas jurisdicciones donde no se reconoce la efectividad de las disposiciones del presente. El acceso y \/ o uso de los sitios web no debe interpretarse como una asociaci\u00f3n, asociaci\u00f3n, relaci\u00f3n laboral ni agencia de ning\u00fan tipo. Asimismo, a menos que se manifieste expresamente lo contrario, no se establecer\u00e1 ninguna relaci\u00f3n cliente-proveedor porque, con la excepci\u00f3n de ciertos usos espec\u00edficos, los Contenidos y \/ o Servicios son gratuitos.<\/p>\n\n\n\n<p><strong>8. Aviso Legal<\/strong><\/p>\n\n\n\n<p>En cumplimiento con el deber de informaci\u00f3n recogido en el art\u00edculo 10 de la Ley 34\/2002 de 11 de julio, de Servicios de la Sociedad de la Informaci\u00f3n le comunicamos que el presente Sitio Web tiene como titular a:<br>CAFOSA GUM, S.A. (en adelante, CAFOSA)<br>Domicilio social en C\/ Altimira 7-17. Pol. Ind. Santiga 08210 Barber\u00e0 del Vall\u00e8s (Barcelona).<br>C.I.F.: A08503278<br>Inscrita en el Registro Mercantil de Barcelona, Tomo 3670, Folio 30, Secci\u00f3n 2, Hoja 39136, Inscripci\u00f3n 17\/04\/1980.<br>Email:\u00a0<a href=\"mailto:dop@cafosa.com\">dop@cafosa.com<\/a><\/p>\n","protected":false},"excerpt":{"rendered":"<p>T\u00e9rminos y condiciones de uso Cafosa Gum, S.A. Unipersonal. (en adelante, \u00abCafosa\u00bb) informa a los visitantes de sus sitios web y p\u00e1ginas (en adelante, el \u00abUsuario (s)\u00bb y los \u00abSitios web\u00bb, respectivamente) sobre las condiciones de uso aplicables al acceso y uso de dichos Sitios web por parte de los Usuarios (en adelante , las [&hellip;]<\/p>\n","protected":false},"author":1,"featured_media":0,"parent":0,"menu_order":0,"comment_status":"closed","ping_status":"closed","template":"","meta":{"_eb_attr":"","footnotes":""},"class_list":["post-1235","page","type-page","status-publish","hentry"],"featured_image_src":null,"featured_image_src_square":null,"_links":{"self":[{"href":"https:\/\/www.cafosa.com\/es\/wp-json\/wp\/v2\/pages\/1235","targetHints":{"allow":["GET"]}}],"collection":[{"href":"https:\/\/www.cafosa.com\/es\/wp-json\/wp\/v2\/pages"}],"about":[{"href":"https:\/\/www.cafosa.com\/es\/wp-json\/wp\/v2\/types\/page"}],"author":[{"embeddable":true,"href":"https:\/\/www.cafosa.com\/es\/wp-json\/wp\/v2\/users\/1"}],"replies":[{"embeddable":true,"href":"https:\/\/www.cafosa.com\/es\/wp-json\/wp\/v2\/comments?post=1235"}],"version-history":[{"count":3,"href":"https:\/\/www.cafosa.com\/es\/wp-json\/wp\/v2\/pages\/1235\/revisions"}],"predecessor-version":[{"id":155687,"href":"https:\/\/www.cafosa.com\/es\/wp-json\/wp\/v2\/pages\/1235\/revisions\/155687"}],"wp:attachment":[{"href":"https:\/\/www.cafosa.com\/es\/wp-json\/wp\/v2\/media?parent=1235"}],"curies":[{"name":"wp","href":"https:\/\/api.w.org\/{rel}","templated":true}]}}