{"id":15729,"date":"2023-12-21T09:14:54","date_gmt":"2023-12-21T08:14:54","guid":{"rendered":"https:\/\/www.cafosa.com\/?page_id=15729"},"modified":"2024-01-12T14:07:21","modified_gmt":"2024-01-12T13:07:21","slug":"politica-canal-etico","status":"publish","type":"page","link":"https:\/\/www.cafosa.com\/es\/politica-canal-etico\/","title":{"rendered":"Pol\u00edtica canal \u00e9tico"},"content":{"rendered":"\n<div style=\"padding-left:4%;padding-right:4%;padding-bottom:2%;padding-top:2%\" class=\"wp-block-genesis-blocks-gb-container gb-block-container\"><div class=\"gb-container-inside\"><div class=\"gb-container-content\" style=\"max-width:1200px\">\n<h2 class=\"wp-block-heading\">Pol\u00edtica canal \u00e9tico<\/h2>\n\n\n\n<p>En Cafosa, vivimos nuestro prop\u00f3sito de empresa con nuestros valores arraigados en el respeto. Los principios del Grupo RB reflejan nuestro compromiso con una s\u00f3lida cultura \u00e9tica como base no negociable de nuestra forma de hacer negocios. Por lo tanto, es crucial para nuestra empresa contar con un s\u00f3lido sistema de informaci\u00f3n que nos permita escuchar a cualquier persona a lo largo de nuestra cadena de valor sobre cualquier preocupaci\u00f3n de incumplimiento.<br><\/p>\n\n\n\n<p>Hacemos todo lo posible para garantizar que nuestra empresa se gestiona de acuerdo con nuestros compromisos \u00e9ticos. Puede ayudarnos informando de cualquier problema de incumplimiento a trav\u00e9s de nuestro sistema Personio. Este sistema es gestionado de forma independiente por un tercero y le ofrece anonimato si as\u00ed lo desea.<\/p>\n\n\n\n<p><a href=\"https:\/\/www.cafosa.com\/wp-content\/uploads\/2023\/12\/Procedimiento-de-gestion-PDF.pdf\" data-type=\"link\" data-id=\"https:\/\/www.cafosa.com\/wp-content\/uploads\/2023\/12\/Procedimiento-de-gestion-PDF.pdf\" target=\"_blank\" rel=\"noreferrer noopener\">Lea el Procedimiento interno de gesti\u00f3n de comunicaciones e investigaciones.<\/a><\/p>\n\n\n\n<p><a href=\"https:\/\/www.cafosa.com\/wp-content\/uploads\/2023\/12\/POLITICA-CANAL-ETICO-ES.pdf\" data-type=\"link\" data-id=\"https:\/\/www.cafosa.com\/wp-content\/uploads\/2023\/12\/POLITICA-CANAL-ETICO-ES.pdf\" target=\"_blank\" rel=\"noreferrer noopener\">Lea la Pol\u00edtica General del Canal \u00c9tico.<\/a><\/p>\n\n\n\n<p><a href=\"https:\/\/cafosa-gum-sau.personiowhistleblowing.com\/\" data-type=\"link\" data-id=\"https:\/\/cafosa-gum-sau.personiowhistleblowing.com\/\" target=\"_blank\" rel=\"noreferrer noopener\">Iniciar un informe<\/a>.<\/p>\n<\/div><\/div><\/div>\n","protected":false},"excerpt":{"rendered":"","protected":false},"author":1,"featured_media":0,"parent":0,"menu_order":0,"comment_status":"closed","ping_status":"closed","template":"","meta":{"_eb_attr":"","footnotes":""},"class_list":["post-15729","page","type-page","status-publish","hentry"],"featured_image_src":null,"featured_image_src_square":null,"_links":{"self":[{"href":"https:\/\/www.cafosa.com\/es\/wp-json\/wp\/v2\/pages\/15729","targetHints":{"allow":["GET"]}}],"collection":[{"href":"https:\/\/www.cafosa.com\/es\/wp-json\/wp\/v2\/pages"}],"about":[{"href":"https:\/\/www.cafosa.com\/es\/wp-json\/wp\/v2\/types\/page"}],"author":[{"embeddable":true,"href":"https:\/\/www.cafosa.com\/es\/wp-json\/wp\/v2\/users\/1"}],"replies":[{"embeddable":true,"href":"https:\/\/www.cafosa.com\/es\/wp-json\/wp\/v2\/comments?post=15729"}],"version-history":[{"count":5,"href":"https:\/\/www.cafosa.com\/es\/wp-json\/wp\/v2\/pages\/15729\/revisions"}],"predecessor-version":[{"id":15890,"href":"https:\/\/www.cafosa.com\/es\/wp-json\/wp\/v2\/pages\/15729\/revisions\/15890"}],"wp:attachment":[{"href":"https:\/\/www.cafosa.com\/es\/wp-json\/wp\/v2\/media?parent=15729"}],"curies":[{"name":"wp","href":"https:\/\/api.w.org\/{rel}","templated":true}]}}