{"id":1319,"date":"2023-08-10T15:30:15","date_gmt":"2023-08-10T13:30:15","guid":{"rendered":"https:\/\/www.cafosa.com\/?page_id=1319"},"modified":"2023-11-30T12:50:59","modified_gmt":"2023-11-30T11:50:59","slug":"sante","status":"publish","type":"page","link":"https:\/\/www.cafosa.com\/fr\/sante\/","title":{"rendered":"Sant\u00e9"},"content":{"rendered":"\n<div style=\"background-color:#e6f2f3\" class=\"wp-block-genesis-blocks-gb-container p-0 container-banner gb-block-container\"><div class=\"gb-container-inside\"><div class=\"gb-container-content\">\n<div class=\"wp-block-columns is-layout-flex wp-container-core-columns-is-layout-9d6595d7 wp-block-columns-is-layout-flex\">\n<div class=\"wp-block-column is-layout-flow wp-block-column-is-layout-flow\">\n<figure class=\"wp-block-image size-large\"><img loading=\"lazy\" decoding=\"async\" width=\"1024\" height=\"406\" src=\"https:\/\/www.cafosa.com\/wp-content\/uploads\/2023\/08\/banner-health-1024x406.webp\" alt=\"\" class=\"wp-image-271\" srcset=\"https:\/\/www.cafosa.com\/wp-content\/uploads\/2023\/08\/banner-health-1024x406.webp 1024w, https:\/\/www.cafosa.com\/wp-content\/uploads\/2023\/08\/banner-health-300x119.webp 300w, https:\/\/www.cafosa.com\/wp-content\/uploads\/2023\/08\/banner-health-768x305.webp 768w, https:\/\/www.cafosa.com\/wp-content\/uploads\/2023\/08\/banner-health-1536x609.webp 1536w, https:\/\/www.cafosa.com\/wp-content\/uploads\/2023\/08\/banner-health.webp 1754w\" sizes=\"auto, (max-width: 1024px) 100vw, 1024px\" \/><\/figure>\n<\/div>\n\n\n\n<div class=\"wp-block-column is-vertically-aligned-center is-layout-flow wp-block-column-is-layout-flow\"><style>@media only screen and (max-width: 1200px) {.gb-69ee3a2d847e0{font-size: 40px!important;}}@media only screen and (max-width: 600px) {.gb-69ee3a2d847e0{font-size: 40px!important;}}<\/style>\n<h1 class=\"gb-69ee3a2d847e0 wp-block-heading has-text-align-center\" style=\"font-size:60px\">Sant\u00e9<\/h1>\n<\/div>\n<\/div>\n<\/div><\/div><\/div>\n\n\n\n<div style=\"padding-left:2%;padding-right:2%;padding-bottom:4%;padding-top:5%\" class=\"wp-block-genesis-blocks-gb-container gb-block-container\"><div class=\"gb-container-inside\"><div class=\"gb-container-content\" style=\"max-width:1200px\"><style>@media only screen and (max-width: 1200px) {.gb-69ee3a2d88b7a{font-size: 30px!important;}}@media only screen and (max-width: 600px) {.gb-69ee3a2d88b7a{font-size: 25px!important;}}<\/style>\n<h2 class=\"gb-69ee3a2d88b7a wp-block-heading has-text-align-center mb-20\" style=\"font-size:40px\">D\u00e9veloppement du chewing-gum fonctionnel pour la sant\u00e9 et le bien-\u00eatre<\/h2>\n\n\n\n<p class=\"has-text-align-center light\" style=\"font-size:18px\">Il est bien connu que les chewing-gums sans sucre sont b\u00e9n\u00e9fiques pour l\u2019hygi\u00e8ne bucco- dentaire, car ils augmentent la s\u00e9cr\u00e9tion de salive, ce qui contribue \u00e0 remin\u00e9raliser l\u2019\u00e9mail des dents, aident \u00e0 r\u00e9tablir les niveaux optimaux de pH de la plaque dentaire et favorisent sa neutralisation. Les acides de la plaque dentaire sont un facteur de risque dans le d\u00e9veloppement des caries dentaires.&nbsp;<strong>Mais mastiquer un chewing-gum peut servir \u00e0 bien d&rsquo;autres choses.<\/strong><\/p>\n\n\n\n<p class=\"has-text-align-center light mb-4\" style=\"font-size:18px\">La mastication pr\u00e9sente un grand int\u00e9r\u00eat en tant que syst\u00e8me d\u2019administration orale attrayant, et en tant qu\u2019alternative aux produits pharmaceutiques et nutraceutiques.<\/p>\n\n\n<style>@media only screen and (max-width: 1200px) {.gb-69ee3a2d8c551{font-size: 30px!important;}}@media only screen and (max-width: 600px) {.gb-69ee3a2d8c551{font-size: 25px!important;}}<\/style>\n<h2 class=\"gb-69ee3a2d8c551 wp-block-heading has-text-align-center mt-60\" style=\"font-size:40px\">Pourquoi un chewing-gum m\u00e9dicamenteux\/fonctionnel?<\/h2>\n\n\n\n<div class=\"wp-block-columns mt-60 is-layout-flex wp-container-core-columns-is-layout-9d6595d7 wp-block-columns-is-layout-flex\">\n<div class=\"wp-block-column rounded-blocks has-background is-layout-flow wp-block-column-is-layout-flow\" style=\"background-color:#098289\">\n<div class=\"wp-block-columns is-layout-flex wp-container-core-columns-is-layout-9d6595d7 wp-block-columns-is-layout-flex\">\n<div class=\"wp-block-column column-left is-layout-flow wp-block-column-is-layout-flow\">\n<figure class=\"wp-block-image size-full benefits\"><img loading=\"lazy\" decoding=\"async\" width=\"687\" height=\"583\" src=\"https:\/\/www.cafosa.com\/wp-content\/uploads\/2023\/08\/Chica_-chicle_tira-1-copy.webp\" alt=\"Benefits image\" class=\"wp-image-923\" srcset=\"https:\/\/www.cafosa.com\/wp-content\/uploads\/2023\/08\/Chica_-chicle_tira-1-copy.webp 687w, https:\/\/www.cafosa.com\/wp-content\/uploads\/2023\/08\/Chica_-chicle_tira-1-copy-300x255.webp 300w\" sizes=\"auto, (max-width: 687px) 100vw, 687px\" \/><\/figure>\n<\/div>\n\n\n\n<div class=\"wp-block-column is-layout-flow wp-block-column-is-layout-flow\">\n<h3 class=\"wp-block-heading has-white-color has-text-color\">Les avantages de la mastication<\/h3>\n\n\n\n<ul class=\"rounded ul-without-padding-left has-white-color has-text-color wp-block-list\">\n<li>Augmente le pH<\/li>\n\n\n\n<li>R\u00e9duit l\u2019incidence des caries <\/li>\n\n\n\n<li>R\u00e9duit la d\u00e9min\u00e9ralisation de l\u2019\u00e9mail des dents <\/li>\n\n\n\n<li>Rafra\u00eechit l\u2019haleine <\/li>\n\n\n\n<li>Favorise la concentration<\/li>\n<\/ul>\n<\/div>\n<\/div>\n<\/div>\n<\/div>\n\n\n\n<div class=\"wp-block-columns mt-200 is-layout-flex wp-container-core-columns-is-layout-9d6595d7 wp-block-columns-is-layout-flex\">\n<div class=\"wp-block-column rounded-blocks has-background is-layout-flow wp-block-column-is-layout-flow\" style=\"background-color:#098289\">\n<div class=\"wp-block-columns is-layout-flex wp-container-core-columns-is-layout-9d6595d7 wp-block-columns-is-layout-flex\">\n<div class=\"wp-block-column is-layout-flow wp-block-column-is-layout-flow\">\n<h3 class=\"wp-block-heading has-white-color has-text-color\">Syst\u00e8me de lib\u00e9ration efficace<\/h3>\n\n\n\n<ul class=\"rounded ul-without-padding-left has-white-color has-text-color wp-block-list\">\n<li>Absorption par la muqueuse buccale<\/li>\n\n\n\n<li>Pr\u00e9vient les effets secondaires gastro-intestinaux<\/li>\n\n\n\n<li>Lib\u00e9ration contr\u00f4l\u00e9e<\/li>\n\n\n\n<li>Pas besoin d\u2019eau<\/li>\n<\/ul>\n<\/div>\n\n\n\n<div class=\"wp-block-column column-right is-layout-flow wp-block-column-is-layout-flow\">\n<figure class=\"wp-block-image size-full\"><img loading=\"lazy\" decoding=\"async\" width=\"700\" height=\"594\" src=\"https:\/\/www.cafosa.com\/wp-content\/uploads\/2023\/08\/una-boca-copy.webp\" alt=\"Efficient delivery system\" class=\"wp-image-928\" srcset=\"https:\/\/www.cafosa.com\/wp-content\/uploads\/2023\/08\/una-boca-copy.webp 700w, https:\/\/www.cafosa.com\/wp-content\/uploads\/2023\/08\/una-boca-copy-300x255.webp 300w\" sizes=\"auto, (max-width: 700px) 100vw, 700px\" \/><\/figure>\n<\/div>\n<\/div>\n<\/div>\n<\/div>\n\n\n\n<p class=\"has-text-align-center mt-100 light p-10-porcent\" style=\"font-size:16px\">Pendant de nombreuses ann\u00e9es, le chewing-gum fonctionnel \u00e9tait limit\u00e9 aux produits destin\u00e9s au sevrage tabagique et \u00e0 la lutte contre les naus\u00e9es en voyage. Ce n\u2019est plus le cas aujourd\u2019hui. Gr\u00e2ce \u00e0 l\u2019excipient innovant de Cafosa, adapt\u00e9 \u00e0 la compression directe, les applications dans le domaine du chewing-gum sont devenues infinies.<\/p>\n\n\n\n<div class=\"wp-block-columns mt-60 is-layout-flex wp-container-core-columns-is-layout-9d6595d7 wp-block-columns-is-layout-flex\">\n<div class=\"wp-block-column is-layout-flow wp-block-column-is-layout-flow\"><div class=\"wp-block-image with-slide-btn\">\n<figure class=\"aligncenter size-full is-resized\"><a href=\"\/excipient\/\"><img loading=\"lazy\" decoding=\"async\" width=\"285\" height=\"242\" src=\"https:\/\/www.cafosa.com\/wp-content\/uploads\/2023\/08\/Grupo-34-copy.webp\" alt=\"Excipient\" class=\"wp-image-932\" style=\"object-fit:contain;width:285px;height:242px\"\/><\/a><\/figure>\n<\/div>\n\n\n<div class=\"wp-block-buttons mt-30 is-content-justification-center is-layout-flex wp-container-core-buttons-is-layout-16018d1d wp-block-buttons-is-layout-flex\">\n<div class=\"wp-block-button has-custom-font-size btn-secondary has-small-font-size\"><a class=\"wp-block-button__link has-background wp-element-button\" href=\"\/fr\/excipient\/\" style=\"background-color:#098289\">Excipient<\/a><\/div>\n<\/div>\n<\/div>\n\n\n\n<div class=\"wp-block-column is-layout-flow wp-block-column-is-layout-flow\"><div class=\"wp-block-image with-slide-btn\">\n<figure class=\"aligncenter size-full is-resized\"><a href=\"\/cough-and-cold-chewing-gum\/\"><img loading=\"lazy\" decoding=\"async\" width=\"285\" height=\"242\" src=\"https:\/\/www.cafosa.com\/wp-content\/uploads\/2023\/08\/Grupo-35-copy.webp\" alt=\"Cough &amp; Cold chewing gum\" class=\"wp-image-936\" style=\"object-fit:contain;width:285px;height:242px\"\/><\/a><\/figure>\n<\/div>\n\n\n<div class=\"wp-block-buttons mt-30 is-content-justification-center is-layout-flex wp-container-core-buttons-is-layout-16018d1d wp-block-buttons-is-layout-flex\">\n<div class=\"wp-block-button has-custom-font-size btn-secondary has-small-font-size\"><a class=\"wp-block-button__link has-background wp-element-button\" href=\"\/fr\/chewing-gum-cough-cold\" style=\"background-color:#098289\">Chewing-gum Cough &amp; Cold<\/a><\/div>\n<\/div>\n<\/div>\n\n\n\n<div class=\"wp-block-column is-layout-flow wp-block-column-is-layout-flow\"><div class=\"wp-block-image with-slide-btn\">\n<figure class=\"aligncenter size-full is-resized\"><a href=\"\/oral-probiotic-chewing-gum\/\"><img loading=\"lazy\" decoding=\"async\" width=\"285\" height=\"242\" src=\"https:\/\/www.cafosa.com\/wp-content\/uploads\/2023\/08\/Cafosa_Home-2-copy.webp\" alt=\"Oral Probiotic Chewing gum\" class=\"wp-image-939\" style=\"object-fit:contain;width:285px;height:242px\"\/><\/a><\/figure>\n<\/div>\n\n\n<div class=\"wp-block-buttons mt-30 is-content-justification-center is-layout-flex wp-container-core-buttons-is-layout-16018d1d wp-block-buttons-is-layout-flex\">\n<div class=\"wp-block-button has-custom-font-size btn-secondary has-small-font-size\"><a class=\"wp-block-button__link has-background wp-element-button\" href=\"\/fr\/chewing-gum-probiotique-oral\" style=\"background-color:#098289\">Chewing-gum probiotique oral<\/a><\/div>\n<\/div>\n<\/div>\n\n\n\n<div class=\"wp-block-column is-layout-flow wp-block-column-is-layout-flow\"><div class=\"wp-block-image with-slide-btn\">\n<figure class=\"aligncenter size-full is-resized\"><img loading=\"lazy\" decoding=\"async\" width=\"783\" height=\"666\" src=\"https:\/\/www.cafosa.com\/wp-content\/uploads\/2023\/11\/aligner.png\" alt=\"\" class=\"wp-image-15523\" style=\"object-fit:contain;width:285px;height:242px\" srcset=\"https:\/\/www.cafosa.com\/wp-content\/uploads\/2023\/11\/aligner.png 783w, https:\/\/www.cafosa.com\/wp-content\/uploads\/2023\/11\/aligner-300x255.png 300w, https:\/\/www.cafosa.com\/wp-content\/uploads\/2023\/11\/aligner-768x653.png 768w\" sizes=\"auto, (max-width: 783px) 100vw, 783px\" \/><\/figure>\n<\/div>\n\n\n<div class=\"wp-block-buttons mt-30 is-content-justification-center is-layout-flex wp-container-core-buttons-is-layout-16018d1d wp-block-buttons-is-layout-flex\">\n<div class=\"wp-block-button has-custom-font-size btn-secondary has-small-font-size\"><a class=\"wp-block-button__link has-background wp-element-button\" href=\"https:\/\/www.cafosa.com\/fr\/aligneur-de-chewing-gum\/\" style=\"background-color:#098289\">Aligneur de Chewing-gum<\/a><\/div>\n<\/div>\n<\/div>\n<\/div>\n<\/div><\/div><\/div>\n\n\n\n<div style=\"background-color:#f2f9f9;padding-left:2%;padding-right:2%;padding-bottom:4%;padding-top:4%\" class=\"wp-block-genesis-blocks-gb-container gb-block-container\"><div class=\"gb-container-inside\"><div class=\"gb-container-content\"><style>@media only screen and (max-width: 1200px) {.gb-69ee3a2d9155e{font-size: 30px!important;}}@media only screen and (max-width: 600px) {.gb-69ee3a2d9155e{font-size: 25px!important;}}<\/style>\n<h2 class=\"gb-69ee3a2d9155e wp-block-heading has-text-align-center\" style=\"font-size:40px\">Trouvez la base de gomme qui vous convient<\/h2>\n\n\n\n<div class=\"wp-block-buttons is-content-justification-center is-layout-flex wp-container-core-buttons-is-layout-16018d1d wp-block-buttons-is-layout-flex\">\n<div class=\"wp-block-button has-custom-font-size btn-primary has-small-font-size\"><a class=\"wp-block-button__link has-background wp-element-button\" href=\"https:\/\/www.cafosa.com\/fr\/contact\/\" style=\"background-color:#128a3a\">Envoyer<\/a><\/div>\n<\/div>\n<\/div><\/div><\/div>\n","protected":false},"excerpt":{"rendered":"","protected":false},"author":1,"featured_media":0,"parent":0,"menu_order":0,"comment_status":"closed","ping_status":"closed","template":"","meta":{"_eb_attr":"","footnotes":""},"class_list":["post-1319","page","type-page","status-publish","hentry"],"featured_image_src":null,"featured_image_src_square":null,"_links":{"self":[{"href":"https:\/\/www.cafosa.com\/fr\/wp-json\/wp\/v2\/pages\/1319","targetHints":{"allow":["GET"]}}],"collection":[{"href":"https:\/\/www.cafosa.com\/fr\/wp-json\/wp\/v2\/pages"}],"about":[{"href":"https:\/\/www.cafosa.com\/fr\/wp-json\/wp\/v2\/types\/page"}],"author":[{"embeddable":true,"href":"https:\/\/www.cafosa.com\/fr\/wp-json\/wp\/v2\/users\/1"}],"replies":[{"embeddable":true,"href":"https:\/\/www.cafosa.com\/fr\/wp-json\/wp\/v2\/comments?post=1319"}],"version-history":[{"count":3,"href":"https:\/\/www.cafosa.com\/fr\/wp-json\/wp\/v2\/pages\/1319\/revisions"}],"predecessor-version":[{"id":15544,"href":"https:\/\/www.cafosa.com\/fr\/wp-json\/wp\/v2\/pages\/1319\/revisions\/15544"}],"wp:attachment":[{"href":"https:\/\/www.cafosa.com\/fr\/wp-json\/wp\/v2\/media?parent=1319"}],"curies":[{"name":"wp","href":"https:\/\/api.w.org\/{rel}","templated":true}]}}