{"id":1321,"date":"2023-08-14T09:50:24","date_gmt":"2023-08-14T12:50:24","guid":{"rendered":"https:\/\/www.cafosa.com\/?page_id=1321"},"modified":"2023-10-09T21:34:01","modified_gmt":"2023-10-10T00:34:01","slug":"excipient","status":"publish","type":"page","link":"https:\/\/www.cafosa.com\/fr\/excipient\/","title":{"rendered":"Excipient"},"content":{"rendered":"\n<div style=\"background-color:#e6f2f3\" class=\"wp-block-genesis-blocks-gb-container p-0 container-banner gb-block-container\"><div class=\"gb-container-inside\"><div class=\"gb-container-content\">\n<div class=\"wp-block-columns is-layout-flex wp-container-core-columns-is-layout-9d6595d7 wp-block-columns-is-layout-flex\">\n<div class=\"wp-block-column is-layout-flow wp-block-column-is-layout-flow\">\n<figure class=\"wp-block-image size-large\"><img loading=\"lazy\" decoding=\"async\" width=\"1024\" height=\"401\" src=\"https:\/\/www.cafosa.com\/wp-content\/uploads\/2023\/08\/banner-exc-1024x401.webp\" alt=\"Banner excipient\" class=\"wp-image-312\" srcset=\"https:\/\/www.cafosa.com\/wp-content\/uploads\/2023\/08\/banner-exc-1024x401.webp 1024w, https:\/\/www.cafosa.com\/wp-content\/uploads\/2023\/08\/banner-exc-300x117.webp 300w, https:\/\/www.cafosa.com\/wp-content\/uploads\/2023\/08\/banner-exc-768x301.webp 768w, https:\/\/www.cafosa.com\/wp-content\/uploads\/2023\/08\/banner-exc-1536x601.webp 1536w, https:\/\/www.cafosa.com\/wp-content\/uploads\/2023\/08\/banner-exc.webp 1758w\" sizes=\"auto, (max-width: 1024px) 100vw, 1024px\" \/><\/figure>\n<\/div>\n\n\n\n<div class=\"wp-block-column is-vertically-aligned-center is-layout-flow wp-block-column-is-layout-flow\"><style>@media only screen and (max-width: 1200px) {.gb-69ee4ef8cef2f{font-size: 40px!important;}}@media only screen and (max-width: 600px) {.gb-69ee4ef8cef2f{font-size: 40px!important;}}<\/style>\n<h1 class=\"gb-69ee4ef8cef2f wp-block-heading has-text-align-center\" style=\"font-size:60px\">Excipient<\/h1>\n<\/div>\n<\/div>\n<\/div><\/div><\/div>\n\n\n\n<div style=\"padding-left:2%;padding-right:2%;padding-bottom:4%;padding-top:5%\" class=\"wp-block-genesis-blocks-gb-container gb-block-container\"><div class=\"gb-container-inside\"><div class=\"gb-container-content\" style=\"max-width:1200px\">\n<div class=\"wp-block-columns is-layout-flex wp-container-core-columns-is-layout-9d6595d7 wp-block-columns-is-layout-flex\">\n<div class=\"wp-block-column light is-layout-flow wp-block-column-is-layout-flow\"><style>@media only screen and (max-width: 1200px) {.gb-69ee4ef8d3513{font-size: 30px!important;}}@media only screen and (max-width: 600px) {.gb-69ee4ef8d3513{font-size: 25px!important;}}<\/style>\n<h2 class=\"gb-69ee4ef8d3513 wp-block-heading\" style=\"font-size:40px\">Polyvalence pour les chewing-gums extrud\u00e9 et comprim\u00e9<\/h2>\n\n\n\n<p>Le chewing-gum nutraceutique ou pharmaceutique peut \u00eatre obtenu \u00e0 partir d\u2019une gomme de base ou d\u2019un excipient en poudre.<\/p>\n\n\n\n<p><\/p>\n\n\n\n<p>Le choix d\u00e9pend du type d\u2019ingr\u00e9dient, de la d\u00e9finition du profil sensoriel du produit final et des machines de production disponibles.<\/p>\n\n\n\n<p>Cafosa offre son excipient<strong>\u00a0Health in Gum\u00ae<\/strong>, une\u00a0<strong>poudre compressible pr\u00eate \u00e0 l\u2019emploi pour des applications pharmaceutiques et nutraceutiques.<\/strong><\/p>\n\n\n\n<p><\/p>\n\n\n\n<p><strong>Health in Gum\u00ae<\/strong> \u00a0est une poudre homog\u00e8ne \u00e0 \u00e9coulement libre contenant tous les ingr\u00e9dients n\u00e9cessaires \u00e0 la production de chewing-gums, <strong>de la gomme de base aux \u00e9dulcorants en passant par les ramollissants<\/strong>. Cette combinaison est adapt\u00e9e sans probl\u00e8me \u00e0 un <strong>principe actif<\/strong> et fonctionne avec des compresseurs standard comme toute autre combinaison d\u2019excipients \u00e0 compression directe.<\/p>\n\n\n\n<p><\/p>\n\n\n\n<p>Les <strong>chewing-gums contenant des ingr\u00e9dients actifs<\/strong>\u00a0sont id\u00e9alement produits avec\u00a0<strong>Health in Gum\u00ae<\/strong>, car leur production limite les niveaux de temp\u00e9rature et d\u2019humidit\u00e9.<\/p>\n<\/div>\n\n\n\n<div class=\"wp-block-column is-vertically-aligned-center is-layout-flow wp-block-column-is-layout-flow\"><div class=\"wp-block-image\">\n<figure class=\"aligncenter size-full is-resized\"><img loading=\"lazy\" decoding=\"async\" src=\"https:\/\/www.cafosa.com\/wp-content\/uploads\/2023\/08\/img-excipient.webp\" alt=\"Image excipient\" class=\"wp-image-335\" style=\"object-fit:contain;width:380px;height:342px\" width=\"380\" height=\"342\" srcset=\"https:\/\/www.cafosa.com\/wp-content\/uploads\/2023\/08\/img-excipient.webp 718w, https:\/\/www.cafosa.com\/wp-content\/uploads\/2023\/08\/img-excipient-300x271.webp 300w\" sizes=\"auto, (max-width: 380px) 100vw, 380px\" \/><\/figure>\n<\/div><\/div>\n<\/div>\n\n\n\n<h2 class=\"wp-block-heading has-text-align-center mt-40\">Avantages de la sant\u00e9 dans Gum\u00ae<\/h2>\n\n\n\n<div class=\"wp-block-columns mt-30 container-benefits is-layout-flex wp-container-core-columns-is-layout-9d6595d7 wp-block-columns-is-layout-flex\">\n<div class=\"wp-block-column is-layout-flow wp-block-column-is-layout-flow\"><div class=\"wp-block-image\">\n<figure class=\"aligncenter size-full is-resized\"><img loading=\"lazy\" decoding=\"async\" src=\"https:\/\/www.cafosa.com\/wp-content\/uploads\/2023\/08\/img-compresive.webp\" alt=\"\" class=\"wp-image-344\" style=\"object-fit:contain;width:122px;height:111px\" width=\"122\" height=\"111\"\/><figcaption class=\"wp-element-caption\">Il est directement compressible<\/figcaption><\/figure>\n<\/div><\/div>\n\n\n\n<div class=\"wp-block-column is-layout-flow wp-block-column-is-layout-flow\"><div class=\"wp-block-image\">\n<figure class=\"aligncenter size-full is-resized\"><img loading=\"lazy\" decoding=\"async\" src=\"https:\/\/www.cafosa.com\/wp-content\/uploads\/2023\/08\/img-easy-to-tablet.webp\" alt=\"Excellent flow and easy to tablet\" class=\"wp-image-348\" style=\"object-fit:contain;width:122px;height:111px\" width=\"122\" height=\"111\"\/><figcaption class=\"wp-element-caption\">Excellent d\u00e9bit et facile \u00e0 comprim\u00e9er<\/figcaption><\/figure>\n<\/div><\/div>\n\n\n\n<div class=\"wp-block-column is-layout-flow wp-block-column-is-layout-flow\"><div class=\"wp-block-image\">\n<figure class=\"aligncenter size-full is-resized\"><img loading=\"lazy\" decoding=\"async\" src=\"https:\/\/www.cafosa.com\/wp-content\/uploads\/2023\/08\/img-fast-api.webp\" alt=\"Image Specific API\" class=\"wp-image-351\" style=\"object-fit:contain;width:122px;height:111px\" width=\"122\" height=\"111\"\/><figcaption class=\"wp-element-caption\">Publication rapide de l&rsquo;API, en fonction de l&rsquo;API sp\u00e9cifique<\/figcaption><\/figure>\n<\/div><\/div>\n\n\n\n<div class=\"wp-block-column is-layout-flow wp-block-column-is-layout-flow\"><div class=\"wp-block-image\">\n<figure class=\"aligncenter size-full is-resized\"><img loading=\"lazy\" decoding=\"async\" src=\"https:\/\/www.cafosa.com\/wp-content\/uploads\/2023\/08\/img-termosensitive2.webp\" alt=\"Image termosensitive\" class=\"wp-image-360\" style=\"object-fit:contain;width:122px;height:111px\" width=\"122\" height=\"111\"\/><figcaption class=\"wp-element-caption\">Il fonctionne \u00e0 temp\u00e9rature ambiante, permettant l\u2019utilisation d\u2019API thermosensibles<\/figcaption><\/figure>\n<\/div><\/div>\n\n\n\n<div class=\"wp-block-column is-layout-flow wp-block-column-is-layout-flow\"><div class=\"wp-block-image\">\n<figure class=\"aligncenter size-full is-resized\"><img loading=\"lazy\" decoding=\"async\" src=\"https:\/\/www.cafosa.com\/wp-content\/uploads\/2023\/08\/img-ideal-for-water.webp\" alt=\"\" class=\"wp-image-364\" style=\"object-fit:contain;width:122px;height:111px\" width=\"122\" height=\"111\"\/><figcaption class=\"wp-element-caption\">Id\u00e9al pour les API sensibles \u00e0 l\u2019eau<\/figcaption><\/figure>\n<\/div><\/div>\n<\/div>\n<\/div><\/div><\/div>\n","protected":false},"excerpt":{"rendered":"","protected":false},"author":1,"featured_media":0,"parent":0,"menu_order":0,"comment_status":"closed","ping_status":"closed","template":"","meta":{"_eb_attr":"","footnotes":""},"class_list":["post-1321","page","type-page","status-publish","hentry"],"featured_image_src":null,"featured_image_src_square":null,"_links":{"self":[{"href":"https:\/\/www.cafosa.com\/fr\/wp-json\/wp\/v2\/pages\/1321","targetHints":{"allow":["GET"]}}],"collection":[{"href":"https:\/\/www.cafosa.com\/fr\/wp-json\/wp\/v2\/pages"}],"about":[{"href":"https:\/\/www.cafosa.com\/fr\/wp-json\/wp\/v2\/types\/page"}],"author":[{"embeddable":true,"href":"https:\/\/www.cafosa.com\/fr\/wp-json\/wp\/v2\/users\/1"}],"replies":[{"embeddable":true,"href":"https:\/\/www.cafosa.com\/fr\/wp-json\/wp\/v2\/comments?post=1321"}],"version-history":[{"count":1,"href":"https:\/\/www.cafosa.com\/fr\/wp-json\/wp\/v2\/pages\/1321\/revisions"}],"predecessor-version":[{"id":1322,"href":"https:\/\/www.cafosa.com\/fr\/wp-json\/wp\/v2\/pages\/1321\/revisions\/1322"}],"wp:attachment":[{"href":"https:\/\/www.cafosa.com\/fr\/wp-json\/wp\/v2\/media?parent=1321"}],"curies":[{"name":"wp","href":"https:\/\/api.w.org\/{rel}","templated":true}]}}