{"id":1323,"date":"2023-08-14T12:10:26","date_gmt":"2023-08-14T10:10:26","guid":{"rendered":"https:\/\/www.cafosa.com\/?page_id=1323"},"modified":"2023-12-05T15:01:29","modified_gmt":"2023-12-05T14:01:29","slug":"chewing-gum-cough-cold","status":"publish","type":"page","link":"https:\/\/www.cafosa.com\/fr\/chewing-gum-cough-cold\/","title":{"rendered":"Chewing gum cough &#038; cold"},"content":{"rendered":"\n<div style=\"background-color:#e6f2f3\" class=\"wp-block-genesis-blocks-gb-container p-0 container-banner gb-block-container\"><div class=\"gb-container-inside\"><div class=\"gb-container-content\">\n<div class=\"wp-block-columns is-layout-flex wp-container-core-columns-is-layout-9d6595d7 wp-block-columns-is-layout-flex\">\n<div class=\"wp-block-column is-layout-flow wp-block-column-is-layout-flow\">\n<figure class=\"wp-block-image size-large\"><img loading=\"lazy\" decoding=\"async\" width=\"1024\" height=\"407\" src=\"https:\/\/www.cafosa.com\/wp-content\/uploads\/2023\/08\/banner-chewing_1-1024x407.webp\" alt=\"\" class=\"wp-image-387\" srcset=\"https:\/\/www.cafosa.com\/wp-content\/uploads\/2023\/08\/banner-chewing_1-1024x407.webp 1024w, https:\/\/www.cafosa.com\/wp-content\/uploads\/2023\/08\/banner-chewing_1-300x119.webp 300w, https:\/\/www.cafosa.com\/wp-content\/uploads\/2023\/08\/banner-chewing_1-768x305.webp 768w, https:\/\/www.cafosa.com\/wp-content\/uploads\/2023\/08\/banner-chewing_1-1536x610.webp 1536w, https:\/\/www.cafosa.com\/wp-content\/uploads\/2023\/08\/banner-chewing_1.webp 1752w\" sizes=\"auto, (max-width: 1024px) 100vw, 1024px\" \/><\/figure>\n<\/div>\n\n\n\n<div class=\"wp-block-column is-vertically-aligned-center is-layout-flow wp-block-column-is-layout-flow\"><style>@media only screen and (max-width: 1200px) {.gb-69e1d0d54be71{font-size: 40px!important;}}@media only screen and (max-width: 600px) {.gb-69e1d0d54be71{font-size: 40px!important;}}<\/style>\n<h1 class=\"gb-69e1d0d54be71 wp-block-heading has-text-align-center\" style=\"font-size:60px\">Chewing gum cough &amp; cold<\/h1>\n<\/div>\n<\/div>\n<\/div><\/div><\/div>\n\n\n\n<div style=\"padding-left:2%;padding-right:2%;padding-bottom:4%;padding-top:5%\" class=\"wp-block-genesis-blocks-gb-container gb-block-container\"><div class=\"gb-container-inside\"><div class=\"gb-container-content\" style=\"max-width:1200px\">\n<div class=\"wp-block-columns is-layout-flex wp-container-core-columns-is-layout-9d6595d7 wp-block-columns-is-layout-flex\">\n<div class=\"wp-block-column light is-layout-flow wp-block-column-is-layout-flow\"><style>@media only screen and (max-width: 1200px) {.gb-69e1d0d54ff7e{font-size: 30px!important;}}@media only screen and (max-width: 600px) {.gb-69e1d0d54ff7e{font-size: 25px!important;}}<\/style>\n<h2 class=\"gb-69e1d0d54ff7e wp-block-heading\" style=\"font-size:40px\">\u00c9largissez votre portefeuille de produits \u2019OTC avec une nouvelle forme pharmaceutique pour apaiser et soulager les maux de gorge<\/h2>\n\n\n\n<p><strong>Informations sur le produit:<\/strong> Ce produit est utilis\u00e9 pour le soulagement local et temporaire des sympt\u00f4mes des infections bucco-pharyng\u00e9es l\u00e9g\u00e8res associ\u00e9es \u00e0 la douleur et sans fi\u00e8vre telles que : mal de gorge, aphonie, petites plaies buccales<\/p>\n\n\n\n<p> <\/p>\n\n\n\n<p><strong>Ingr\u00e9dients actifs: <\/strong>Chlorhexidine 5 mg&nbsp;\/&nbsp;Benzoca\u00efne 5 mg. Les principes actifs de ce m\u00e9dicament agissent en combinant la fonction antiseptique de la chlorhexidine et la fonction anesth\u00e9sique locale de la benzoca\u00efne<\/p>\n\n\n\n<p><\/p>\n\n\n\n<p><strong>Administration: <\/strong>1 chewing-gum en cas de besoin, en respectant un d\u00e9lai d\u2019au moins deux heures avant le suivant. Ne pas prendre plus de 8 chewing-gums par jour<\/p>\n\n\n\n<p><\/p>\n\n\n\n<p><strong>Go\u00fbt:<\/strong> Menthe<\/p>\n\n\n\n<p><\/p>\n\n\n\n<p><strong>Format:<\/strong> Blister (2 x 6 chewing-gums)<\/p>\n\n\n\n<p><\/p>\n\n\n\n<p><strong>\u00c2ge: <\/strong>Adultes et enfants de plus de 6 ans<\/p>\n\n\n\n<p><\/p>\n\n\n\n<p>Fabriqu\u00e9 en ESPAGNE selon les normes GMP Enregistr\u00e9 dans diff\u00e9rents pays europ\u00e9ens<\/p>\n\n\n\n<p><\/p>\n\n\n\n<div class=\"wp-block-buttons mt-30 is-content-justification-left is-layout-flex wp-container-core-buttons-is-layout-fdcfc74e wp-block-buttons-is-layout-flex\">\n<div class=\"wp-block-button has-custom-font-size btn-secondary has-small-font-size\"><a class=\"wp-block-button__link has-background wp-element-button\" href=\"https:\/\/www.cafosa.com\/wp-content\/uploads\/2023\/09\/AF_garganta_interactivo_FR_pack.pdf\" style=\"background-color:#0b8289\" target=\"_blank\" rel=\"noreferrer noopener\"><strong>T\u00e9l\u00e9charger la brochure<\/strong><\/a><\/div>\n<\/div>\n<\/div>\n\n\n\n<div class=\"wp-block-column is-vertically-aligned-center is-layout-flow wp-block-column-is-layout-flow\"><div class=\"wp-block-image\">\n<figure class=\"aligncenter size-full is-resized\"><img loading=\"lazy\" decoding=\"async\" width=\"571\" height=\"401\" src=\"https:\/\/www.cafosa.com\/wp-content\/uploads\/2023\/09\/caja-cough-and-cold-y-grajeas-e1694094193720.webp\" alt=\"\" class=\"wp-image-1066\" style=\"object-fit:contain;width:380px;height:342px\" srcset=\"https:\/\/www.cafosa.com\/wp-content\/uploads\/2023\/09\/caja-cough-and-cold-y-grajeas-e1694094193720.webp 571w, https:\/\/www.cafosa.com\/wp-content\/uploads\/2023\/09\/caja-cough-and-cold-y-grajeas-e1694094193720-300x211.webp 300w\" sizes=\"auto, (max-width: 571px) 100vw, 571px\" \/><\/figure>\n<\/div>\n\n\n<p class=\"has-text-align-center mt-30\"><strong>Produit d\u00e9velopp\u00e9 en collaboration avec Geiser Pharma<\/strong><\/p>\n<\/div>\n<\/div>\n<\/div><\/div><\/div>\n\n\n\n<div style=\"background-color:#f2f9f9;padding-left:2%;padding-right:2%;padding-bottom:4%;padding-top:4%\" class=\"wp-block-genesis-blocks-gb-container gb-block-container\"><div class=\"gb-container-inside\"><div class=\"gb-container-content\"><style>@media only screen and (max-width: 1200px) {.gb-69e1d0d553d3f{font-size: 30px!important;}}@media only screen and (max-width: 600px) {.gb-69e1d0d553d3f{font-size: 25px!important;}}<\/style>\n<h2 class=\"gb-69e1d0d553d3f wp-block-heading has-text-align-center\" style=\"font-size:40px\">Demandez votre \u00e9chantillon<\/h2>\n\n\n\n<div class=\"wp-block-buttons is-content-justification-center is-layout-flex wp-container-core-buttons-is-layout-16018d1d wp-block-buttons-is-layout-flex\">\n<div class=\"wp-block-button has-custom-font-size btn-primary has-small-font-size\"><a class=\"wp-block-button__link has-background wp-element-button\" href=\"https:\/\/www.cafosa.com\/fr\/contact\/\" style=\"background-color:#128a3a\">Contact<\/a><\/div>\n<\/div>\n<\/div><\/div><\/div>\n","protected":false},"excerpt":{"rendered":"","protected":false},"author":1,"featured_media":0,"parent":0,"menu_order":0,"comment_status":"closed","ping_status":"closed","template":"","meta":{"_eb_attr":"","footnotes":""},"class_list":["post-1323","page","type-page","status-publish","hentry"],"featured_image_src":null,"featured_image_src_square":null,"_links":{"self":[{"href":"https:\/\/www.cafosa.com\/fr\/wp-json\/wp\/v2\/pages\/1323","targetHints":{"allow":["GET"]}}],"collection":[{"href":"https:\/\/www.cafosa.com\/fr\/wp-json\/wp\/v2\/pages"}],"about":[{"href":"https:\/\/www.cafosa.com\/fr\/wp-json\/wp\/v2\/types\/page"}],"author":[{"embeddable":true,"href":"https:\/\/www.cafosa.com\/fr\/wp-json\/wp\/v2\/users\/1"}],"replies":[{"embeddable":true,"href":"https:\/\/www.cafosa.com\/fr\/wp-json\/wp\/v2\/comments?post=1323"}],"version-history":[{"count":4,"href":"https:\/\/www.cafosa.com\/fr\/wp-json\/wp\/v2\/pages\/1323\/revisions"}],"predecessor-version":[{"id":15600,"href":"https:\/\/www.cafosa.com\/fr\/wp-json\/wp\/v2\/pages\/1323\/revisions\/15600"}],"wp:attachment":[{"href":"https:\/\/www.cafosa.com\/fr\/wp-json\/wp\/v2\/media?parent=1323"}],"curies":[{"name":"wp","href":"https:\/\/api.w.org\/{rel}","templated":true}]}}