{"id":1332,"date":"2023-08-10T15:41:05","date_gmt":"2023-08-10T18:41:05","guid":{"rendered":"https:\/\/www.cafosa.com\/?page_id=1332"},"modified":"2023-10-09T22:03:02","modified_gmt":"2023-10-10T01:03:02","slug":"services","status":"publish","type":"page","link":"https:\/\/www.cafosa.com\/fr\/services\/","title":{"rendered":"Services"},"content":{"rendered":"\n<div style=\"background-color:#fef4e9\" class=\"wp-block-genesis-blocks-gb-container p-0 container-banner gb-block-container\"><div class=\"gb-container-inside\"><div class=\"gb-container-content\">\n<div class=\"wp-block-columns is-layout-flex wp-container-core-columns-is-layout-9d6595d7 wp-block-columns-is-layout-flex\">\n<div class=\"wp-block-column is-layout-flow wp-block-column-is-layout-flow\">\n<figure class=\"wp-block-image size-large\"><img loading=\"lazy\" decoding=\"async\" width=\"1024\" height=\"405\" src=\"https:\/\/www.cafosa.com\/wp-content\/uploads\/2023\/08\/banner-services-1024x405.webp\" alt=\"\" class=\"wp-image-472\" srcset=\"https:\/\/www.cafosa.com\/wp-content\/uploads\/2023\/08\/banner-services-1024x405.webp 1024w, https:\/\/www.cafosa.com\/wp-content\/uploads\/2023\/08\/banner-services-300x119.webp 300w, https:\/\/www.cafosa.com\/wp-content\/uploads\/2023\/08\/banner-services-768x304.webp 768w, https:\/\/www.cafosa.com\/wp-content\/uploads\/2023\/08\/banner-services-1536x607.webp 1536w, https:\/\/www.cafosa.com\/wp-content\/uploads\/2023\/08\/banner-services.webp 1756w\" sizes=\"auto, (max-width: 1024px) 100vw, 1024px\" \/><\/figure>\n<\/div>\n\n\n\n<div class=\"wp-block-column is-vertically-aligned-center is-layout-flow wp-block-column-is-layout-flow\"><style>@media only screen and (max-width: 1200px) {.gb-69dbf17335fce{font-size: 40px!important;}}@media only screen and (max-width: 600px) {.gb-69dbf17335fce{font-size: 40px!important;}}<\/style>\n<h1 class=\"gb-69dbf17335fce wp-block-heading has-text-align-center\" style=\"font-size:60px\">Services<\/h1>\n<\/div>\n<\/div>\n<\/div><\/div><\/div>\n\n\n\n<div style=\"padding-left:2%;padding-right:2%;padding-bottom:4%;padding-top:4%\" class=\"wp-block-genesis-blocks-gb-container gb-block-container\"><div class=\"gb-container-inside\"><div class=\"gb-container-content\" style=\"max-width:1200px\"><style>@media only screen and (max-width: 1200px) {.gb-69dbf1733a063{font-size: 30px!important;}}@media only screen and (max-width: 600px) {.gb-69dbf1733a063{font-size: 25px!important;}}<\/style>\n<h2 class=\"gb-69dbf1733a063 wp-block-heading has-text-align-center mb-20\" style=\"font-size:40px\">Fournir des solutions au-del\u00e0 des limites<\/h2>\n\n\n\n<p class=\"has-text-align-center light\" style=\"font-size:18px\">Gr\u00e2ce \u00e0 nos capacit\u00e9s et \u00e0 notre exp\u00e9rience, nous offrons \u00e0 nos clients une large gamme de services qui r\u00e9pondent \u00e0 divers besoins \u00e0 diff\u00e9rents stades du processus de mise sur le march\u00e9 d\u2019un chewing-gum.<\/p>\n\n\n\n<p><\/p>\n\n\n\n<p class=\"has-text-align-center light\" style=\"font-size:18px\">Ces services peuvent \u00eatre contract\u00e9s sur une base ad hoc pour r\u00e9pondre \u00e0 des besoins sp\u00e9cifiques ou, mieux encore, dans le cadre d\u2019un processus complet allant du d\u00e9veloppement \u00e0 la production finale.<\/p>\n\n\n\n<div class=\"wp-block-columns mt-60 is-layout-flex wp-container-core-columns-is-layout-9d6595d7 wp-block-columns-is-layout-flex\">\n<div class=\"wp-block-column rounded-blocks has-background is-layout-flow wp-block-column-is-layout-flow\" style=\"background-color:#f39225\">\n<div class=\"wp-block-columns is-layout-flex wp-container-core-columns-is-layout-9d6595d7 wp-block-columns-is-layout-flex\">\n<div class=\"wp-block-column is-layout-flow wp-block-column-is-layout-flow\">\n<h3 class=\"wp-block-heading has-white-color has-text-color\">D\u00e9veloppement du produit<\/h3>\n\n\n\n<ul class=\"rounded ul-without-padding-left has-white-color has-text-color wp-block-list\">\n<li>Conception de la formule<\/li>\n\n\n\n<li>Connaissance des ingr\u00e9dients<\/li>\n\n\n\n<li>Ajustement des ar\u00f4mes<\/li>\n\n\n\n<li>Prototypage en laboratoire et semi-industriel<\/li>\n<\/ul>\n<\/div>\n\n\n\n<div class=\"wp-block-column column-right is-layout-flow wp-block-column-is-layout-flow\">\n<figure class=\"wp-block-image size-full product-development\"><img loading=\"lazy\" decoding=\"async\" width=\"700\" height=\"595\" src=\"https:\/\/www.cafosa.com\/wp-content\/uploads\/2023\/08\/Grupo-150-copy.webp\" alt=\"\" class=\"wp-image-956\" srcset=\"https:\/\/www.cafosa.com\/wp-content\/uploads\/2023\/08\/Grupo-150-copy.webp 700w, https:\/\/www.cafosa.com\/wp-content\/uploads\/2023\/08\/Grupo-150-copy-300x255.webp 300w\" sizes=\"auto, (max-width: 700px) 100vw, 700px\" \/><\/figure>\n<\/div>\n<\/div>\n<\/div>\n<\/div>\n\n\n\n<div class=\"wp-block-columns mt-230 is-layout-flex wp-container-core-columns-is-layout-9d6595d7 wp-block-columns-is-layout-flex\">\n<div class=\"wp-block-column rounded-blocks has-background is-layout-flow wp-block-column-is-layout-flow\" style=\"background-color:#f39225\">\n<div class=\"wp-block-columns is-layout-flex wp-container-core-columns-is-layout-9d6595d7 wp-block-columns-is-layout-flex\">\n<div class=\"wp-block-column column-left is-layout-flow wp-block-column-is-layout-flow\">\n<figure class=\"wp-block-image size-full laboratory\"><img loading=\"lazy\" decoding=\"async\" width=\"700\" height=\"595\" src=\"https:\/\/www.cafosa.com\/wp-content\/uploads\/2023\/08\/doctora-5-copy.webp\" alt=\"Laboratory Analysis\" class=\"wp-image-960\" srcset=\"https:\/\/www.cafosa.com\/wp-content\/uploads\/2023\/08\/doctora-5-copy.webp 700w, https:\/\/www.cafosa.com\/wp-content\/uploads\/2023\/08\/doctora-5-copy-300x255.webp 300w\" sizes=\"auto, (max-width: 700px) 100vw, 700px\" \/><\/figure>\n<\/div>\n\n\n\n<div class=\"wp-block-column is-layout-flow wp-block-column-is-layout-flow\">\n<h3 class=\"wp-block-heading has-white-color has-text-color\">Analyse en laboratoire<\/h3>\n\n\n\n<ul class=\"rounded ul-without-padding-left has-white-color has-text-color wp-block-list\">\n<li>\u00c9tudes d\u2019\u00e9lasticit\u00e9 et de plasticit\u00e9<\/li>\n\n\n\n<li>\u00c9tudes de durcissement\u00a0\/\u00a0duret\u00e9 <\/li>\n\n\n\n<li>\u00c9valuation du risque de d\u00e9sagr\u00e9gation<\/li>\n\n\n\n<li>Profil de lib\u00e9ration des ingr\u00e9dients actifs<\/li>\n\n\n\n<li>\u00c9tudes de stabilit\u00e9<\/li>\n\n\n\n<li>Texture du chewing-gum et caract\u00e9risation sensorielle<\/li>\n<\/ul>\n<\/div>\n<\/div>\n<\/div>\n<\/div>\n\n\n\n<div class=\"wp-block-columns mt-180 is-layout-flex wp-container-core-columns-is-layout-9d6595d7 wp-block-columns-is-layout-flex\">\n<div class=\"wp-block-column rounded-blocks has-background is-layout-flow wp-block-column-is-layout-flow\" style=\"background-color:#f39225\">\n<div class=\"wp-block-columns is-layout-flex wp-container-core-columns-is-layout-9d6595d7 wp-block-columns-is-layout-flex\">\n<div class=\"wp-block-column is-layout-flow wp-block-column-is-layout-flow\">\n<h3 class=\"wp-block-heading has-white-color has-text-color\">Formations et service technique<\/h3>\n\n\n\n<ul class=\"rounded ul-without-padding-left has-white-color has-text-color wp-block-list\">\n<li>Webinaires ad hoc<\/li>\n\n\n\n<li>Conseil en formulation et en proc\u00e9d\u00e9s<\/li>\n\n\n\n<li>R\u00e9solution de probl\u00e8mes industriels<\/li>\n\n\n\n<li>Optimisation des processus<\/li>\n\n\n\n<li>Mise \u00e0 l\u2019\u00e9chelle industrielle<\/li>\n<\/ul>\n<\/div>\n\n\n\n<div class=\"wp-block-column column-right is-layout-flow wp-block-column-is-layout-flow\">\n<figure class=\"wp-block-image size-full training\"><img loading=\"lazy\" decoding=\"async\" width=\"700\" height=\"595\" src=\"https:\/\/www.cafosa.com\/wp-content\/uploads\/2023\/08\/Grupo-4-copy.webp\" alt=\"Training &amp; Technical Services\" class=\"wp-image-966\" srcset=\"https:\/\/www.cafosa.com\/wp-content\/uploads\/2023\/08\/Grupo-4-copy.webp 700w, https:\/\/www.cafosa.com\/wp-content\/uploads\/2023\/08\/Grupo-4-copy-300x255.webp 300w\" sizes=\"auto, (max-width: 700px) 100vw, 700px\" \/><\/figure>\n<\/div>\n<\/div>\n<\/div>\n<\/div>\n\n\n\n<div class=\"wp-block-columns mt-230 is-layout-flex wp-container-core-columns-is-layout-9d6595d7 wp-block-columns-is-layout-flex\">\n<div class=\"wp-block-column rounded-blocks has-background is-layout-flow wp-block-column-is-layout-flow\" style=\"background-color:#f39225\">\n<div class=\"wp-block-columns is-layout-flex wp-container-core-columns-is-layout-9d6595d7 wp-block-columns-is-layout-flex\">\n<div class=\"wp-block-column column-left is-layout-flow wp-block-column-is-layout-flow\">\n<figure class=\"wp-block-image size-full marketing\"><img loading=\"lazy\" decoding=\"async\" width=\"700\" height=\"595\" src=\"https:\/\/www.cafosa.com\/wp-content\/uploads\/2023\/08\/doctora-6-copy.webp\" alt=\"Marketing support\" class=\"wp-image-971\" srcset=\"https:\/\/www.cafosa.com\/wp-content\/uploads\/2023\/08\/doctora-6-copy.webp 700w, https:\/\/www.cafosa.com\/wp-content\/uploads\/2023\/08\/doctora-6-copy-300x255.webp 300w\" sizes=\"auto, (max-width: 700px) 100vw, 700px\" \/><\/figure>\n<\/div>\n\n\n\n<div class=\"wp-block-column is-layout-flow wp-block-column-is-layout-flow\">\n<h3 class=\"wp-block-heading has-white-color has-text-color\">Support marketing<\/h3>\n\n\n\n<ul class=\"rounded ul-without-padding-left has-white-color has-text-color wp-block-list\">\n<li>Id\u00e9ation et d\u00e9veloppement de concepts<\/li>\n\n\n\n<li>Environnement concurrentiel<\/li>\n\n\n\n<li>Informations sur le march\u00e9 et les consommateurs<\/li>\n\n\n\n<li>Strat\u00e9gie de lancement<\/li>\n<\/ul>\n<\/div>\n<\/div>\n<\/div>\n<\/div>\n<\/div><\/div><\/div>\n\n\n\n<div style=\"background-color:#f2f9f9;padding-left:2%;padding-right:2%;padding-bottom:4%;padding-top:4%\" class=\"wp-block-genesis-blocks-gb-container mt-200 gb-block-container\"><div class=\"gb-container-inside\"><div class=\"gb-container-content\"><style>@media only screen and (max-width: 1200px) {.gb-69dbf1733ebcc{font-size: 30px!important;}}@media only screen and (max-width: 600px) {.gb-69dbf1733ebcc{font-size: 25px!important;}}<\/style>\n<h2 class=\"gb-69dbf1733ebcc wp-block-heading has-text-align-center\" style=\"font-size:40px\">Voulez-vous en savoir plus?<\/h2>\n\n\n\n<div class=\"wp-block-buttons is-content-justification-center is-layout-flex wp-container-core-buttons-is-layout-16018d1d wp-block-buttons-is-layout-flex\">\n<div class=\"wp-block-button has-custom-font-size btn-primary has-small-font-size\"><a class=\"wp-block-button__link has-background wp-element-button\" href=\"\/fr\/contact\" style=\"background-color:#128a3a\">Contact<\/a><\/div>\n<\/div>\n<\/div><\/div><\/div>\n","protected":false},"excerpt":{"rendered":"","protected":false},"author":1,"featured_media":0,"parent":0,"menu_order":0,"comment_status":"closed","ping_status":"closed","template":"","meta":{"_eb_attr":"","footnotes":""},"class_list":["post-1332","page","type-page","status-publish","hentry"],"featured_image_src":null,"featured_image_src_square":null,"_links":{"self":[{"href":"https:\/\/www.cafosa.com\/fr\/wp-json\/wp\/v2\/pages\/1332","targetHints":{"allow":["GET"]}}],"collection":[{"href":"https:\/\/www.cafosa.com\/fr\/wp-json\/wp\/v2\/pages"}],"about":[{"href":"https:\/\/www.cafosa.com\/fr\/wp-json\/wp\/v2\/types\/page"}],"author":[{"embeddable":true,"href":"https:\/\/www.cafosa.com\/fr\/wp-json\/wp\/v2\/users\/1"}],"replies":[{"embeddable":true,"href":"https:\/\/www.cafosa.com\/fr\/wp-json\/wp\/v2\/comments?post=1332"}],"version-history":[{"count":2,"href":"https:\/\/www.cafosa.com\/fr\/wp-json\/wp\/v2\/pages\/1332\/revisions"}],"predecessor-version":[{"id":1334,"href":"https:\/\/www.cafosa.com\/fr\/wp-json\/wp\/v2\/pages\/1332\/revisions\/1334"}],"wp:attachment":[{"href":"https:\/\/www.cafosa.com\/fr\/wp-json\/wp\/v2\/media?parent=1332"}],"curies":[{"name":"wp","href":"https:\/\/api.w.org\/{rel}","templated":true}]}}