{"id":1335,"date":"2023-08-10T15:47:13","date_gmt":"2023-08-10T13:47:13","guid":{"rendered":"https:\/\/www.cafosa.com\/?page_id=1335"},"modified":"2024-06-03T09:33:57","modified_gmt":"2024-06-03T07:33:57","slug":"grupo-rb","status":"publish","type":"page","link":"https:\/\/www.cafosa.com\/fr\/grupo-rb\/","title":{"rendered":"Grupo RB"},"content":{"rendered":"\n<div style=\"background-color:#e6f2f3\" class=\"wp-block-genesis-blocks-gb-container p-0 container-banner gb-block-container\"><div class=\"gb-container-inside\"><div class=\"gb-container-image-wrap\"><img decoding=\"async\" class=\"gb-container-image has-background-dim-100 has-background-dim\" src=\"https:\/\/www.cafosa.com\/wp-content\/uploads\/2023\/09\/rb-gruop-fondo.webp\" alt=\"\"\/><\/div><div class=\"gb-container-content\">\n<div class=\"wp-block-columns is-layout-flex wp-container-core-columns-is-layout-9d6595d7 wp-block-columns-is-layout-flex\">\n<div class=\"wp-block-column is-layout-flow wp-block-column-is-layout-flow\">\n<figure class=\"wp-block-image size-full\"><img loading=\"lazy\" decoding=\"async\" width=\"731\" height=\"286\" src=\"https:\/\/www.cafosa.com\/wp-content\/uploads\/2023\/09\/banner.webp\" alt=\"\" class=\"wp-image-1108\" srcset=\"https:\/\/www.cafosa.com\/wp-content\/uploads\/2023\/09\/banner.webp 731w, https:\/\/www.cafosa.com\/wp-content\/uploads\/2023\/09\/banner-300x117.webp 300w\" sizes=\"auto, (max-width: 731px) 100vw, 731px\" \/><\/figure>\n<\/div>\n\n\n\n<div class=\"wp-block-column is-vertically-aligned-center is-layout-flow wp-block-column-is-layout-flow\"><style>@media only screen and (max-width: 1200px) {.gb-69e1e860b0d52{font-size: 40px!important;}}@media only screen and (max-width: 600px) {.gb-69e1e860b0d52{font-size: 40px!important;}}<\/style>\n<h1 class=\"gb-69e1e860b0d52 wp-block-heading has-text-align-center\" style=\"font-size:60px\">Grupo RB<\/h1>\n<\/div>\n<\/div>\n<\/div><\/div><\/div>\n\n\n\n<div style=\"padding-left:2%;padding-right:2%;padding-bottom:4%;padding-top:5%\" class=\"wp-block-genesis-blocks-gb-container gb-block-container\"><div class=\"gb-container-inside\"><div class=\"gb-container-content\" style=\"max-width:1200px\">\n<div class=\"wp-block-columns is-layout-flex wp-container-core-columns-is-layout-9d6595d7 wp-block-columns-is-layout-flex\">\n<div class=\"wp-block-column light is-layout-flow wp-block-column-is-layout-flow\"><style>@media only screen and (max-width: 1200px) {.gb-69e1e860b5663{font-size: 30px!important;}}@media only screen and (max-width: 600px) {.gb-69e1e860b5663{font-size: 25px!important;}}<\/style>\n<h2 class=\"gb-69e1e860b5663 wp-block-heading mb-20\" style=\"font-size:40px\">Cafosa fait partie du Grupo RB<\/h2>\n\n\n\n<p><strong>Grupo RB,<\/strong> est reconnu dans le monde entier comme l\u2019un des <strong>groupes les plus importants dans le secteur de la production et la commercialisation de r\u00e9sines naturelles<\/strong>, de colophane, de t\u00e9r\u00e9benthine et de leurs d\u00e9riv\u00e9s. <\/p>\n\n\n\n<p><\/p>\n\n\n\n<p>Les r\u00e9sines naturelles sont utilis\u00e9es dans de nombreux secteurs tels que la <strong>chimie, l\u2019alimentation, les cosm\u00e9tiques et les produits pharmaceutiques.<\/strong><\/p>\n\n\n\n<p><\/p>\n\n\n\n<p>Nous pouvons citer comme exemples <strong>les peintures, les vernis, les adh\u00e9sifs, les cires \u00e9pilatoires, les essences parfum\u00e9es, les pommades<\/strong> pour les douleurs musculaires et, bien s\u00fbr, la <strong>gomme de base<\/strong>.<\/p>\n\n\n\n<p><\/p>\n\n\n\n<p>Avec des <strong>usines<\/strong> bien structur\u00e9es et strat\u00e9giquement situ\u00e9es pr\u00e8s des <strong>principaux ports br\u00e9siliens<\/strong> ainsi qu\u2019en Espagne, le groupe RB est pr\u00eat \u00e0 servir tous ses clients, r\u00e9partis sur les cinq continents, avec une e<strong>fficacit\u00e9 maximale<\/strong>.<\/p>\n<\/div>\n\n\n\n<div class=\"wp-block-column is-vertically-aligned-center is-layout-flow wp-block-column-is-layout-flow\"><div class=\"wp-block-image\">\n<figure class=\"aligncenter size-full is-resized\"><img loading=\"lazy\" decoding=\"async\" width=\"597\" height=\"553\" src=\"https:\/\/www.cafosa.com\/wp-content\/uploads\/2023\/08\/grupo-2065.webp\" alt=\"Grupo RB\" class=\"wp-image-487\" style=\"object-fit:contain;width:380px;height:342px\" srcset=\"https:\/\/www.cafosa.com\/wp-content\/uploads\/2023\/08\/grupo-2065.webp 597w, https:\/\/www.cafosa.com\/wp-content\/uploads\/2023\/08\/grupo-2065-300x278.webp 300w\" sizes=\"auto, (max-width: 597px) 100vw, 597px\" \/><\/figure>\n<\/div><\/div>\n<\/div>\n\n\n\n<h2 class=\"wp-block-heading has-text-align-left mt-40 ta-center-mobile\">Visiter\u2026<\/h2>\n\n\n\n<div class=\"wp-block-columns mt-60 is-layout-flex wp-container-core-columns-is-layout-9d6595d7 wp-block-columns-is-layout-flex\">\n<div class=\"wp-block-column is-layout-flow wp-block-column-is-layout-flow\"><div class=\"wp-block-image\">\n<figure class=\"aligncenter size-full is-resized\"><img loading=\"lazy\" decoding=\"async\" width=\"597\" height=\"553\" src=\"https:\/\/www.cafosa.com\/wp-content\/uploads\/2023\/08\/grupo-2065.webp\" alt=\"Grupo RB\" class=\"wp-image-486\" style=\"object-fit:contain;width:400px;height:370px\" srcset=\"https:\/\/www.cafosa.com\/wp-content\/uploads\/2023\/08\/grupo-2065.webp 597w, https:\/\/www.cafosa.com\/wp-content\/uploads\/2023\/08\/grupo-2065-300x278.webp 300w\" sizes=\"auto, (max-width: 597px) 100vw, 597px\" \/><\/figure>\n<\/div><\/div>\n\n\n\n<div class=\"wp-block-column is-vertically-aligned-center is-layout-flow wp-block-column-is-layout-flow\">\n<h2 class=\"wp-block-heading\">Grupo RB<\/h2>\n\n\n\n<p class=\"rounded pb-4\" style=\"font-size:18px\">Leader dans le domaine des r\u00e9sines naturelles. Plus de 110 ans de tradition et de qualit\u00e9. D\u00e9couvrez notre entreprise!<\/p>\n\n\n\n<div class=\"wp-block-buttons is-layout-flex wp-block-buttons-is-layout-flex\">\n<div class=\"wp-block-button has-custom-font-size with-shadow has-small-font-size\"><a class=\"wp-block-button__link has-background wp-element-button\" href=\"https:\/\/gruporesinasbrasil.com.br\/en\/\" style=\"background-color:#128a3a\" target=\"_blank\" rel=\"noreferrer noopener\"><strong>Aller sur le site web<\/strong><\/a><\/div>\n<\/div>\n<\/div>\n<\/div>\n\n\n\n<div class=\"wp-block-columns mt-60 is-layout-flex wp-container-core-columns-is-layout-9d6595d7 wp-block-columns-is-layout-flex\">\n<div class=\"wp-block-column is-vertically-aligned-center is-layout-flow wp-block-column-is-layout-flow\">\n<h2 class=\"wp-block-heading\">Luresa<\/h2>\n\n\n\n<p class=\"rounded pb-4\" style=\"font-size:18px\">R\u00e9sine de colophane et ses d\u00e9riv\u00e9s provenant de notre usine situ\u00e9e au centre de l\u2019Espagne (S\u00e9govie)<\/p>\n\n\n\n<div class=\"wp-block-buttons is-layout-flex wp-block-buttons-is-layout-flex\">\n<div class=\"wp-block-button has-custom-font-size with-shadow has-small-font-size\"><a class=\"wp-block-button__link has-background wp-element-button\" href=\"http:\/\/www.luresaresinas.com\/eng\/quim\/index.html\" style=\"background-color:#128a3a\" target=\"_blank\" rel=\"noreferrer noopener\"><strong>Aller sur le site web<\/strong><\/a><\/div>\n<\/div>\n<\/div>\n\n\n\n<div class=\"wp-block-column is-layout-flow wp-block-column-is-layout-flow\"><div class=\"wp-block-image\">\n<figure class=\"aligncenter size-full is-resized\"><img loading=\"lazy\" decoding=\"async\" width=\"726\" height=\"564\" src=\"https:\/\/www.cafosa.com\/wp-content\/uploads\/2023\/08\/luresa.webp\" alt=\"Luresa Resina SL\" class=\"wp-image-495\" style=\"object-fit:contain;width:400px;height:370px\" srcset=\"https:\/\/www.cafosa.com\/wp-content\/uploads\/2023\/08\/luresa.webp 726w, https:\/\/www.cafosa.com\/wp-content\/uploads\/2023\/08\/luresa-300x233.webp 300w\" sizes=\"auto, (max-width: 726px) 100vw, 726px\" \/><\/figure>\n<\/div><\/div>\n<\/div>\n\n\n\n<div class=\"wp-block-columns mt-60 is-layout-flex wp-container-core-columns-is-layout-9d6595d7 wp-block-columns-is-layout-flex\">\n<div class=\"wp-block-column is-layout-flow wp-block-column-is-layout-flow\"><div class=\"wp-block-image\">\n<figure class=\"aligncenter size-full is-resized\"><img loading=\"lazy\" decoding=\"async\" width=\"726\" height=\"570\" src=\"https:\/\/www.cafosa.com\/wp-content\/uploads\/2023\/08\/sweet-gum.webp\" alt=\"Sweet gum\" class=\"wp-image-503\" style=\"object-fit:contain;width:400px;height:370px\" srcset=\"https:\/\/www.cafosa.com\/wp-content\/uploads\/2023\/08\/sweet-gum.webp 726w, https:\/\/www.cafosa.com\/wp-content\/uploads\/2023\/08\/sweet-gum-300x236.webp 300w\" sizes=\"auto, (max-width: 726px) 100vw, 726px\" \/><\/figure>\n<\/div><\/div>\n\n\n\n<div class=\"wp-block-column is-vertically-aligned-center is-layout-flow wp-block-column-is-layout-flow\">\n<h2 class=\"wp-block-heading\">Sweet Gum<\/h2>\n\n\n\n<p class=\"rounded pb-4\" style=\"font-size:18px\">Fond\u00e9e en 2011, Sweet Gum est une autre unit\u00e9 de gomme de base usine de fabrication de gomme de base situ\u00e9e au Br\u00e9sil.<\/p>\n\n\n\n<div class=\"wp-block-buttons mt-20 is-layout-flex wp-block-buttons-is-layout-flex\">\n<div class=\"wp-block-button has-custom-font-size with-shadow has-small-font-size\"><a class=\"wp-block-button__link has-background wp-element-button\" href=\"https:\/\/sweetgum.com.br\/\" style=\"background-color:#e00084\" target=\"_blank\" rel=\"noreferrer noopener\"><strong>Aller sur le site web<\/strong><\/a><\/div>\n<\/div>\n<\/div>\n<\/div>\n<\/div><\/div><\/div>\n","protected":false},"excerpt":{"rendered":"","protected":false},"author":1,"featured_media":0,"parent":0,"menu_order":0,"comment_status":"closed","ping_status":"closed","template":"","meta":{"_eb_attr":"","footnotes":""},"class_list":["post-1335","page","type-page","status-publish","hentry"],"featured_image_src":null,"featured_image_src_square":null,"_links":{"self":[{"href":"https:\/\/www.cafosa.com\/fr\/wp-json\/wp\/v2\/pages\/1335","targetHints":{"allow":["GET"]}}],"collection":[{"href":"https:\/\/www.cafosa.com\/fr\/wp-json\/wp\/v2\/pages"}],"about":[{"href":"https:\/\/www.cafosa.com\/fr\/wp-json\/wp\/v2\/types\/page"}],"author":[{"embeddable":true,"href":"https:\/\/www.cafosa.com\/fr\/wp-json\/wp\/v2\/users\/1"}],"replies":[{"embeddable":true,"href":"https:\/\/www.cafosa.com\/fr\/wp-json\/wp\/v2\/comments?post=1335"}],"version-history":[{"count":5,"href":"https:\/\/www.cafosa.com\/fr\/wp-json\/wp\/v2\/pages\/1335\/revisions"}],"predecessor-version":[{"id":17551,"href":"https:\/\/www.cafosa.com\/fr\/wp-json\/wp\/v2\/pages\/1335\/revisions\/17551"}],"wp:attachment":[{"href":"https:\/\/www.cafosa.com\/fr\/wp-json\/wp\/v2\/media?parent=1335"}],"curies":[{"name":"wp","href":"https:\/\/api.w.org\/{rel}","templated":true}]}}