{"id":1337,"date":"2023-08-10T15:48:02","date_gmt":"2023-08-10T13:48:02","guid":{"rendered":"https:\/\/www.cafosa.com\/?page_id=1337"},"modified":"2024-04-23T13:20:35","modified_gmt":"2024-04-23T11:20:35","slug":"a-propos-de-nous","status":"publish","type":"page","link":"https:\/\/www.cafosa.com\/fr\/a-propos-de-nous\/","title":{"rendered":"\u00c0 propos de nous"},"content":{"rendered":"\n<div style=\"background-color:#e7f3ec\" class=\"wp-block-genesis-blocks-gb-container p-0 container-banner gb-block-container\"><div class=\"gb-container-inside\"><div class=\"gb-container-content\">\n<div class=\"wp-block-columns is-layout-flex wp-container-core-columns-is-layout-9d6595d7 wp-block-columns-is-layout-flex\">\n<div class=\"wp-block-column is-layout-flow wp-block-column-is-layout-flow\">\n<figure class=\"wp-block-image size-large\"><img loading=\"lazy\" decoding=\"async\" width=\"1024\" height=\"403\" src=\"https:\/\/www.cafosa.com\/wp-content\/uploads\/2023\/08\/banner-about-us-1024x403.webp\" alt=\"\" class=\"wp-image-515\" srcset=\"https:\/\/www.cafosa.com\/wp-content\/uploads\/2023\/08\/banner-about-us-1024x403.webp 1024w, https:\/\/www.cafosa.com\/wp-content\/uploads\/2023\/08\/banner-about-us-300x118.webp 300w, https:\/\/www.cafosa.com\/wp-content\/uploads\/2023\/08\/banner-about-us-768x302.webp 768w, https:\/\/www.cafosa.com\/wp-content\/uploads\/2023\/08\/banner-about-us-1536x604.webp 1536w, https:\/\/www.cafosa.com\/wp-content\/uploads\/2023\/08\/banner-about-us.webp 1754w\" sizes=\"auto, (max-width: 1024px) 100vw, 1024px\" \/><\/figure>\n<\/div>\n\n\n\n<div class=\"wp-block-column is-vertically-aligned-center is-layout-flow wp-block-column-is-layout-flow\"><style>@media only screen and (max-width: 1200px) {.gb-69e1e68aebab3{font-size: 40px!important;}}@media only screen and (max-width: 600px) {.gb-69e1e68aebab3{font-size: 40px!important;}}<\/style>\n<h1 class=\"gb-69e1e68aebab3 wp-block-heading has-text-align-center\" style=\"font-size:60px\">\u00c0 propos de nous<\/h1>\n<\/div>\n<\/div>\n<\/div><\/div><\/div>\n\n\n\n<div style=\"padding-left:2%;padding-right:2%;padding-bottom:4%;padding-top:4%\" class=\"wp-block-genesis-blocks-gb-container gb-block-container\"><div class=\"gb-container-inside\"><div class=\"gb-container-content\" style=\"max-width:1200px\"><style>@media only screen and (max-width: 1200px) {.gb-69e1e68aefc9a{font-size: 30px!important;}}@media only screen and (max-width: 600px) {.gb-69e1e68aefc9a{font-size: 25px!important;}}<\/style>\n<h2 class=\"gb-69e1e68aefc9a wp-block-heading has-text-align-center mb-20\" style=\"font-size:40px\">Cafosa: premier fournisseur mondial de gommes de base<\/h2>\n\n\n\n<p class=\"has-text-align-center light\">Il y a 40 ans, Cafosa a \u00e9t\u00e9 fond\u00e9e pour <strong>vendre de la gomme de base aux fabricants de gomme du monde entier et leur fournir une assistance technique.<\/strong> L\u2019objectif \u00e9tait de cr\u00e9er des exp\u00e9riences diff\u00e9rentes pour les consommateurs et de cr\u00e9er une cat\u00e9gorie inspirante avec nos clients. Cet objectif nous anime encore aujourd\u2019hui. \u00c0 la suite d\u2019un plan d\u2019expansion g\u00e9ographique \u00e0 la fin des ann\u00e9es 1990, Cafosa a \u00e9t\u00e9 rachet\u00e9e par Wrigley en 2004 et, quatre ans plus tard, par Mars Inc. En 2014, Cafosa a diversifi\u00e9 son activit\u00e9 principale et a cr\u00e9\u00e9&nbsp;<strong>Cafosa Health<\/strong> une unit\u00e9 d\u2019affaires d\u00e9di\u00e9e \u00e0 \u00eatre pionniers sur le march\u00e9 du <strong>chewing-gum m\u00e9dicamenteux et fonctionnel.<\/strong> En octobre 2022, elle a \u00e9t\u00e9 rachet\u00e9e par <strong>Grupo Resinas Brasil<\/strong>, leader mondial des r\u00e9sines naturelles.<\/p>\n\n\n\n<p><\/p>\n\n\n\n<p class=\"has-text-align-center light\">Tous nos produits sont fabriqu\u00e9s selon les bonnes pratiques de fabrication alimentaire et tous nos ingr\u00e9dients r\u00e9pondent aux normes de qualit\u00e9 les plus \u00e9lev\u00e9es. <\/p>\n<\/div><\/div><\/div>\n\n\n\n<div style=\"background-color:#f3f8f5;padding-left:2%;padding-right:2%;padding-bottom:4%;padding-top:4%\" class=\"wp-block-genesis-blocks-gb-container gb-block-container\"><div class=\"gb-container-inside\"><div class=\"gb-container-content\" style=\"max-width:1200px\"><style>@media only screen and (max-width: 1200px) {.gb-69e1e68af35e7{font-size: 30px!important;}}@media only screen and (max-width: 600px) {.gb-69e1e68af35e7{font-size: 24px!important;}}<\/style>\n<h2 class=\"gb-69e1e68af35e7 wp-block-heading has-text-align-center\" style=\"font-size:40px\">Nos valeurs<\/h2>\n\n\n\n<div class=\"wp-block-columns mt-40 is-layout-flex wp-container-core-columns-is-layout-9d6595d7 wp-block-columns-is-layout-flex\">\n<div class=\"wp-block-column is-layout-flow wp-block-column-is-layout-flow\"><div class=\"wp-block-image\">\n<figure class=\"aligncenter size-full is-resized\"><img loading=\"lazy\" decoding=\"async\" width=\"472\" height=\"430\" src=\"https:\/\/www.cafosa.com\/wp-content\/uploads\/2023\/08\/img-boldness.webp\" alt=\"Image boldness\" class=\"wp-image-518\" style=\"object-fit:contain;width:247px;height:225px\" srcset=\"https:\/\/www.cafosa.com\/wp-content\/uploads\/2023\/08\/img-boldness.webp 472w, https:\/\/www.cafosa.com\/wp-content\/uploads\/2023\/08\/img-boldness-300x273.webp 300w\" sizes=\"auto, (max-width: 472px) 100vw, 472px\" \/><\/figure>\n<\/div>\n\n\n<h3 class=\"wp-block-heading has-text-align-center mt-20\">Audace<\/h3>\n\n\n\n<p class=\"has-text-align-center light pt-3\">Avoir le courage et la d\u00e9termination de relever des d\u00e9fis, et de rechercher de nouvelles limites.<\/p>\n<\/div>\n\n\n\n<div class=\"wp-block-column is-layout-flow wp-block-column-is-layout-flow\"><div class=\"wp-block-image\">\n<figure class=\"aligncenter size-full is-resized\"><img loading=\"lazy\" decoding=\"async\" width=\"474\" height=\"432\" src=\"https:\/\/www.cafosa.com\/wp-content\/uploads\/2023\/08\/img-organization.webp\" alt=\"\" class=\"wp-image-521\" style=\"object-fit:contain;width:247px;height:225px\" srcset=\"https:\/\/www.cafosa.com\/wp-content\/uploads\/2023\/08\/img-organization.webp 474w, https:\/\/www.cafosa.com\/wp-content\/uploads\/2023\/08\/img-organization-300x273.webp 300w\" sizes=\"auto, (max-width: 474px) 100vw, 474px\" \/><\/figure>\n<\/div>\n\n\n<h3 class=\"wp-block-heading has-text-align-center mt-20\">Organisation<\/h3>\n\n\n\n<p class=\"has-text-align-center light pt-3\">Maintenir une structure agile et coordonn\u00e9e qui maximise les r\u00e9sultats.<\/p>\n<\/div>\n\n\n\n<div class=\"wp-block-column is-layout-flow wp-block-column-is-layout-flow\"><div class=\"wp-block-image\">\n<figure class=\"aligncenter size-full is-resized\"><img loading=\"lazy\" decoding=\"async\" width=\"468\" height=\"434\" src=\"https:\/\/www.cafosa.com\/wp-content\/uploads\/2023\/08\/img-ethics.webp\" alt=\"Image ethics\" class=\"wp-image-524\" style=\"object-fit:contain;width:247px;height:225px\" srcset=\"https:\/\/www.cafosa.com\/wp-content\/uploads\/2023\/08\/img-ethics.webp 468w, https:\/\/www.cafosa.com\/wp-content\/uploads\/2023\/08\/img-ethics-300x278.webp 300w\" sizes=\"auto, (max-width: 468px) 100vw, 468px\" \/><\/figure>\n<\/div>\n\n\n<h3 class=\"wp-block-heading has-text-align-center mt-20\">\u00c9thique<\/h3>\n\n\n\n<p class=\"has-text-align-center light pt-3\">Agir de mani\u00e8re responsable \u00e0 l\u2019\u00e9gard de tous ceux qui interagissent avec notre entreprise.<\/p>\n<\/div>\n<\/div>\n\n\n\n<div class=\"wp-block-columns mt-4 is-layout-flex wp-container-core-columns-is-layout-9d6595d7 wp-block-columns-is-layout-flex\">\n<div class=\"wp-block-column is-layout-flow wp-block-column-is-layout-flow\">\n<div class=\"wp-block-columns is-layout-flex wp-container-core-columns-is-layout-9d6595d7 wp-block-columns-is-layout-flex\">\n<div class=\"wp-block-column is-layout-flow wp-block-column-is-layout-flow\" style=\"flex-basis:33.33%\"><\/div>\n\n\n\n<div class=\"wp-block-column is-layout-flow wp-block-column-is-layout-flow\" style=\"flex-basis:66.66%\"><div class=\"wp-block-image\">\n<figure class=\"aligncenter size-full is-resized\"><img loading=\"lazy\" decoding=\"async\" width=\"474\" height=\"436\" src=\"https:\/\/www.cafosa.com\/wp-content\/uploads\/2023\/08\/img-commitment-1.webp\" alt=\"Image commitment\" class=\"wp-image-535\" style=\"object-fit:contain;width:247px;height:255px\" srcset=\"https:\/\/www.cafosa.com\/wp-content\/uploads\/2023\/08\/img-commitment-1.webp 474w, https:\/\/www.cafosa.com\/wp-content\/uploads\/2023\/08\/img-commitment-1-300x276.webp 300w\" sizes=\"auto, (max-width: 474px) 100vw, 474px\" \/><\/figure>\n<\/div>\n\n\n<h3 class=\"wp-block-heading has-text-align-center mt-20\">Engagement<\/h3>\n\n\n\n<p class=\"has-text-align-center light pt-3\">Promouvoir et motiver l\u2019engagement des personnes, avec une vision claire de leurs responsabilit\u00e9s et de leurs engagements au sein de l\u2019entreprise, en se concentrant sur la planification, les objectifs et la poursuite de l\u2019am\u00e9lioration des performances.<\/p>\n<\/div>\n<\/div>\n<\/div>\n\n\n\n<div class=\"wp-block-column is-layout-flow wp-block-column-is-layout-flow\">\n<div class=\"wp-block-columns is-layout-flex wp-container-core-columns-is-layout-9d6595d7 wp-block-columns-is-layout-flex\">\n<div class=\"wp-block-column is-layout-flow wp-block-column-is-layout-flow\" style=\"flex-basis:66.66%\"><div class=\"wp-block-image\">\n<figure class=\"aligncenter size-full is-resized\"><img loading=\"lazy\" decoding=\"async\" width=\"474\" height=\"438\" src=\"https:\/\/www.cafosa.com\/wp-content\/uploads\/2023\/08\/AnyConv.com__img-team.webp\" alt=\"Image team\" class=\"wp-image-542\" style=\"object-fit:contain;width:247px;height:255px\" srcset=\"https:\/\/www.cafosa.com\/wp-content\/uploads\/2023\/08\/AnyConv.com__img-team.webp 474w, https:\/\/www.cafosa.com\/wp-content\/uploads\/2023\/08\/AnyConv.com__img-team-300x277.webp 300w\" sizes=\"auto, (max-width: 474px) 100vw, 474px\" \/><\/figure>\n<\/div>\n\n\n<h3 class=\"wp-block-heading has-text-align-center mt-20\">\u00c9quipe<\/h3>\n\n\n\n<p class=\"has-text-align-center light pt-3\">Donner la priorit\u00e9 \u00e0 la valeur humaine et travailler de mani\u00e8re int\u00e9gr\u00e9e, en recherchant l\u2019innovation et l\u2019am\u00e9lioration continue.<\/p>\n<\/div>\n\n\n\n<div class=\"wp-block-column is-layout-flow wp-block-column-is-layout-flow\" style=\"flex-basis:33.33%\"><\/div>\n<\/div>\n<\/div>\n<\/div>\n<\/div><\/div><\/div>\n\n\n\n<div style=\"padding-left:2%;padding-right:1.5%;padding-bottom:4%;padding-top:4%\" class=\"wp-block-genesis-blocks-gb-container mt-40 gb-block-container\"><div class=\"gb-container-inside\"><div class=\"gb-container-content\" style=\"max-width:1200px\"><style>@media only screen and (max-width: 1200px) {.gb-69e1e68b03d55{font-size: 20px!important;}}@media only screen and (max-width: 600px) {.gb-69e1e68b03d55{font-size: 25px!important;}}<\/style>\n<h2 class=\"gb-69e1e68b03d55 wp-block-heading has-text-align-center\" style=\"font-size:40px\">Notre engagement<\/h2>\n\n\n\n<p class=\"has-text-align-center light\">Chez Cafosa, nous nous engageons \u00e0 pr\u00e9server les ressources en r\u00e9utilisant, recyclant et adoptant des processus, qui r\u00e9duisent la consommation de mati\u00e8res premi\u00e8res et d\u2019\u00e9nergie.<\/p>\n\n\n\n<p class=\"has-text-align-center light\">Nous sommes convaincus qu\u2019au-del\u00e0 de la recherche du profit, notre entreprise a le devoir de veiller \u00e0 la s\u00e9curit\u00e9 de ses&nbsp;employ\u00e9s et de minimiser l\u2019impact de ses activit\u00e9s sur l\u2019environnement.<\/p>\n\n\n\n<p class=\"has-text-align-center light\">En parall\u00e8le, la qualit\u00e9 est notre priorit\u00e9 et nous travaillons selon les normes les plus \u00e9lev\u00e9es de l\u2019industrie.<\/p>\n\n\n\n<p><\/p>\n\n\n\n<p class=\"has-text-align-center light mt-40\">Certifi\u00e9s par Lloyd Register Quality Assurance (LRQA):<\/p>\n\n\n\n<div class=\"wp-block-columns mt-60 is-layout-flex wp-container-core-columns-is-layout-9d6595d7 wp-block-columns-is-layout-flex\">\n<div class=\"wp-block-column is-layout-flow wp-block-column-is-layout-flow\"><div class=\"wp-block-image\">\n<figure class=\"aligncenter size-full is-resized\"><img loading=\"lazy\" decoding=\"async\" width=\"539\" height=\"533\" src=\"https:\/\/www.cafosa.com\/wp-content\/uploads\/2024\/04\/Logo-ISO-9001_2015.jpg\" alt=\"\" class=\"wp-image-17126\" style=\"aspect-ratio:1;object-fit:contain;width:170px;height:auto\" srcset=\"https:\/\/www.cafosa.com\/wp-content\/uploads\/2024\/04\/Logo-ISO-9001_2015.jpg 539w, https:\/\/www.cafosa.com\/wp-content\/uploads\/2024\/04\/Logo-ISO-9001_2015-300x297.jpg 300w\" sizes=\"auto, (max-width: 539px) 100vw, 539px\" \/><\/figure>\n<\/div><\/div>\n\n\n\n<div class=\"wp-block-column is-layout-flow wp-block-column-is-layout-flow\"><div class=\"wp-block-image\">\n<figure class=\"aligncenter size-full is-resized\"><img loading=\"lazy\" decoding=\"async\" width=\"1100\" height=\"1181\" src=\"https:\/\/www.cafosa.com\/wp-content\/uploads\/2024\/04\/ISO-9001_-ISO-14001-CMYK.jpg\" alt=\"\" class=\"wp-image-17150\" style=\"aspect-ratio:1;object-fit:contain;width:202px;height:auto\" srcset=\"https:\/\/www.cafosa.com\/wp-content\/uploads\/2024\/04\/ISO-9001_-ISO-14001-CMYK.jpg 1100w, https:\/\/www.cafosa.com\/wp-content\/uploads\/2024\/04\/ISO-9001_-ISO-14001-CMYK-279x300.jpg 279w, https:\/\/www.cafosa.com\/wp-content\/uploads\/2024\/04\/ISO-9001_-ISO-14001-CMYK-954x1024.jpg 954w, https:\/\/www.cafosa.com\/wp-content\/uploads\/2024\/04\/ISO-9001_-ISO-14001-CMYK-768x825.jpg 768w\" sizes=\"auto, (max-width: 1100px) 100vw, 1100px\" \/><\/figure>\n<\/div><\/div>\n\n\n\n<div class=\"wp-block-column is-layout-flow wp-block-column-is-layout-flow\"><div class=\"wp-block-image\">\n<figure class=\"aligncenter size-full is-resized\"><img loading=\"lazy\" decoding=\"async\" width=\"485\" height=\"506\" src=\"https:\/\/www.cafosa.com\/wp-content\/uploads\/2024\/04\/Logo-ISO-14001_2015.jpg\" alt=\"\" class=\"wp-image-17129\" style=\"aspect-ratio:1;object-fit:contain;width:184px;height:auto\" srcset=\"https:\/\/www.cafosa.com\/wp-content\/uploads\/2024\/04\/Logo-ISO-14001_2015.jpg 485w, https:\/\/www.cafosa.com\/wp-content\/uploads\/2024\/04\/Logo-ISO-14001_2015-288x300.jpg 288w\" sizes=\"auto, (max-width: 485px) 100vw, 485px\" \/><\/figure>\n<\/div><\/div>\n\n\n\n<div class=\"wp-block-column is-layout-flow wp-block-column-is-layout-flow\"><div class=\"wp-block-image\">\n<figure class=\"aligncenter size-full is-resized\"><img loading=\"lazy\" decoding=\"async\" width=\"1100\" height=\"1181\" src=\"https:\/\/www.cafosa.com\/wp-content\/uploads\/2024\/04\/FSSC-22000-Food-Safety-CMYK.jpg\" alt=\"\" class=\"wp-image-17153\" style=\"aspect-ratio:1;object-fit:contain;width:202px;height:auto\" srcset=\"https:\/\/www.cafosa.com\/wp-content\/uploads\/2024\/04\/FSSC-22000-Food-Safety-CMYK.jpg 1100w, https:\/\/www.cafosa.com\/wp-content\/uploads\/2024\/04\/FSSC-22000-Food-Safety-CMYK-279x300.jpg 279w, https:\/\/www.cafosa.com\/wp-content\/uploads\/2024\/04\/FSSC-22000-Food-Safety-CMYK-954x1024.jpg 954w, https:\/\/www.cafosa.com\/wp-content\/uploads\/2024\/04\/FSSC-22000-Food-Safety-CMYK-768x825.jpg 768w\" sizes=\"auto, (max-width: 1100px) 100vw, 1100px\" \/><\/figure>\n<\/div><\/div>\n\n\n\n<div class=\"wp-block-column is-layout-flow wp-block-column-is-layout-flow\"><div class=\"wp-block-image\">\n<figure class=\"aligncenter size-full is-resized\"><img loading=\"lazy\" decoding=\"async\" width=\"653\" height=\"237\" src=\"https:\/\/www.cafosa.com\/wp-content\/uploads\/2024\/04\/logo-FSSC-22000.png\" alt=\"\" class=\"wp-image-17132\" style=\"aspect-ratio:1.8645833333333333;object-fit:contain;width:260px;height:auto\" srcset=\"https:\/\/www.cafosa.com\/wp-content\/uploads\/2024\/04\/logo-FSSC-22000.png 653w, https:\/\/www.cafosa.com\/wp-content\/uploads\/2024\/04\/logo-FSSC-22000-300x109.png 300w\" sizes=\"auto, (max-width: 653px) 100vw, 653px\" \/><\/figure>\n<\/div><\/div>\n<\/div>\n\n\n\n<p class=\"has-text-align-center mt-60 light\">Autres<\/p>\n\n\n\n<div class=\"wp-block-columns mt-60 is-layout-flex wp-container-core-columns-is-layout-9d6595d7 wp-block-columns-is-layout-flex\">\n<div class=\"wp-block-column is-layout-flow wp-block-column-is-layout-flow\" style=\"flex-basis:25%\"><\/div>\n\n\n\n<div class=\"wp-block-column is-layout-flow wp-block-column-is-layout-flow\" style=\"flex-basis:50%\">\n<div class=\"wp-block-columns is-layout-flex wp-container-core-columns-is-layout-9d6595d7 wp-block-columns-is-layout-flex\">\n<div class=\"wp-block-column is-layout-flow wp-block-column-is-layout-flow\"><div class=\"wp-block-image\">\n<figure class=\"aligncenter size-full is-resized\"><img loading=\"lazy\" decoding=\"async\" width=\"341\" height=\"355\" src=\"https:\/\/www.cafosa.com\/wp-content\/uploads\/2024\/04\/Seckbach-Kosher-logo-1.jpg\" alt=\"\" class=\"wp-image-17141\" style=\"aspect-ratio:1;object-fit:contain;width:196px;height:auto\" srcset=\"https:\/\/www.cafosa.com\/wp-content\/uploads\/2024\/04\/Seckbach-Kosher-logo-1.jpg 341w, https:\/\/www.cafosa.com\/wp-content\/uploads\/2024\/04\/Seckbach-Kosher-logo-1-288x300.jpg 288w\" sizes=\"auto, (max-width: 341px) 100vw, 341px\" \/><\/figure>\n<\/div><\/div>\n\n\n\n<div class=\"wp-block-column is-layout-flow wp-block-column-is-layout-flow\"><div class=\"wp-block-image\">\n<figure class=\"aligncenter size-full is-resized\"><img loading=\"lazy\" decoding=\"async\" width=\"300\" height=\"321\" src=\"https:\/\/www.cafosa.com\/wp-content\/uploads\/2024\/04\/Marca-de-garantia-Halal-con-R-copia.bmp\" alt=\"\" class=\"wp-image-17137\" style=\"object-fit:cover;width:156px;height:auto\" srcset=\"https:\/\/www.cafosa.com\/wp-content\/uploads\/2024\/04\/Marca-de-garantia-Halal-con-R-copia.bmp 300w, https:\/\/www.cafosa.com\/wp-content\/uploads\/2024\/04\/Marca-de-garantia-Halal-con-R-copia-280x300.jpg 280w\" sizes=\"auto, (max-width: 300px) 100vw, 300px\" \/><\/figure>\n<\/div><\/div>\n\n\n\n<div class=\"wp-block-column is-layout-flow wp-block-column-is-layout-flow\">\n<figure class=\"wp-block-image size-full is-resized\"><img loading=\"lazy\" decoding=\"async\" width=\"313\" height=\"232\" src=\"https:\/\/www.cafosa.com\/wp-content\/uploads\/2024\/04\/RSPO-logo-with-TradeMark-Licence-number.png\" alt=\"\" class=\"wp-image-17134\" style=\"width:255px;height:auto\" srcset=\"https:\/\/www.cafosa.com\/wp-content\/uploads\/2024\/04\/RSPO-logo-with-TradeMark-Licence-number.png 313w, https:\/\/www.cafosa.com\/wp-content\/uploads\/2024\/04\/RSPO-logo-with-TradeMark-Licence-number-300x222.png 300w\" sizes=\"auto, (max-width: 313px) 100vw, 313px\" \/><\/figure>\n<\/div>\n<\/div>\n<\/div>\n\n\n\n<div class=\"wp-block-column is-layout-flow wp-block-column-is-layout-flow\" style=\"flex-basis:25%\"><\/div>\n<\/div>\n<\/div><\/div><\/div>\n","protected":false},"excerpt":{"rendered":"","protected":false},"author":1,"featured_media":0,"parent":0,"menu_order":0,"comment_status":"closed","ping_status":"closed","template":"","meta":{"_eb_attr":"","footnotes":""},"class_list":["post-1337","page","type-page","status-publish","hentry"],"featured_image_src":null,"featured_image_src_square":null,"_links":{"self":[{"href":"https:\/\/www.cafosa.com\/fr\/wp-json\/wp\/v2\/pages\/1337","targetHints":{"allow":["GET"]}}],"collection":[{"href":"https:\/\/www.cafosa.com\/fr\/wp-json\/wp\/v2\/pages"}],"about":[{"href":"https:\/\/www.cafosa.com\/fr\/wp-json\/wp\/v2\/types\/page"}],"author":[{"embeddable":true,"href":"https:\/\/www.cafosa.com\/fr\/wp-json\/wp\/v2\/users\/1"}],"replies":[{"embeddable":true,"href":"https:\/\/www.cafosa.com\/fr\/wp-json\/wp\/v2\/comments?post=1337"}],"version-history":[{"count":5,"href":"https:\/\/www.cafosa.com\/fr\/wp-json\/wp\/v2\/pages\/1337\/revisions"}],"predecessor-version":[{"id":17166,"href":"https:\/\/www.cafosa.com\/fr\/wp-json\/wp\/v2\/pages\/1337\/revisions\/17166"}],"wp:attachment":[{"href":"https:\/\/www.cafosa.com\/fr\/wp-json\/wp\/v2\/media?parent=1337"}],"curies":[{"name":"wp","href":"https:\/\/api.w.org\/{rel}","templated":true}]}}