{"id":1344,"date":"2023-09-13T10:16:06","date_gmt":"2023-09-13T13:16:06","guid":{"rendered":"https:\/\/www.cafosa.com\/?page_id=1344"},"modified":"2023-10-18T20:29:48","modified_gmt":"2023-10-18T23:29:48","slug":"politique-de-confidentialite","status":"publish","type":"page","link":"https:\/\/www.cafosa.com\/fr\/politique-de-confidentialite\/","title":{"rendered":"Politique de confidentialit\u00e9"},"content":{"rendered":"\n<div style=\"padding-left:4%;padding-right:4%;padding-bottom:2%;padding-top:2%\" class=\"wp-block-genesis-blocks-gb-container gb-block-container\"><div class=\"gb-container-inside\"><div class=\"gb-container-content\" style=\"max-width:1200px\">\n<ol class=\"wp-block-list\">\n<li><strong>TEXTES DE LA PREMI\u00c8RE COUCHE&nbsp;<\/strong><\/li>\n<\/ol>\n\n\n\n<p><strong><em>Derni\u00e8re mise \u00e0 jour : 18\/04\/2023<\/em><\/strong><\/p>\n\n\n\n<ol class=\"wp-block-list\">\n<li><strong>TEXTE 1 &#8211; FORMULAIRE DE CONTACT SUR LE SITE WEB<\/strong><\/li>\n<\/ol>\n\n\n\n<p><strong>CAFOSA GUM S.A.<\/strong>(ci-apr\u00e8s,\u00ab<strong>&nbsp;Cafosa&nbsp;<\/strong>\u00bb) traitera vos donn\u00e9es personnelles afin de g\u00e9rer la demande, la requ\u00eate ou la plainte que vous nous envoyez par le biais de ce formulaire et de respecter les obligations l\u00e9gales, ainsi que pour vous envoyer des communications commerciales, y compris par voie \u00e9lectronique, dans le cas o\u00f9 vous nous donnez votre consentement. Pour en savoir plus sur la mani\u00e8re dont nous traitons vos donn\u00e9es et sur la mani\u00e8re d\u2019exercer vos droits, veuillez consulter notre <a href=\"https:\/\/laceroralhealth.com\/politica-privacidad\/\">Politique de confidentialit\u00e9<\/a>.<\/p>\n\n\n\n<p>\u2610 J\u2019ai lu et accept\u00e9 la&nbsp;<a href=\"https:\/\/laceroralhealth.com\/politica-privacidad\/\">Politique de confidentialit\u00e9<\/a>.<\/p>\n\n\n\n<p>\u2610 Je consens \u00e0 recevoir des communications commerciales sur les promotions et les nouveaut\u00e9s de Cafosa.<\/p>\n\n\n\n<ol class=\"wp-block-list\" start=\"2\">\n<li><strong>TEXTE 2 &#8211; FORMULAIRE CV<\/strong><\/li>\n<\/ol>\n\n\n\n<p><strong>CAFOSA GUM S.A.<\/strong> (ci-apr\u00e8s \u00ab&nbsp;Cafosa&nbsp;\u00bb), est responsable du traitement de vos donn\u00e9es \u00e0 caract\u00e8re personnel dans le but de g\u00e9rer votre candidature et les processus de s\u00e9lection afin d\u2019\u00e9valuer votre candidature \u00e0 des postes vacants actuels ou futurs. Pour en savoir plus sur la mani\u00e8re dont nous traitons vos donn\u00e9es et sur la mani\u00e8re d\u2019exercer vos droits, veuillez consulter la <a href=\"https:\/\/laceroralhealth.com\/politica-privacidad\/\">Politique de confidentialit\u00e9<\/a>.<\/p>\n\n\n\n<p>\u2610 J\u2019ai lu et accept\u00e9 la&nbsp;<a href=\"https:\/\/laceroralhealth.com\/politica-privacidad\/\">Politique de confidentialit\u00e9<\/a>.<\/p>\n\n\n\n<p>\u2610 Je consens au traitement de mes donn\u00e9es personnelles afin qu\u2019elles soient conserv\u00e9es pour les futures offres d\u2019emploi de Cafosa un an apr\u00e8s la r\u00e9ception de ma candidature<\/p>\n\n\n\n<p>Les configurations et v\u00e9rifications suivantes doivent \u00eatre effectu\u00e9es :&nbsp;<\/p>\n\n\n\n<ul class=\"wp-block-list\">\n<li>Les cases \u00e0 cocher ne doivent pas \u00eatre pr\u00e9coch\u00e9es.<\/li>\n<\/ul>\n\n\n\n<ul class=\"wp-block-list\">\n<li>V\u00e9rifiez que le lien inclus dans la premi\u00e8re couche fonctionne correctement et qu\u2019il renvoie au bon texte.<\/li>\n<\/ul>\n\n\n\n<ol class=\"wp-block-list\" start=\"2\">\n<li><strong>TEXTE DE LA DEUXI\u00c8ME COUCHE<\/strong><\/li>\n<\/ol>\n\n\n\n<p><strong><em>Derni\u00e8re mise \u00e0 jour : 18\/04\/2023<\/em><\/strong><\/p>\n\n\n\n<ol class=\"wp-block-list\">\n<li><strong>TEXTE 3 &#8211; POLITIQUE DE CONFIDENTIALIT\u00c9<\/strong><\/li>\n<\/ol>\n\n\n\n<p>Conform\u00e9ment \u00e0 la l\u00e9gislation applicable en mati\u00e8re de protection des donn\u00e9es, la pr\u00e9sente Politique de confidentialit\u00e9 a pour but de vous aider \u00e0 comprendre quelles donn\u00e9es personnelles <strong>CAFOSA GUM S.A<\/strong>. (ci-apr\u00e8s<strong> <\/strong>\u00ab<strong>&nbsp;Cafosa&nbsp;<\/strong>\u00bb) recueille et comment elles sont trait\u00e9es.<\/p>\n\n\n\n<ol class=\"wp-block-list\">\n<li><strong>Responsable du traitement<\/strong><\/li>\n<\/ol>\n\n\n\n<p><strong>CAFOSA GUM S.A.<\/strong>, (ci-apr\u00e8s, \u00ab&nbsp;<strong>Cafosa<\/strong>&nbsp;\u00bb) avec NIF A08503278, num\u00e9ro de t\u00e9l\u00e9phone 937291729 et si\u00e8ge social \u00e0 C\/ Altimira, 7 A 17.&nbsp;08210, Barbera del Vall\u00e8s, Barcelone, Espagne, est responsable du traitement de vos donn\u00e9es personnelles aux fins d\u00e9crites dans le pr\u00e9sent document.&nbsp;<\/p>\n\n\n\n<p>Cafosa traitera les donn\u00e9es personnelles collect\u00e9es sur ce site web, ainsi que sur les plateformes que Cafosa peut mettre \u00e0 disposition, les profils de Cafosa sur les r\u00e9seaux sociaux et d\u2019autres domaines appartenant \u00e0 Cafosa (ci-apr\u00e8s d\u00e9nomm\u00e9s le \u00ab&nbsp;Site&nbsp;\u00bb ou le \u00ab&nbsp;Site web&nbsp;\u00bb).<\/p>\n\n\n\n<p>Vous pouvez contacter notre d\u00e9l\u00e9gu\u00e9 \u00e0 la protection des donn\u00e9es \u00e0 l\u2019adresse postale ci-dessus, ou par e-mail \u00e0 l\u2019adresse suivante <a href=\"mailto:dpo@cafosa.com\">dpo@cafosa.com<\/a><\/p>\n\n\n\n<p><strong>Comment nous obtenons vos donn\u00e9es personnelles<\/strong><\/p>\n\n\n\n<p>Les donn\u00e9es personnelles qui seront trait\u00e9es sont celles que vous nous fournissez par les diff\u00e9rents canaux que Cafosa met \u00e0 votre disposition, par exemple, par les formulaires disponibles.<\/p>\n\n\n\n<p>En outre, diverses technologies sont utilis\u00e9es pour collecter et stocker des informations lorsque vous vous rendez sur le Site de Cafosa et cela peut inclure l\u2019utilisation de cookies ou de technologies similaires pour identifier votre navigateur ou votre appareil. Cafosa utilise \u00e9galement ces technologies pour collecter et stocker des informations lorsque vous interagissez avec les services de Cafosa ou d\u2019autres fonctions. Vous pouvez obtenir plus d\u2019informations sur la mani\u00e8re dont Cafosa traite les donn\u00e9es personnelles obtenues par le biais des cookies ou \u00e0 la suite de votre navigation si vous acceptez l\u2019installation de cookies (pour en savoir sur les cookies sur le Site Web, veuillez consulter notre Politique en mati\u00e8re de cookies).<\/p>\n\n\n\n<ol class=\"wp-block-list\" start=\"2\">\n<li><strong>Quelles donn\u00e9es personnelles traitons-nous, pourquoi et dans quel but&nbsp;?<\/strong><\/li>\n<\/ol>\n\n\n\n<p>Ces objectifs sont \u00e9num\u00e9r\u00e9s ci-dessous, en indiquant quelles donn\u00e9es seront trait\u00e9es (type de donn\u00e9es) et pour quelle raison ou sur quelle base (base juridique). Les traitements \u00e9num\u00e9r\u00e9s ci-dessous sont applicables \u00e0 toute cat\u00e9gorie de personnes concern\u00e9es, sauf indication contraire. Nous pouvons \u00e9galement traiter toute donn\u00e9e suppl\u00e9mentaire que vous nous fournissez ou qui est g\u00e9n\u00e9r\u00e9e dans le cadre de votre relation avec Cafosa aux fins d\u00e9crites ci-dessus.&nbsp;<\/p>\n\n\n\n<figure class=\"wp-block-table\"><table><tbody><tr><td><strong>DEMANDES, REQU\u00caTES, PLAINTES<\/strong><\/td><\/tr><tr><td><strong>OBJECTIF<\/strong><\/td><\/tr><tr><td>Traiter les demandes, les requ\u00eates ou les plaintes par le biais des sections et des formulaires de contact sur le Site web ou par d\u2019autres canaux tels que l\u2019e-mail pour obtenir des informations g\u00e9n\u00e9rales sur le Site web.<\/td><\/tr><tr><td><strong>TYPOLOGIE DES DONN\u00c9ES<\/strong><\/td><\/tr><tr><td>Celles qui sont demand\u00e9es dans chaque formulaire de collecte de donn\u00e9es \u00e0 caract\u00e8re personnel et au moins les suivantes :&nbsp;Donn\u00e9es d\u2019identification : nom, pr\u00e9nom, utilisateur.Coordonn\u00e9es de contact : e-mail.Donn\u00e9es relatives \u00e0 la demande ou \u00e0 la requ\u00eate pr\u00e9sent\u00e9e par l\u2019utilisateur.<\/td><\/tr><tr><td><strong>BASE JURIDIQUE<\/strong><\/td><\/tr><tr><td>Lorsque des formulaires de r\u00e9clamation sont utilis\u00e9s, ils sont fond\u00e9s sur l\u2019obligation l\u00e9gale conform\u00e9ment \u00e0 la r\u00e9glementation relative \u00e0 la protection des consommateurs et des utilisateurs.&nbsp;<br>En ce qui concerne les autres demandes ou plaintes, elles sont fond\u00e9es sur la relation contractuelle ou pr\u00e9contractuelle existant entre l\u2019utilisateur et Cafosa lors de l\u2019offre du service de consultation.<\/td><\/tr><tr><td><strong>OBLIGATIONS L\u00c9GALES<\/strong><\/td><\/tr><tr><td><strong>OBJECTIF<\/strong><\/td><\/tr><tr><td>Respect de nos obligations l\u00e9gales civiles, commerciales, fiscales et comptables, ainsi que celles relatives au respect de la r\u00e9glementation en mati\u00e8re de protection des donn\u00e9es personnelles, parmi d\u2019autres qui pourraient \u00eatre applicables.<\/td><\/tr><tr><td><strong>TYPOLOGIE DES DONN\u00c9ES<\/strong><\/td><\/tr><tr><td>Toute donn\u00e9e personnelle que vous nous fournissez et qui est g\u00e9n\u00e9r\u00e9e au cours de la relation.<\/td><\/tr><tr><td><strong>BASE JURIDIQUE<\/strong><\/td><\/tr><tr><td>Respect d\u2019une obligation l\u00e9gale.<\/td><\/tr><tr><td><strong>CONTACTS AVEC LES ENTREPRISES DE CAFOSA&nbsp;<\/strong><\/td><\/tr><tr><td><strong>OBJECTIF<\/strong><\/td><\/tr><tr><td>Entretenir des relations de toute nature avec l\u2019entreprise, l\u2019entit\u00e9 ou l\u2019organisation pour laquelle vous travaillez ou avec laquelle collaborez, ou avec vous dans le cas d\u2019un professionnel ind\u00e9pendant, qui contactez l\u2019entreprise par le biais du Site web ou de tout formulaire, canal de communication ou messagerie. Y compris la remise de cartes de visite au personnel de Cafosa.<\/td><\/tr><tr><td><strong>TYPOLOGIE DES DONN\u00c9ES<\/strong><\/td><\/tr><tr><td>Donn\u00e9es d\u2019identification : nom, pr\u00e9nom.Coordonn\u00e9es : e-mail, num\u00e9ro de t\u00e9l\u00e9phone.Donn\u00e9es li\u00e9es \u00e0 la relation \u00e9tablie avec Cafosa.<\/td><\/tr><tr><td><strong>BASE JURIDIQUE<\/strong><\/td><\/tr><tr><td>L\u2019int\u00e9r\u00eat l\u00e9gitime de Cafosa d\u00e9coulant du contact pour des raisons corporatives avec les parties int\u00e9ress\u00e9es, qui est express\u00e9ment reconnu par la r\u00e9glementation en mati\u00e8re de confidentialit\u00e9. En particulier, par la loi organique sur la protection des donn\u00e9es personnelles et la garantie des droits num\u00e9riques.&nbsp;<\/td><\/tr><tr><td><strong>GESTION DES CANDIDATURES<\/strong><\/td><\/tr><tr><td><strong>OBJECTIF<\/strong><\/td><\/tr><tr><td>S\u2019occuper de la saisie des demandes d\u2019emploi sur le Site Web et r\u00e9aliser les actions n\u00e9cessaires pour g\u00e9rer la candidature \u00e0 un poste vacant actuel ou futur de Cafosa, afin de pouvoir \u00e9valuer votre profil et votre \u00e9ventuelle incorporation par rapport aux candidats propos\u00e9s par Cafosa.<\/td><\/tr><tr><td><strong>TYPOLOGIE DES DONN\u00c9ES<\/strong><\/td><\/tr><tr><td>Celles d\u00e9pos\u00e9es par la personne \u2019int\u00e9ress\u00e9e dans le canal d\u2019entr\u00e9e du Site Web, ainsi que d\u2019autres qui pourraient \u00eatre mises \u00e0 sa disposition :<br>Donn\u00e9es d\u2019identification : nom, pr\u00e9nom, num\u00e9ro de carte d\u2019identit\u00e9, adresse.Coordonn\u00e9es de contact : e-mail, t\u00e9l\u00e9phone.Informations r\u00e9sultant des entretiens : rapports d\u2019aptitude, r\u00e9sultats du processus de s\u00e9lection, tests de personnalit\u00e9 dans certains cas.Donn\u00e9es professionnelles : CV, r\u00e9f\u00e9rences d\u2019autres emplois, exp\u00e9rience professionnelle, motivation \u00e0 changer d\u2019emploi.<br>Les donn\u00e9es g\u00e9n\u00e9r\u00e9es au cours des processus de s\u00e9lection auxquels vous participez seront \u00e9galement trait\u00e9es, ce qui implique la possibilit\u00e9 d\u2019effectuer une analyse de votre profil personnel afin d\u2019\u00e9valuer votre aptitude \u00e0 occuper le poste vacant correspondant. Ces donn\u00e9es suppl\u00e9mentaires peuvent comprendre des donn\u00e9es publi\u00e9es sur des r\u00e9seaux sociaux dont les param\u00e8tres de confidentialit\u00e9 ne sont pas limit\u00e9s \u00e0 des tiers et\/ou des donn\u00e9es publi\u00e9es sur internet.<\/td><\/tr><tr><td><strong>BASE JURIDIQUE<\/strong><\/td><\/tr><tr><td>Le traitement de vos donn\u00e9es personnelles est l\u00e9gitime s\u2019il est n\u00e9cessaire \u00e0 la mise en \u0153uvre de mesures pr\u00e9contractuelles \u00e0 la demande du demandeur ou \u00e0 la conclusion d\u2019un contrat.&nbsp;<\/td><\/tr><tr><td><strong>SEGMENTATION ET PERSONNALISATION DU SITE WEB PAR LE BIAIS DE COOKIES<\/strong><\/td><\/tr><tr><td><strong>OBJECTIF<\/strong><\/td><\/tr><tr><td>Personnaliser et segmenter le contenu du Site Web gr\u00e2ce \u00e0 l\u2019utilisation de cookies ou de technologies similaires lorsque l\u2019utilisateur y consent par le biais de la banni\u00e8re correspondante.<\/td><\/tr><tr><td><strong>TYPOLOGIE DES DONN\u00c9ES<\/strong><\/td><\/tr><tr><td>Donn\u00e9es de navigationDonn\u00e9es techniquesAdresse IP<\/td><\/tr><tr><td><strong>BASE JURIDIQUE<\/strong><\/td><\/tr><tr><td>Le traitement de vos donn\u00e9es personnelles est l\u00e9gitim\u00e9 par le consentement expr\u00e8s que vous nous donnez par le biais de la banni\u00e8re de cookies mise \u00e0 disposition par Cafosa.<br>Vous pourrez retirer votre consentement \u00e0 tout moment conform\u00e9ment aux informations fournies dans notre politique en mati\u00e8re de cookies.<br>Toutefois, Cafosa pourra traiter les informations obtenues par le biais de cookies ou de technologies similaires sans votre consentement, pour autant qu\u2019il s\u2019agisse d\u2019informations anonymes ou agr\u00e9g\u00e9es ne contenant aucune information susceptible d\u2019\u00eatre identifi\u00e9e directement ou indirectement.<\/td><\/tr><tr><td><strong>\u00c9TUDES STATISTIQUES<\/strong><\/td><\/tr><tr><td><strong>OBJECTIF<\/strong><\/td><\/tr><tr><td>R\u00e9alisation d\u2019\u00e9tudes statistiques sur l\u2019utilisation du Site Web, et l\u2019accueil des produits et services de Cafosa.<\/td><\/tr><tr><td><strong>TYPOLOGIE DES DONN\u00c9ES<\/strong><\/td><\/tr><tr><td>Donn\u00e9es de navigation.Donn\u00e9es techniques.Adresse IP.<\/td><\/tr><tr><td><strong>BASE JURIDIQUE<\/strong><\/td><\/tr><tr><td>L\u2019int\u00e9r\u00eat l\u00e9gitime de Cafosa \u00e0 am\u00e9liorer ses fonctionnalit\u00e9s et le service fourni.<br>Cafosa a effectu\u00e9 les analyses requises par la r\u00e9glementation en mati\u00e8re de confidentialit\u00e9, qui confirment que les int\u00e9r\u00eats de Cafosa pr\u00e9valent sur les droits de ses clients et utilisateurs en la mati\u00e8re. Si vous souhaitez acc\u00e9der \u00e0 ces rapports, vous pouvez en faire la demande en \u00e9crivant aux e-mails indiqu\u00e9s dans la section Exercice des droits de la pr\u00e9sente Politique de confidentialit\u00e9.<\/td><\/tr><\/tbody><\/table><\/figure>\n\n\n\n<ol class=\"wp-block-list\" start=\"3\">\n<li><strong>Destinataires<\/strong><\/li>\n<\/ol>\n\n\n\n<p>Les donn\u00e9es \u00e0 caract\u00e8re personnel peuvent \u00eatre divulgu\u00e9es aux destinataires suivants, pour les raisons expliqu\u00e9es ci-dessous :<\/p>\n\n\n\n<figure class=\"wp-block-table\"><table><tbody><tr><td><strong>DESTINATAIRE<\/strong><\/td><td><strong>OBJECTIF<\/strong><\/td><td><strong>BASE JURIDIQUE<\/strong><\/td><\/tr><tr><td><strong>Administrations publiques&nbsp;;<\/strong><strong>Cours et tribunaux&nbsp;;<\/strong><strong>Organismes charg\u00e9s de l\u2019application de la loi<\/strong><\/td><td>Pour le respect des obligations l\u00e9gales auxquelles Cafosa est soumise pour le d\u00e9veloppement de son activit\u00e9, et dans les cas pr\u00e9vus par la loi, y compris l\u2019obtention de subventions et d\u2019aides publiques.<\/td><td>Respecter une obligation l\u00e9gale.<\/td><\/tr><tr><td><strong>Cabinets d\u2019audit comptable<\/strong><\/td><td>Pour le respect des obligations l\u00e9gales d\u2019audit de comptes auxquelles Cafosa est soumise en raison de son activit\u00e9.<\/td><td>Respecter une obligation l\u00e9gale.<\/td><\/tr><tr><td><strong>Autres entreprises dont fait partie Cafosa (Groupe RB)<\/strong><\/td><td>Nous pouvons divulguer les donn\u00e9es au Grupo RB, auquel appartient Cafosa, \u00e0 des fins d\u2019organisation interne.<\/td><td>Respect de l\u2019int\u00e9r\u00eat l\u00e9gitime de Cafosa tel que reconnu par la r\u00e9glementation applicable en mati\u00e8re de protection des donn\u00e9es.&nbsp;<\/td><\/tr><tr><td><strong>Fournisseurs ayant acc\u00e8s aux donn\u00e9es \u00e0 caract\u00e8re personnel<\/strong><\/td><td>Tiers agissant en tant que prestataires de services, ces derniers peuvent avoir acc\u00e8s \u00e0 vos donn\u00e9es personnelles afin de fournir les services et&nbsp;\/&nbsp;ou de remplir les obligations d\u00e9coulant des relations juridiques entre les tiers susmentionn\u00e9s et Cafosa, dans le cadre de la prestation de services contractuels. Dans tous les cas, Cafosa a sign\u00e9 avec ces fournisseurs les contrats de confidentialit\u00e9 et de protection des donn\u00e9es correspondants, dans le plein respect des dispositions de la l\u00e9gislation en vigueur en mati\u00e8re de protection des donn\u00e9es.<\/td><td>Ex\u00e9cution de la relation contractuelle entre les fournisseurs et Cafosa.<\/td><\/tr><\/tbody><\/table><\/figure>\n\n\n\n<p>Cafosa ne partagera pas vos donn\u00e9es avec d\u2019autres tiers sans avoir obtenu votre consentement pr\u00e9alable, sauf dans les cas o\u00f9 cela est n\u00e9cessaire pour respecter les obligations l\u00e9gales ou contractuelles auxquelles Cafosa est soumise \u00e0 tout moment en raison de sa nature et de son activit\u00e9.<\/p>\n\n\n\n<p>Si, \u00e0 l\u2019avenir, Cafosa proc\u00e8de \u00e0 d\u2019autres communications de donn\u00e9es \u00e0 caract\u00e8re personnel, elle vous en informera en temps utile.<\/p>\n\n\n\n<ol class=\"wp-block-list\" start=\"4\">\n<li><strong>Transferts internationaux de donn\u00e9es&nbsp;<\/strong><\/li>\n<\/ol>\n\n\n\n<p><strong>Intragroupe&nbsp;<\/strong><\/p>\n\n\n\n<p>En raison de la nature internationale de Cafosa, vos donn\u00e9es personnelles peuvent \u00eatre transf\u00e9r\u00e9es et partag\u00e9es avec le groupe RB, soci\u00e9t\u00e9 \u00e0 laquelle appartient Cafosa et dont les bureaux sont situ\u00e9s en dehors de l\u2019Union europ\u00e9enne. Cafosa prot\u00e8ge ces transferts conform\u00e9ment aux dispositions des accords internationaux de transfert de donn\u00e9es adopt\u00e9s, qui int\u00e8grent les clauses types de protection des donn\u00e9es (Clauses contractuelles types) adopt\u00e9es par la Commission europ\u00e9enne. Pour obtenir une copie des Clauses contractuelles types applicables dans l\u2019UE adopt\u00e9es par Cafosa, veuillez contacter le D\u00e9l\u00e9gu\u00e9 \u00e0 la protection des donn\u00e9es indiqu\u00e9 au d\u00e9but de ce document.<\/p>\n\n\n\n<p><strong>Avec des tiers<\/strong><\/p>\n\n\n\n<p>CAFOSA peut faire appel \u00e0 des fournisseurs situ\u00e9s dans des pays n\u2019appartenant pas \u00e0 l\u2019Espace \u00e9conomique europ\u00e9en, sur la base de d\u00e9cisions d\u2019ad\u00e9quation de la Commission europ\u00e9enne. Dans ce cas, le pays est consid\u00e9r\u00e9 comme ayant une r\u00e9glementation \u00e9quivalente \u00e0 la r\u00e9glementation europ\u00e9enne. Dans le cas o\u00f9 CAFOSA devrait faire appel \u00e0 des fournisseurs situ\u00e9s dans des pays qui ne disposent pas d\u2019une r\u00e9glementation \u00e9quivalente \u00e0 celle de l\u2019Union europ\u00e9enne, son contrat inclura toutes les garanties et les mesures de protection requises par la r\u00e9glementation en mati\u00e8re de confidentialit\u00e9, apr\u00e8s avoir v\u00e9rifi\u00e9 la l\u00e9gislation du pays de destination.&nbsp;<\/p>\n\n\n\n<p>Ces garanties peuvent consister en l\u2019application de clauses contractuelles et de garanties suppl\u00e9mentaires, conform\u00e9ment \u00e0 la r\u00e9glementation de chaque pays de destination, ou de r\u00e8gles d\u2019entreprise contraignantes approuv\u00e9es par les autorit\u00e9s charg\u00e9es de la protection des donn\u00e9es. Nous vous informons \u00e9galement que nous sommes autoris\u00e9s par la loi \u00e0 transmettre vos donn\u00e9es \u00e0 ces pays si cela est n\u00e9cessaire pour que nous puissions remplir nos obligations d\u00e9coulant du service que vous nous demandez.<\/p>\n\n\n\n<p>Pour en savoir plus sur les garanties en mati\u00e8re de confidentialit\u00e9, ou sur les pays de destination vers lesquels nous devons transf\u00e9rer vos donn\u00e9es afin de remplir nos obligations contractuelles \u00e0 votre \u00e9gard, vous pouvez contacter CAFOSA aux adresses indiqu\u00e9es dans la section \u00ab&nbsp;Exercice des droits&nbsp;\u00bb de la pr\u00e9sente Politique de confidentialit\u00e9.<\/p>\n\n\n\n<ol class=\"wp-block-list\" start=\"5\">\n<li><strong>D\u00e9cisions automatis\u00e9es et \u00e9laboration de profils<\/strong><\/li>\n<\/ol>\n\n\n\n<p>Cafosa n\u2019effectue aucun traitement de donn\u00e9es impliquant une prise de d\u00e9cision automatis\u00e9e.<\/p>\n\n\n\n<p>Dans le cadre de nos processus de recrutement, Cafosa traite vos donn\u00e9es d\u2019identification de base, votre \u00e9valuation bas\u00e9e sur les comp\u00e9tences, afin d\u2019\u00e9valuer votre aptitude \u00e0 r\u00e9pondre aux offres d\u2019emploi publi\u00e9es. Pour r\u00e9aliser cette finalit\u00e9 du traitement, il est n\u00e9cessaire de cr\u00e9er un profil li\u00e9 aux donn\u00e9es personnelles identifi\u00e9es ci-dessus. Le profil \u00e9tabli est peu d\u00e9taill\u00e9 et n\u2019est r\u00e9alis\u00e9 que pour analyser les aspects relatifs \u00e0 votre aptitude \u00e0 occuper l\u2019emploi en question, car il est n\u00e9cessaire \u00e0 l\u2019ex\u00e9cution du contrat de travail qui vous est propos\u00e9 par Cafosa.<\/p>\n\n\n\n<ol class=\"wp-block-list\" start=\"6\">\n<li><strong>P\u00e9riode de conservation de vos donn\u00e9es.<\/strong><\/li>\n<\/ol>\n\n\n\n<p>Nous conserverons vos donn\u00e9es personnelles aussi longtemps que nous en aurons besoin aux fins pour lesquelles nous les avons collect\u00e9es et pour nous conformer aux exigences l\u00e9gales, financi\u00e8res, commerciales ou en mati\u00e8re de rapports. Dans certaines circonstances, nous pouvons anonymiser les donn\u00e9es personnelles afin qu\u2019elles ne soient pas identifiables et que nous puissions continuer \u00e0 les utiliser. Lorsque nous n\u2019avons plus besoin des donn\u00e9es \u00e0 caract\u00e8re personnel, nous les supprimons ou les d\u00e9truisons en toute s\u00e9curit\u00e9.<\/p>\n\n\n\n<p>Cafosa conservera les donn\u00e9es collect\u00e9es aux fins susmentionn\u00e9es pendant toute la dur\u00e9e de votre relation avec Cafosa et, m\u00eame apr\u00e8s, jusqu\u2019\u00e0 l\u2019expiration de toute responsabilit\u00e9 juridique en d\u00e9coulant.<\/p>\n\n\n\n<p>Dans le cas o\u00f9 vous pr\u00e9sentez votre candidature, vos donn\u00e9es seront conserv\u00e9es pendant une p\u00e9riode d\u2019un an \u00e0 compter de la date \u00e0 laquelle elles ont \u00e9t\u00e9 collect\u00e9es. Ensuite, vos donn\u00e9es seront supprim\u00e9es ou rendues anonymes, \u00e0 moins que vous ne nous donniez votre consentement expr\u00e8s, auquel cas les donn\u00e9es personnelles seront conserv\u00e9es aussi longtemps que vous ne retirerez pas votre consentement<\/p>\n\n\n\n<ol class=\"wp-block-list\" start=\"7\">\n<li><strong>Exercice des droits.<\/strong><\/li>\n<\/ol>\n\n\n\n<p>Vous pouvez exercer vos droits d\u2019acc\u00e8s, de rectification, d\u2019effacement et de portabilit\u00e9, de limitation et\/ou d\u2019opposition au traitement, aux adresses postale et \u00e9lectroniques indiqu\u00e9es au d\u00e9but du document.<\/p>\n\n\n\n<p>En outre, si vous estimez que le traitement de vos donn\u00e9es personnelles est contraire \u00e0 la loi ou \u00e0 vos droits en mati\u00e8re de confidentialit\u00e9, vous pouvez d\u00e9poser une plainte&nbsp;:<\/p>\n\n\n\n<ul class=\"wp-block-list\">\n<li>Par l\u2019interm\u00e9diaire des adresses postale et \u00e9lectronique indiqu\u00e9es ci-dessus, ou<\/li>\n\n\n\n<li>Aupr\u00e8s de l\u2019Agence espagnole de protection des donn\u00e9es, par l\u2019interm\u00e9diaire de son si\u00e8ge \u00e9lectronique ou de son adresse postale.<\/li>\n<\/ul>\n\n\n\n<ol class=\"wp-block-list\" start=\"8\">\n<li><strong>Mise \u00e0 jour de la politique de confidentialit\u00e9<\/strong><\/li>\n<\/ol>\n\n\n\n<p>Cafosa se r\u00e9serve le droit de r\u00e9viser la pr\u00e9sente Politique de confidentialit\u00e9 \u00e0 tout moment qu\u2019elle juge appropri\u00e9, afin de refl\u00e9ter les changements r\u00e9glementaires, les meilleures pratiques ou de mettre \u00e0 jour les activit\u00e9s de traitement des donn\u00e9es \u00e0 caract\u00e8re personnel. Vous serez inform\u00e9 de ces mises \u00e0 jour conform\u00e9ment aux exigences de la loi si vos droits sont sensiblement affect\u00e9s \u00e0 la suite d\u2019un tel changement ou d\u2019une telle mise \u00e0 jour.&nbsp;<\/p>\n<\/div><\/div><\/div>\n","protected":false},"excerpt":{"rendered":"","protected":false},"author":1,"featured_media":0,"parent":0,"menu_order":0,"comment_status":"closed","ping_status":"closed","template":"","meta":{"_eb_attr":"","footnotes":""},"class_list":["post-1344","page","type-page","status-publish","hentry"],"featured_image_src":null,"featured_image_src_square":null,"_links":{"self":[{"href":"https:\/\/www.cafosa.com\/fr\/wp-json\/wp\/v2\/pages\/1344","targetHints":{"allow":["GET"]}}],"collection":[{"href":"https:\/\/www.cafosa.com\/fr\/wp-json\/wp\/v2\/pages"}],"about":[{"href":"https:\/\/www.cafosa.com\/fr\/wp-json\/wp\/v2\/types\/page"}],"author":[{"embeddable":true,"href":"https:\/\/www.cafosa.com\/fr\/wp-json\/wp\/v2\/users\/1"}],"replies":[{"embeddable":true,"href":"https:\/\/www.cafosa.com\/fr\/wp-json\/wp\/v2\/comments?post=1344"}],"version-history":[{"count":3,"href":"https:\/\/www.cafosa.com\/fr\/wp-json\/wp\/v2\/pages\/1344\/revisions"}],"predecessor-version":[{"id":1402,"href":"https:\/\/www.cafosa.com\/fr\/wp-json\/wp\/v2\/pages\/1344\/revisions\/1402"}],"wp:attachment":[{"href":"https:\/\/www.cafosa.com\/fr\/wp-json\/wp\/v2\/media?parent=1344"}],"curies":[{"name":"wp","href":"https:\/\/api.w.org\/{rel}","templated":true}]}}