{"id":1346,"date":"2023-09-13T10:21:46","date_gmt":"2023-09-13T13:21:46","guid":{"rendered":"https:\/\/www.cafosa.com\/?page_id=1346"},"modified":"2023-10-09T23:06:11","modified_gmt":"2023-10-10T02:06:11","slug":"politiques-des-cookies","status":"publish","type":"page","link":"https:\/\/www.cafosa.com\/fr\/politiques-des-cookies\/","title":{"rendered":"Politiques des cookies"},"content":{"rendered":"\n<div style=\"padding-left:4%;padding-right:4%;padding-bottom:2%;padding-top:2%\" class=\"wp-block-genesis-blocks-gb-container gb-block-container\"><div class=\"gb-container-inside\"><div class=\"gb-container-content\" style=\"max-width:1200px\">\n<h1 class=\"wp-block-heading pb-4\">Politiques des cookies<\/h1>\n\n\n\n<h3 class=\"wp-block-heading\">Le pr\u00e9sent avis contient des informations sur les cookies, ce que nous faisons avec les cookies, les cookies qui peuvent \u00eatre install\u00e9s lorsque vous visitez un site Internet Cafosa et la mani\u00e8re de refuser ou supprimer ces cookies.<\/h3>\n\n\n\n<p><strong>Que sont les cookies ?<\/strong><\/p>\n\n\n\n<p>Les cookies sont des fichiers de donn\u00e9es qu\u2019un site Internet envoie sur votre ordinateur lorsque vous visualisez le site. Ces fichiers de donn\u00e9es comprennent des informations qui permettent au site de se souvenir des informations importantes qui vous permettront d\u2019utiliser d\u2019une mani\u00e8re plus efficace le site. Nos sites utilisent des cookies \u00e0 de nombreuses fins. Nous utilisons la technologie des cookies et les adresses IP pour obtenir des informations sur les visiteurs en ligne et \u00e9galement pour fournir aux visiteurs abonn\u00e9s la meilleure exp\u00e9rience en ligne personnalis\u00e9e.<\/p>\n\n\n\n<h2 class=\"wp-block-heading\">Comment utilisons-nous les cookies&nbsp;?<\/h2>\n\n\n\n<p>Les visiteurs de nos sites utilisent diff\u00e9rents navigateurs Internet et diff\u00e9rents ordinateurs. Pour rendre vos visites aussi faciles que possible, avec la technologie que vous utilisez, nous suivons automatiquement le type de navigateur (p. ex. Internet Explorer) et le syst\u00e8me d\u2019exploitation (p. ex. Windows, Mac) utilis\u00e9 par un visiteur avec le nom de domaine du fournisseur d\u2019acc\u00e8s \u00e0 Internet du visiteur. Nous suivons \u00e9galement le nombre total de visiteurs sur notre site sous une forme agr\u00e9g\u00e9e pour nous permettre de mettre \u00e0 jour et d\u2019am\u00e9liorer nos sites ; des informations personnellement identifiables ne sont pas extraite dans ce processus. Ces donn\u00e9es nous indiquent si davantage de visiteurs pr\u00e9f\u00e8rent certaines fonctionnalit\u00e9s ou domaines \u00e0 d\u2019autres, ce qui nous aide \u00e0 actualiser notre site et le rendre int\u00e9ressant pour la majorit\u00e9 de nos visiteurs. Nous utilisons \u00e9galement des cookies pour emp\u00eacher les enfants d\u2019acc\u00e9der \u00e0 certaines zones ou fonctionnalit\u00e9s ne visant que les adultes ou les adolescents.<\/p>\n\n\n\n<h2 class=\"wp-block-heading\">Comment utilisons-nous les cookies pour personnaliser votre exp\u00e9rience sur nos sites ?<\/h2>\n\n\n\n<p>La technologie des cookies nous permet de fournir des contenus sur mesure en fonction des int\u00e9r\u00eats d\u2019un visiteur et de rendre les commandes de produits, la participation \u00e0 des loteries et concours et d\u2019autres fonctions sur nos sites plus simples pour nos visiteurs. Les sites qui proposent des achats en ligne utilisent des cookies pour se souvenir des articles de votre panier et les traiter. Si cela est appropri\u00e9 au titre de nos pratiques et de nos politiques, nous pouvons associer des informations personnelles \u00e0 un fichier de cookies.<\/p>\n\n\n\n<h2 class=\"wp-block-heading\">Les diff\u00e9rents types de cookies que nous utilisons<\/h2>\n\n\n\n<p>Les cookies que nous utilisons reposent sur le guide de la Chambre de commerce internationale sur les cat\u00e9gories de cookies&nbsp;: Strictement N\u00e9cessaire, Performance, Fonctionnalit\u00e9 et Ciblage.<\/p>\n\n\n\n<p><strong>Les cookies \u00ab\u2009&nbsp;strictement n\u00e9cessaires&nbsp;\u2009\u00bb&nbsp;<\/strong>vous permettent de vous d\u00e9placer sur le site Internet et d\u2019utiliser les fonctionnalit\u00e9s essentielles telles que les zones s\u00e9curis\u00e9es, les paniers et la facturation en ligne. Ces cookies ne collectent pas d\u2019informations \u00e0 votre sujet pouvant \u00eatre utilis\u00e9es pour le marketing ou se souvenir des zones que vous avez visit\u00e9es sur Internet. Nous utilisons les cookies Strictement N\u00e9cessaires pour&nbsp;:<\/p>\n\n\n\n<ol class=\"wp-block-list\">\n<li>nous souvenir d\u2019\u00e9l\u00e9ments tels que les informations que vous avez saisies sur les formulaires de commande lorsque vous naviguez sur diff\u00e9rentes pages d\u2019une session de votre navigateur&nbsp;;<\/li>\n\n\n\n<li>se souvenir des marchandises et services que vous avez command\u00e9s lorsque vous acc\u00e9dez \u00e0 la page de sortie&nbsp;;<\/li>\n\n\n\n<li>vous identifier en tant qu\u2019utilisateur connect\u00e9 \u00e0 un site Internet de Health in Gum ;<\/li>\n\n\n\n<li>nous assurer que vous vous connectez au bon service sur votre site Internet lorsque nous proc\u00e9dons aux modifications de la fa\u00e7on dont le site Internet fonctionne.<\/li>\n<\/ol>\n\n\n\n<p>Les cookies que nous avons d\u00e9finis comme \u00ab\u2009&nbsp;Strictement N\u00e9cessaires&nbsp;\u2009\u00bb ne seront&nbsp;<strong>PAS<\/strong>&nbsp;utilis\u00e9s pour :<\/p>\n\n\n\n<ol class=\"wp-block-list\">\n<li>collecter des informations pouvant servir \u00e0 faire de la publicit\u00e9 pour nos produits ou services \u00e0 votre attention&nbsp;;<\/li>\n\n\n\n<li>nous souvenir de vos pr\u00e9f\u00e9rences ou de votre identifiant au-del\u00e0 de votre visite actuelle.<\/li>\n<\/ol>\n\n\n\n<p>Les&nbsp;<strong>\u00ab&nbsp;\u2009Cookies de performance\u2009&nbsp;\u00bb&nbsp;<\/strong>collectent des informations sur la fa\u00e7on dont vous utilisez notre site Web, par exemple les pages que vous visitez et si vous rencontrez toute erreur. Ces cookies ne collectent pas d\u2019informations pouvant vous identifier&nbsp;; toutes les informations collect\u00e9es sont anonymes et ont pour unique objectif d\u2019am\u00e9liorer la fa\u00e7on dont le site Internet fonctionne, comprendre ce qui int\u00e9resse nos utilisateurs et mesurer l\u2019efficacit\u00e9 de nos publicit\u00e9s. Nous utilisons les cookies de performance pour :<\/p>\n\n\n\n<ol class=\"wp-block-list\">\n<li>fournir des statistiques sur la fa\u00e7on dont notre site Internet est utilis\u00e9 ;<\/li>\n\n\n\n<li>\u00e9tudier l\u2019efficacit\u00e9 de nos publicit\u00e9s (nous n\u2019utilisons pas ces informations pour cibler des publicit\u00e9s lorsque vous visitez d\u2019autres sites Internet)&nbsp;;<\/li>\n\n\n\n<li>nous aider \u00e0 am\u00e9liorer les sites Internet en mesurant toute erreur&nbsp;;<\/li>\n\n\n\n<li>tester les diff\u00e9rents designs de notre site Internet.<\/li>\n<\/ol>\n\n\n\n<p>Les cookies que nous avons d\u00e9finis comme \u00ab\u2009&nbsp;de Performance&nbsp;\u2009\u00bb ne seront&nbsp;<strong>PAS<\/strong>&nbsp;utilis\u00e9s pour :<\/p>\n\n\n\n<ol class=\"wp-block-list\">\n<li>collecter des informations pouvant servir \u00e0 faire de la publicit\u00e9 pour nos produits ou services \u00e0 votre attention sur d\u2019autres sites Internet&nbsp;;<\/li>\n\n\n\n<li>nous souvenir de vos pr\u00e9f\u00e9rences ou de votre identifiant au-del\u00e0 de votre visite actuelle.<\/li>\n\n\n\n<li>cibler des publicit\u00e9s sur vous sur tout autre site Internet.<\/li>\n<\/ol>\n\n\n\n<p>Les&nbsp;<strong>\u00ab\u2009&nbsp;cookies de fonctionnalit\u00e9\u2009&nbsp;\u00bb<\/strong>&nbsp;servent \u00e0 fournir des services ou pour enregistrer des configurations pour am\u00e9liorer votre visite. Nous utilisons les cookies de \u00ab\u2009&nbsp;fonctionnalit\u00e9\u2009&nbsp;\u00bb pour&nbsp;:<\/p>\n\n\n\n<ol class=\"wp-block-list\">\n<li>nous souvenir des configurations que vous avez utilis\u00e9es, telles que la mise en page, taille du texte, r\u00e9f\u00e9rences et couleurs&nbsp;;<\/li>\n\n\n\n<li>nous souvenir si nous vous avons d\u00e9j\u00e0 demand\u00e9 de r\u00e9pondre \u00e0 un questionnaire d\u2019enqu\u00eate&nbsp;;<\/li>\n\n\n\n<li>nous indiquer si vous \u00eates connect\u00e9(e) sur notre site&nbsp;;<\/li>\n\n\n\n<li>partager des informations avec des partenaires pour fournir un service sur notre site. Les informations partag\u00e9es ne servent qu\u2019\u00e0 fournir le service, le produit ou la fonction et n\u2019ont aucune autre finalit\u00e9.<\/li>\n<\/ol>\n\n\n\n<p>Les cookies que nous avons d\u00e9finis comme \u00ab\u2009&nbsp;de Fonctionnalit\u00e9\u2009&nbsp;\u2009\u00bb ne seront&nbsp;<strong>PAS<\/strong>&nbsp;utilis\u00e9s pour :<\/p>\n\n\n\n<p>1. vous cibler avec des publicit\u00e9s sur d\u2019autres sites Internet<\/p>\n\n\n\n<p>Les&nbsp;<strong>cookies de \u00ab\u2009&nbsp;ciblage&nbsp;\u2009\u00bb<\/strong>&nbsp;sont reli\u00e9s \u00e0 des services fournis par des tiers, tels que les boutons \u00ab\u2009&nbsp;J\u2019aime&nbsp;\u2009\u00bb (Like) et les boutons \u00ab\u2009&nbsp;partager&nbsp;\u2009\u00bb (Share). Le tiers fournit ces services en retour pour reconna\u00eetre que vous avez visit\u00e9 notre site Internet. Nous utilisons les cookies de \u00ab&nbsp;\u2009Ciblage&nbsp;\u2009\u00bb pour&nbsp;:<\/p>\n\n\n\n<ol class=\"wp-block-list\">\n<li>r\u00e9aliser des liens avec les r\u00e9seaux sociaux tels que Facebook, qui peuvent ensuite utiliser des informations sur votre visite pour cibler de la publicit\u00e9 pour vous sur d\u2019autres sites Web ;<\/li>\n\n\n\n<li>fournir des informations sur votre visite \u00e0 des agences de publicit\u00e9 afin de leur permettre de vous pr\u00e9senter des publicit\u00e9s qui peuvent vous int\u00e9resser.<\/li>\n<\/ol>\n\n\n\n<h2 class=\"wp-block-heading\">Que sont les balises Web et comment les utilisons-nous ?<\/h2>\n\n\n\n<p>Certaines de nos pages Internet et informations par e-mail peuvent contenir des images \u00e9lectroniques intitul\u00e9es Balises Web, parfois d\u00e9nomm\u00e9es GIF 1 pixel, GIF invisibles, ou balises 1 pixel. Sur les sites, elles permettent de compter les visiteurs ayant visualis\u00e9 nos pages. Dans les messages email\/newsletters de promotion, elles nous permettent de compter combien d\u2019abonn\u00e9s les ont lues. Les balises Web nous permettent de d\u00e9velopper des informations statistiques sur les activit\u00e9s et les fonctionnalit\u00e9s qui int\u00e9ressent le plus nos clients afin de leur proposer davantage de contenu personnalis\u00e9. Elles ne sont pas utilis\u00e9es pour acc\u00e9der \u00e0 vos donn\u00e9es personnelles sans votre consentement.<\/p>\n\n\n\n<h2 class=\"wp-block-heading\">Comment se d\u00e9sabonner des cookies ?<\/h2>\n\n\n\n<p>Si vous ne souhaitez pas de cookie, vous pouvez param\u00e9trer votre ordinateur pour vous avertir \u00e0 chaque fois qu\u2019un cookie est envoy\u00e9 ou d\u00e9sactiver tous les cookies via votre navigateur (par ex. Internet Explorer ou Firefox). Acc\u00e9dez au menu d\u2019aide de votre navigateur pour en savoir plus sur la modification ou la mise \u00e0 jour des cookies.<\/p>\n\n\n\n<p>Sinon, vous pouvez visiter&nbsp;<a href=\"http:\/\/www.aboutcookies.org\/\">www.aboutcookies.org&nbsp;<\/a>qui comprend des informations compl\u00e8tes sur la fa\u00e7on de proc\u00e9der sur de nombreux navigateurs. Vous trouverez \u00e9galement des d\u00e9tails sur la fa\u00e7on de supprimer les cookies de votre ordinateur et des informations plus g\u00e9n\u00e9rales sur les cookies. Pour des informations \u00e0 ce sujet sur le navigateur de votre t\u00e9l\u00e9phone mobile, vous devez consulter le manuel de votre appareil.<\/p>\n\n\n\n<p>Sachez que l\u2019interdiction des cookies peut avoir un impact sur la fonctionnalit\u00e9 des sites Internet de Cafosa.<\/p>\n\n\n\n<p>Vous trouvez ici une liste des cookies sp\u00e9cifiques utilis\u00e9s par le site Internet&nbsp;<a href=\"https:\/\/www.cafosa.com\/\">www.cafosa.com<\/a>. Tous servent pour des analyses&nbsp;:<\/p>\n\n\n\n<figure class=\"wp-block-table\"><table><tbody><tr><td>_utma<\/td><td>Ce cookie enregistre le nombre de fois qu\u2019un utilisateur est venu sur un site, la premi\u00e8re fois que l\u2019utilisateur a acc\u00e9d\u00e9 au site et le moment de sa premi\u00e8re session.<\/td><\/tr><tr><td>_utmb<\/td><td>Ce cookie enregistre l\u2019heure \u00e0 laquelle l\u2019utilisateur acc\u00e8de au site Internet.<\/td><\/tr><tr><td>_utmc<\/td><td>Ce cookie aide \u00e0 calculer la dur\u00e9e de visite de chaque utilisateur et stocke l\u2019heure \u00e0 laquelle l\u2019utilisateur quitte la page.<\/td><\/tr><tr><td>_utmz<\/td><td>Ce cookie garde une trace du lieu d\u2019o\u00f9 vient l\u2019utilisateur, le moteur de recherche qui a \u00e9t\u00e9 utilis\u00e9, le lien qui a \u00e9t\u00e9 cliqu\u00e9, les mots cl\u00e9s qui ont \u00e9t\u00e9 utilis\u00e9s et la r\u00e9gion du monde d\u2019acc\u00e8s \u00e0 la page.<\/td><\/tr><tr><td>_utmv<\/td><td>Ce cookie est uniquement utilis\u00e9 lorsque des variables personnalis\u00e9s sont utilis\u00e9es, par exemple pour segmenter des donn\u00e9es d\u00e9mographiques comme le sexe ou l\u2019\u00e2ge de l\u2019utilisateur obtenues \u00e0 partir des donn\u00e9es d\u2019enregistrement.<\/td><\/tr><\/tbody><\/table><\/figure>\n<\/div><\/div><\/div>\n","protected":false},"excerpt":{"rendered":"","protected":false},"author":1,"featured_media":0,"parent":0,"menu_order":0,"comment_status":"closed","ping_status":"closed","template":"","meta":{"_eb_attr":"","footnotes":""},"class_list":["post-1346","page","type-page","status-publish","hentry"],"featured_image_src":null,"featured_image_src_square":null,"_links":{"self":[{"href":"https:\/\/www.cafosa.com\/fr\/wp-json\/wp\/v2\/pages\/1346","targetHints":{"allow":["GET"]}}],"collection":[{"href":"https:\/\/www.cafosa.com\/fr\/wp-json\/wp\/v2\/pages"}],"about":[{"href":"https:\/\/www.cafosa.com\/fr\/wp-json\/wp\/v2\/types\/page"}],"author":[{"embeddable":true,"href":"https:\/\/www.cafosa.com\/fr\/wp-json\/wp\/v2\/users\/1"}],"replies":[{"embeddable":true,"href":"https:\/\/www.cafosa.com\/fr\/wp-json\/wp\/v2\/comments?post=1346"}],"version-history":[{"count":1,"href":"https:\/\/www.cafosa.com\/fr\/wp-json\/wp\/v2\/pages\/1346\/revisions"}],"predecessor-version":[{"id":1347,"href":"https:\/\/www.cafosa.com\/fr\/wp-json\/wp\/v2\/pages\/1346\/revisions\/1347"}],"wp:attachment":[{"href":"https:\/\/www.cafosa.com\/fr\/wp-json\/wp\/v2\/media?parent=1346"}],"curies":[{"name":"wp","href":"https:\/\/api.w.org\/{rel}","templated":true}]}}