{"id":15403,"date":"2023-11-20T08:47:23","date_gmt":"2023-11-20T07:47:23","guid":{"rendered":"https:\/\/www.cafosa.com\/?page_id=15403"},"modified":"2023-12-05T15:08:00","modified_gmt":"2023-12-05T14:08:00","slug":"aligneur-de-chewing-gum","status":"publish","type":"page","link":"https:\/\/www.cafosa.com\/fr\/aligneur-de-chewing-gum\/","title":{"rendered":"Aligneur de Chewing-Gum"},"content":{"rendered":"\n<div style=\"background-color:#e6f2f3\" class=\"wp-block-genesis-blocks-gb-container p-0 container-banner gb-block-container\"><div class=\"gb-container-inside\"><div class=\"gb-container-content\">\n<div class=\"wp-block-columns is-layout-flex wp-container-core-columns-is-layout-9d6595d7 wp-block-columns-is-layout-flex\">\n<div class=\"wp-block-column is-layout-flow wp-block-column-is-layout-flow\">\n<figure class=\"wp-block-image size-full\"><img loading=\"lazy\" decoding=\"async\" width=\"1018\" height=\"405\" src=\"https:\/\/www.cafosa.com\/wp-content\/uploads\/2023\/11\/Sin-titulo-2-1.png\" alt=\"\" class=\"wp-image-15376\" srcset=\"https:\/\/www.cafosa.com\/wp-content\/uploads\/2023\/11\/Sin-titulo-2-1.png 1018w, https:\/\/www.cafosa.com\/wp-content\/uploads\/2023\/11\/Sin-titulo-2-1-300x119.png 300w, https:\/\/www.cafosa.com\/wp-content\/uploads\/2023\/11\/Sin-titulo-2-1-768x306.png 768w\" sizes=\"auto, (max-width: 1018px) 100vw, 1018px\" \/><\/figure>\n<\/div>\n\n\n\n<div class=\"wp-block-column is-vertically-aligned-center is-layout-flow wp-block-column-is-layout-flow\"><style>@media only screen and (max-width: 1200px) {.gb-69d0e1f5c2914{font-size: 40px!important;}}@media only screen and (max-width: 600px) {.gb-69d0e1f5c2914{font-size: 40px!important;}}<\/style>\n<h1 class=\"gb-69d0e1f5c2914 wp-block-heading has-text-align-center\" style=\"font-size:54px\">Aligneur de Chewing-gum<\/h1>\n\n\n\n<p class=\"has-text-align-center has-medium-font-size\"><\/p>\n<\/div>\n<\/div>\n<\/div><\/div><\/div>\n\n\n\n<div style=\"padding-left:2%;padding-right:2%;padding-bottom:4%;padding-top:5%\" class=\"wp-block-genesis-blocks-gb-container gb-block-container\"><div class=\"gb-container-inside\"><div class=\"gb-container-content\" style=\"max-width:1200px\">\n<div class=\"wp-block-columns is-layout-flex wp-container-core-columns-is-layout-9d6595d7 wp-block-columns-is-layout-flex\">\n<div class=\"wp-block-column light is-layout-flow wp-block-column-is-layout-flow\"><style>@media only screen and (max-width: 1200px) {.gb-69d0e1f5c6bd6{font-size: 30px!important;}}@media only screen and (max-width: 600px) {.gb-69d0e1f5c6bd6{font-size: 25px!important;}}<\/style>\n<h2 class=\"gb-69d0e1f5c6bd6 wp-block-heading has-text-align-center\" style=\"font-size:40px\">M\u00e2chez du chewing-gum avec des aligneurs!<\/h2>\n\n\n\n<p class=\"has-text-align-center\">Les personnes qui portent des <strong>goutti\u00e8res invisibles<\/strong> sont int\u00e9ress\u00e9es par le <strong>chewing-gum<\/strong> pour ses avantages en termes de <strong>rafra\u00eechissement de l\u2019haleine<\/strong> et d<strong>\u2019hygi\u00e8ne bucco-dentaire<\/strong>, mais aussi parce qu\u2019il soulage l\u2019<strong>envie de manger<\/strong> lorsque l\u2019on porte les goutti\u00e8res pendant de longues p\u00e9riodes.<\/p>\n\n\n\n<p class=\"has-text-align-center\"><strong>Cependant<\/strong>, les <strong>chewing-gums<\/strong> conventionnels <strong>sur le march\u00e9 collent aux goutti\u00e8res<\/strong>\u2026<\/p>\n\n\n\n<p class=\"has-text-align-center\"><strong>Cafosa<\/strong> a d\u00e9velopp\u00e9 un nouveau <strong>chewing-gum Aligner<\/strong> qui peut \u00eatre m\u00e2ch\u00e9 \u00e0 <strong>tout moment et n\u2019importe o\u00f9<\/strong> pendant le port des goutti\u00e8res.<\/p>\n<\/div>\n<\/div>\n<\/div><\/div><\/div>\n\n\n\n<div style=\"padding-left:2%;padding-right:2%;padding-bottom:10.5%;padding-top:2.5%\" class=\"wp-block-genesis-blocks-gb-container gb-block-container\"><div class=\"gb-container-inside\"><div class=\"gb-container-content\" style=\"max-width:1000px\">\n<div class=\"wp-block-columns is-layout-flex wp-container-core-columns-is-layout-9d6595d7 wp-block-columns-is-layout-flex\">\n<div class=\"wp-block-column is-layout-flow wp-block-column-is-layout-flow\"><div class=\"wp-block-image\">\n<figure class=\"aligncenter size-full is-resized\"><img loading=\"lazy\" decoding=\"async\" width=\"1454\" height=\"488\" src=\"https:\/\/www.cafosa.com\/wp-content\/uploads\/2023\/11\/puas-FR.png\" alt=\"\" class=\"wp-image-15458\" style=\"width:858px;height:auto\" srcset=\"https:\/\/www.cafosa.com\/wp-content\/uploads\/2023\/11\/puas-FR.png 1454w, https:\/\/www.cafosa.com\/wp-content\/uploads\/2023\/11\/puas-FR-300x101.png 300w, https:\/\/www.cafosa.com\/wp-content\/uploads\/2023\/11\/puas-FR-1024x344.png 1024w, https:\/\/www.cafosa.com\/wp-content\/uploads\/2023\/11\/puas-FR-768x258.png 768w\" sizes=\"auto, (max-width: 1454px) 100vw, 1454px\" \/><\/figure>\n<\/div><\/div>\n<\/div>\n<\/div><\/div><\/div>\n\n\n\n<div style=\"background-color:#f2f9f9;padding-left:2%;padding-right:2%;padding-bottom:4%;padding-top:4%\" class=\"wp-block-genesis-blocks-gb-container gb-block-container\"><div class=\"gb-container-inside\"><div class=\"gb-container-content\"><style>@media only screen and (max-width: 1200px) {.gb-69d0e1f5ca796{font-size: 30px!important;}}@media only screen and (max-width: 600px) {.gb-69d0e1f5ca796{font-size: 25px!important;}}<\/style>\n<h2 class=\"gb-69d0e1f5ca796 wp-block-heading has-text-align-center\" style=\"font-size:40px\"><br>Demandez votre \u00e9chantillon<\/h2>\n\n\n\n<div class=\"wp-block-buttons is-content-justification-center is-layout-flex wp-container-core-buttons-is-layout-16018d1d wp-block-buttons-is-layout-flex\">\n<div class=\"wp-block-button has-custom-font-size btn-primary has-small-font-size\"><a class=\"wp-block-button__link has-background wp-element-button\" href=\"https:\/\/www.cafosa.com\/fr\/\" style=\"background-color:#128a3a\">Contact<\/a><\/div>\n<\/div>\n<\/div><\/div><\/div>\n","protected":false},"excerpt":{"rendered":"","protected":false},"author":1,"featured_media":0,"parent":0,"menu_order":0,"comment_status":"closed","ping_status":"closed","template":"","meta":{"_eb_attr":"","footnotes":""},"class_list":["post-15403","page","type-page","status-publish","hentry"],"featured_image_src":null,"featured_image_src_square":null,"_links":{"self":[{"href":"https:\/\/www.cafosa.com\/fr\/wp-json\/wp\/v2\/pages\/15403","targetHints":{"allow":["GET"]}}],"collection":[{"href":"https:\/\/www.cafosa.com\/fr\/wp-json\/wp\/v2\/pages"}],"about":[{"href":"https:\/\/www.cafosa.com\/fr\/wp-json\/wp\/v2\/types\/page"}],"author":[{"embeddable":true,"href":"https:\/\/www.cafosa.com\/fr\/wp-json\/wp\/v2\/users\/1"}],"replies":[{"embeddable":true,"href":"https:\/\/www.cafosa.com\/fr\/wp-json\/wp\/v2\/comments?post=15403"}],"version-history":[{"count":5,"href":"https:\/\/www.cafosa.com\/fr\/wp-json\/wp\/v2\/pages\/15403\/revisions"}],"predecessor-version":[{"id":15603,"href":"https:\/\/www.cafosa.com\/fr\/wp-json\/wp\/v2\/pages\/15403\/revisions\/15603"}],"wp:attachment":[{"href":"https:\/\/www.cafosa.com\/fr\/wp-json\/wp\/v2\/media?parent=15403"}],"curies":[{"name":"wp","href":"https:\/\/api.w.org\/{rel}","templated":true}]}}